{"id":1276,"date":"2023-03-10T09:46:36","date_gmt":"2023-03-10T08:46:36","guid":{"rendered":"https:\/\/www.fandome.nl\/?page_id=1276"},"modified":"2023-03-10T09:46:36","modified_gmt":"2023-03-10T08:46:36","slug":"privacyverklaring","status":"publish","type":"page","link":"https:\/\/www.fandome.nl\/de\/privacyverklaring\/","title":{"rendered":"Erkl\u00e4rung zum Datenschutz"},"content":{"rendered":"<div class=\"head_text\">\n<div class=\"page\" title=\"Seite 1\">\n<div class=\"layoutArea\">\n<div class=\"column\">\n<p><strong>Datenschutzbestimmungen FanDome AvenYou Promotion<\/strong><br \/>\n22. Mai 2018<\/p>\n<p>Ihre Privatsph\u00e4re ist f\u00fcr FanDome AvenYou Promotion von gro\u00dfer Bedeutung. Deshalb halten wir uns an das Datenschutzgesetz. Das bedeutet, dass Ihre Daten bei uns sicher sind und dass wir sie immer richtig verwenden. In dieser Datenschutzerkl\u00e4rung erkl\u00e4ren wir alles, was wir auf der Website www.fandome.nl mit den Informationen tun, die wir \u00fcber Sie erfahren.<\/p>\n<p>Wenn Sie Fragen haben oder genau wissen m\u00f6chten, was wir \u00fcber Sie verfolgen, wenden Sie sich bitte an FanDome AvenYou Promotion.<\/p>\n<p><strong>Auftragsabwicklung<\/strong><\/p>\n<p>Wenn Sie bei uns eine Bestellung aufgeben, verwenden wir Ihre pers\u00f6nlichen Daten, um diese ordnungsgem\u00e4\u00df abzuwickeln. Wir k\u00f6nnen Ihre pers\u00f6nlichen Daten an unseren Lieferdienst weitergeben, damit die Bestellung an Sie ausgeliefert werden kann. Wir erhalten auch Informationen \u00fcber Ihre Zahlung von Ihrer Bank oder Ihrem Kreditkartenunternehmen.<\/p>\n<p>Dazu verwenden wir Ihr Geburtsdatum, Ihren Namen und Ihre Anschrift, Ihr Geschlecht, Ihre E-Mail-Adresse, Ihre Telefonnummer und Ihre Rechnungsanschrift. Wir ben\u00f6tigen diese Daten aufgrund des Vertrags, den wir mit Ihnen schlie\u00dfen. Wir bewahren diese Informationen zwei Jahre lang nach Abschluss Ihrer Bestellung und danach sieben Jahre lang auf (dies ist die gesetzliche Aufbewahrungspflicht).<\/p>\n<p><strong>Statistik und Profilerstellung<\/strong><\/p>\n<p>Wir f\u00fchren Statistiken \u00fcber die Nutzung unserer Website, die es uns erm\u00f6glichen, unsere Website zu verbessern, z. B. indem wir nur relevante Informationen anzeigen. Wir k\u00f6nnen Ihre pers\u00f6nlichen Daten kombinieren, um mehr \u00fcber Sie herauszufinden. Selbstverst\u00e4ndlich respektieren wir Ihre Privatsph\u00e4re zu jeder Zeit. Wenn Sie dies nicht w\u00fcnschen, k\u00f6nnen Sie uns dies jederzeit mitteilen.<\/p>\n<p>Dazu verwenden wir Ihre Telefonnummer, Ihre E-Mail-Adresse, Ihren Namen und Ihre Adressdaten, Ihr Geburtsdatum und Ihr Geschlecht. Wir ben\u00f6tigen diese Angaben aufgrund des Vertrags, den wir mit Ihnen schlie\u00dfen. Wir bewahren diese Informationen ein Jahr lang auf.<\/p>\n<p><strong>Kontaktformular und Newsletter<\/strong><\/p>\n<p>\u00dcber das Kontaktformular k\u00f6nnen Sie uns Fragen stellen oder W\u00fcnsche \u00e4u\u00dfern.<\/p>\n<p>Dazu verwenden wir Ihre E-Mail-Adresse, Ihre Telefonnummer, Ihren Namen und Ihr Geschlecht. Wir ben\u00f6tigen diese Daten aufgrund des Vertrags, den wir mit Ihnen abschlie\u00dfen. Wir bewahren diese Informationen auf, bis wir sicher sind, dass Sie mit unserer Antwort zufrieden sind, und sechs Monate danach. So k\u00f6nnen wir die Daten bei eventuellen R\u00fcckfragen leicht wiederfinden. Au\u00dferdem k\u00f6nnen wir so unseren Kundendienst noch besser schulen.<\/p>\n<p>Sie k\u00f6nnen sich f\u00fcr unseren Newsletter anmelden. Er enth\u00e4lt Neuigkeiten, Tipps und Informationen \u00fcber unsere Produkte und Dienstleistungen. Sie k\u00f6nnen dieses Abonnement jederzeit k\u00fcndigen. Jeder Newsletter enth\u00e4lt einen Link zum Abbestellen. Ihre E-Mail-Adresse wird nur mit Ihrer Zustimmung in die Liste der Abonnenten aufgenommen. Diese Daten werden so lange gespeichert, bis Sie das Abonnement k\u00fcndigen.<\/p>\n<p><strong>Werbung<\/strong><\/p>\n<p>Wir m\u00f6chten Ihnen gerne Werbung \u00fcber Angebote und neue Produkte oder Dienstleistungen schicken. Wir tun dies:<\/p>\n<p>per E-Mail<\/p>\n<\/div>\n<\/div>\n<div class=\"layoutArea\">\n<p>\u00fcber soziale Medien<\/p>\n<\/div>\n<\/div>\n<div class=\"page\" title=\"Seite 2\">\n<div class=\"layoutArea\">\n<div class=\"column\">\n<p>Sie k\u00f6nnen dieser Werbung jederzeit widersprechen. Jede E-Mail enth\u00e4lt einen Link zum Abbestellen. Sie k\u00f6nnen uns blockieren oder die Abmeldeoption nutzen.<\/p>\n<p><strong>Offenlegung gegen\u00fcber anderen Unternehmen oder Institutionen<\/strong><\/p>\n<p>Mit Ausnahme der oben genannten Partner geben wir Ihre personenbezogenen Daten unter keinen Umst\u00e4nden an andere Unternehmen oder Institutionen weiter, es sei denn, wir sind dazu gesetzlich verpflichtet (z.B. wenn die Polizei sie bei Verdacht auf eine Straftat anfordert).<\/p>\n<p><strong>Cookies<\/strong><\/p>\n<p>Unsere Website verwendet Cookies. Cookies sind kleine Dateien, in denen wir Informationen speichern k\u00f6nnen, damit Sie sie nicht jedes Mal neu ausf\u00fcllen m\u00fcssen. Aber sie erm\u00f6glichen es uns auch zu sehen, wann Sie uns wieder besuchen.<\/p>\n<p>Wenn Sie unsere Website zum ersten Mal besuchen, zeigen wir eine Nachricht an, in der wir die Cookies erkl\u00e4ren. Dabei werden wir Sie um Ihre Zustimmung zur Verwendung dieser Cookies bitten.<\/p>\n<p>Sie k\u00f6nnen das Setzen von Cookies \u00fcber Ihren Browser deaktivieren, aber einige Dinge auf unserer Website werden dann nicht mehr richtig funktionieren.<\/p>\n<p>Wir haben Vereinbarungen mit anderen Unternehmen getroffen, die Cookies setzen. Dennoch haben wir keine vollst\u00e4ndige Kontrolle dar\u00fcber, was sie selbst mit den Cookies machen. Bitte lesen Sie daher auch deren Datenschutzerkl\u00e4rungen.<\/p>\n<p><strong>Google Analytics<\/strong><\/p>\n<p>Wir verwenden Google Analytics, um zu verfolgen, wie Besucher unsere Website nutzen. Wir haben mit Google eine Verarbeitungsvereinbarung abgeschlossen. Dieser enth\u00e4lt strenge Vereinbarungen dar\u00fcber, was sie verfolgen d\u00fcrfen. Wir haben Google nicht gestattet, die erhaltenen Analytics-Informationen f\u00fcr andere Google-Dienste zu verwenden. Wir lassen Google die IP-Adressen anonymisieren.<\/p>\n<p><strong>Sicherheit<\/strong><\/p>\n<p>Die Sicherheit personenbezogener Daten ist f\u00fcr uns von gro\u00dfer Bedeutung. Um Ihre Privatsph\u00e4re zu sch\u00fctzen, ergreifen wir die folgenden Ma\u00dfnahmen:<\/p>\n<p>Der Zugang zu pers\u00f6nlichen Daten ist durch einen Benutzernamen und ein Passwort gesch\u00fctzt. Wir verwenden sichere Verbindungen (Secure Sockets Layer oder SSL), die alle Informationen zwischen Ihnen und unserer Website sch\u00fctzen, wenn Sie pers\u00f6nliche Daten eingeben.<\/p>\n<p><strong>\u00c4nderungen an dieser Datenschutzerkl\u00e4rung<\/strong><\/p>\n<p>Wenn sich unsere Website \u00e4ndert, m\u00fcssen wir nat\u00fcrlich auch die Datenschutzerkl\u00e4rung aktualisieren. Achten Sie also immer auf das obige Datum und schauen Sie regelm\u00e4\u00dfig nach neuen Versionen. Wir werden unser Bestes tun, um \u00c4nderungen auch separat anzuk\u00fcndigen.<\/p>\n<p><strong>Zugriff, \u00c4nderung und L\u00f6schung Ihrer Daten<\/strong><\/p>\n<p>Wenn Sie Fragen haben oder wissen m\u00f6chten, welche personenbezogenen Daten wir \u00fcber Sie gespeichert haben, k\u00f6nnen Sie sich jederzeit an uns wenden. Siehe die Kontaktdaten unten.<\/p>\n<p>Sie haben die folgenden Rechte:<\/p>\n<\/div>\n<\/div>\n<\/div>\n<div class=\"page\" title=\"Seite 3\">\n<div class=\"layoutArea\">\n<div class=\"column\">\n<p>eine Erkl\u00e4rung dar\u00fcber zu erhalten, welche pers\u00f6nlichen Daten wir haben und was wir damit tun Zugang zu den genauen pers\u00f6nlichen Daten, die wir haben<br \/>\nFehler korrigieren lassen<br \/>\nL\u00f6schung veralteter personenbezogener Daten<\/p>\n<p>Widerruf der Zustimmung<br \/>\ngegen eine bestimmte Verwendung Einspruch erheben<\/p>\n<p>Stellen Sie sicher, dass Sie immer klar angeben, wer Sie sind, damit wir sicher sein k\u00f6nnen, dass wir nicht die Daten der falschen Person bearbeiten oder l\u00f6schen.<\/p>\n<p><strong>Einreichung einer Beschwerde<\/strong><\/p>\n<p>Wenn Sie das Gef\u00fchl haben, dass wir Ihnen nicht richtig helfen, haben Sie das Recht, eine Beschwerde bei der Aufsichtsbeh\u00f6rde einzureichen. Dies ist die Beh\u00f6rde f\u00fcr personenbezogene Daten.<\/p>\n<p>Kontaktangaben<\/p>\n<p>FanDome AvenYou Promotion Gillissenstraat 10<br \/>\n6369 ER Simpelveld info@fandome.nl<\/p>\n<p>045-5 114403<\/p>\n<\/div>\n<\/div>\n<\/div>\n<\/div>","protected":false},"excerpt":{"rendered":"<p>Privacyverklaring FanDome AvenYou Promotion 22 mei 2018 Je privacy is voor FanDome AvenYou Promotion van groot belang. Wij houden ons dan ook aan de privacywet. Dit betekent dat je gegevens veilig zijn bij ons en dat wij ze altijd netjes gebruiken. In deze privacyverklaring leggen we uit wat we bij de website www.fandome.nl allemaal doen [&hellip;]<\/p>\n","protected":false},"author":1,"featured_media":0,"parent":0,"menu_order":18,"comment_status":"closed","ping_status":"closed","template":"","meta":{"_acf_changed":false,"_monsterinsights_skip_tracking":false,"_monsterinsights_sitenote_active":false,"_monsterinsights_sitenote_note":"","_monsterinsights_sitenote_category":0,"footnotes":""},"class_list":["post-1276","page","type-page","status-publish","hentry"],"acf":[],"yoast_head":"<!-- This site is optimized with the Yoast SEO plugin v27.5 - https:\/\/yoast.com\/product\/yoast-seo-wordpress\/ -->\n<title>Privacyverklaring - FanDome<\/title>\n<meta name=\"robots\" content=\"index, follow, max-snippet:-1, max-image-preview:large, max-video-preview:-1\" \/>\n<link rel=\"canonical\" href=\"https:\/\/www.fandome.nl\/de\/privacyverklaring\/\" \/>\n<meta property=\"og:locale\" content=\"de_DE\" \/>\n<meta property=\"og:type\" content=\"article\" \/>\n<meta property=\"og:title\" content=\"Privacyverklaring - FanDome\" \/>\n<meta property=\"og:description\" content=\"Privacyverklaring FanDome AvenYou Promotion 22 mei 2018 Je privacy is voor FanDome AvenYou Promotion van groot belang. Wij houden ons dan ook aan de privacywet. Dit betekent dat je gegevens veilig zijn bij ons en dat wij ze altijd netjes gebruiken. In deze privacyverklaring leggen we uit wat we bij de website www.fandome.nl allemaal doen [&hellip;]\" \/>\n<meta property=\"og:url\" content=\"https:\/\/www.fandome.nl\/de\/privacyverklaring\/\" \/>\n<meta property=\"og:site_name\" content=\"FanDome\" \/>\n<meta property=\"article:publisher\" content=\"https:\/\/www.facebook.com\/FandomeMerchandising\/?locale=nl_NL\" \/>\n<meta name=\"twitter:card\" content=\"summary_large_image\" \/>\n<meta name=\"twitter:site\" content=\"@FandomeMerchandising\" \/>\n<meta name=\"twitter:label1\" content=\"Gesch\u00e4tzte Lesezeit\" \/>\n\t<meta name=\"twitter:data1\" content=\"5\u00a0Minuten\" \/>\n<script type=\"application\/ld+json\" class=\"yoast-schema-graph\">{\"@context\":\"https:\\\/\\\/schema.org\",\"@graph\":[{\"@type\":\"WebPage\",\"@id\":\"https:\\\/\\\/www.fandome.nl\\\/privacyverklaring\\\/\",\"url\":\"https:\\\/\\\/www.fandome.nl\\\/privacyverklaring\\\/\",\"name\":\"Privacyverklaring - FanDome\",\"isPartOf\":{\"@id\":\"https:\\\/\\\/www.fandome.nl\\\/#website\"},\"datePublished\":\"2023-03-10T08:46:36+00:00\",\"breadcrumb\":{\"@id\":\"https:\\\/\\\/www.fandome.nl\\\/privacyverklaring\\\/#breadcrumb\"},\"inLanguage\":\"de\",\"potentialAction\":[{\"@type\":\"ReadAction\",\"target\":[\"https:\\\/\\\/www.fandome.nl\\\/privacyverklaring\\\/\"]}]},{\"@type\":\"BreadcrumbList\",\"@id\":\"https:\\\/\\\/www.fandome.nl\\\/privacyverklaring\\\/#breadcrumb\",\"itemListElement\":[{\"@type\":\"ListItem\",\"position\":1,\"name\":\"Home\",\"item\":\"https:\\\/\\\/www.fandome.nl\\\/home\\\/\"},{\"@type\":\"ListItem\",\"position\":2,\"name\":\"Privacyverklaring\"}]},{\"@type\":\"WebSite\",\"@id\":\"https:\\\/\\\/www.fandome.nl\\\/#website\",\"url\":\"https:\\\/\\\/www.fandome.nl\\\/\",\"name\":\"FanDome\",\"description\":\"De fanartikelen specialist sinds 2003\",\"publisher\":{\"@id\":\"https:\\\/\\\/www.fandome.nl\\\/#organization\"},\"potentialAction\":[{\"@type\":\"SearchAction\",\"target\":{\"@type\":\"EntryPoint\",\"urlTemplate\":\"https:\\\/\\\/www.fandome.nl\\\/?s={search_term_string}\"},\"query-input\":{\"@type\":\"PropertyValueSpecification\",\"valueRequired\":true,\"valueName\":\"search_term_string\"}}],\"inLanguage\":\"de\"},{\"@type\":\"Organization\",\"@id\":\"https:\\\/\\\/www.fandome.nl\\\/#organization\",\"name\":\"FanDome\",\"url\":\"https:\\\/\\\/www.fandome.nl\\\/\",\"logo\":{\"@type\":\"ImageObject\",\"inLanguage\":\"de\",\"@id\":\"https:\\\/\\\/www.fandome.nl\\\/#\\\/schema\\\/logo\\\/image\\\/\",\"url\":\"https:\\\/\\\/www.fandome.nl\\\/wp-content\\\/uploads\\\/2023\\\/02\\\/fandome.png\",\"contentUrl\":\"https:\\\/\\\/www.fandome.nl\\\/wp-content\\\/uploads\\\/2023\\\/02\\\/fandome.png\",\"width\":518,\"height\":180,\"caption\":\"FanDome\"},\"image\":{\"@id\":\"https:\\\/\\\/www.fandome.nl\\\/#\\\/schema\\\/logo\\\/image\\\/\"},\"sameAs\":[\"https:\\\/\\\/www.facebook.com\\\/FandomeMerchandising\\\/?locale=nl_NL\",\"https:\\\/\\\/x.com\\\/FandomeMerchandising\"]}]}<\/script>\n<!-- \/ Yoast SEO plugin. -->","yoast_head_json":{"title":"Datenschutzerkl\u00e4rung - FanDome","robots":{"index":"index","follow":"follow","max-snippet":"max-snippet:-1","max-image-preview":"max-image-preview:large","max-video-preview":"max-video-preview:-1"},"canonical":"https:\/\/www.fandome.nl\/de\/privacyverklaring\/","og_locale":"de_DE","og_type":"article","og_title":"Privacyverklaring - FanDome","og_description":"Privacyverklaring FanDome AvenYou Promotion 22 mei 2018 Je privacy is voor FanDome AvenYou Promotion van groot belang. Wij houden ons dan ook aan de privacywet. Dit betekent dat je gegevens veilig zijn bij ons en dat wij ze altijd netjes gebruiken. In deze privacyverklaring leggen we uit wat we bij de website www.fandome.nl allemaal doen [&hellip;]","og_url":"https:\/\/www.fandome.nl\/de\/privacyverklaring\/","og_site_name":"FanDome","article_publisher":"https:\/\/www.facebook.com\/FandomeMerchandising\/?locale=nl_NL","twitter_card":"summary_large_image","twitter_site":"@FandomeMerchandising","twitter_misc":{"Gesch\u00e4tzte Lesezeit":"5\u00a0Minuten"},"schema":{"@context":"https:\/\/schema.org","@graph":[{"@type":"WebPage","@id":"https:\/\/www.fandome.nl\/privacyverklaring\/","url":"https:\/\/www.fandome.nl\/privacyverklaring\/","name":"Datenschutzerkl\u00e4rung - FanDome","isPartOf":{"@id":"https:\/\/www.fandome.nl\/#website"},"datePublished":"2023-03-10T08:46:36+00:00","breadcrumb":{"@id":"https:\/\/www.fandome.nl\/privacyverklaring\/#breadcrumb"},"inLanguage":"de","potentialAction":[{"@type":"ReadAction","target":["https:\/\/www.fandome.nl\/privacyverklaring\/"]}]},{"@type":"BreadcrumbList","@id":"https:\/\/www.fandome.nl\/privacyverklaring\/#breadcrumb","itemListElement":[{"@type":"ListItem","position":1,"name":"Home","item":"https:\/\/www.fandome.nl\/home\/"},{"@type":"ListItem","position":2,"name":"Privacyverklaring"}]},{"@type":"WebSite","@id":"https:\/\/www.fandome.nl\/#website","url":"https:\/\/www.fandome.nl\/","name":"FanDome","description":"Der Spezialist f\u00fcr Fanartikel seit 2003","publisher":{"@id":"https:\/\/www.fandome.nl\/#organization"},"potentialAction":[{"@type":"SearchAction","target":{"@type":"EntryPoint","urlTemplate":"https:\/\/www.fandome.nl\/?s={search_term_string}"},"query-input":{"@type":"PropertyValueSpecification","valueRequired":true,"valueName":"search_term_string"}}],"inLanguage":"de"},{"@type":"Organization","@id":"https:\/\/www.fandome.nl\/#organization","name":"FanDome","url":"https:\/\/www.fandome.nl\/","logo":{"@type":"ImageObject","inLanguage":"de","@id":"https:\/\/www.fandome.nl\/#\/schema\/logo\/image\/","url":"https:\/\/www.fandome.nl\/wp-content\/uploads\/2023\/02\/fandome.png","contentUrl":"https:\/\/www.fandome.nl\/wp-content\/uploads\/2023\/02\/fandome.png","width":518,"height":180,"caption":"FanDome"},"image":{"@id":"https:\/\/www.fandome.nl\/#\/schema\/logo\/image\/"},"sameAs":["https:\/\/www.facebook.com\/FandomeMerchandising\/?locale=nl_NL","https:\/\/x.com\/FandomeMerchandising"]}]}},"_links":{"self":[{"href":"https:\/\/www.fandome.nl\/de\/wp-json\/wp\/v2\/pages\/1276","targetHints":{"allow":["GET"]}}],"collection":[{"href":"https:\/\/www.fandome.nl\/de\/wp-json\/wp\/v2\/pages"}],"about":[{"href":"https:\/\/www.fandome.nl\/de\/wp-json\/wp\/v2\/types\/page"}],"author":[{"embeddable":true,"href":"https:\/\/www.fandome.nl\/de\/wp-json\/wp\/v2\/users\/1"}],"replies":[{"embeddable":true,"href":"https:\/\/www.fandome.nl\/de\/wp-json\/wp\/v2\/comments?post=1276"}],"version-history":[{"count":1,"href":"https:\/\/www.fandome.nl\/de\/wp-json\/wp\/v2\/pages\/1276\/revisions"}],"predecessor-version":[{"id":1277,"href":"https:\/\/www.fandome.nl\/de\/wp-json\/wp\/v2\/pages\/1276\/revisions\/1277"}],"wp:attachment":[{"href":"https:\/\/www.fandome.nl\/de\/wp-json\/wp\/v2\/media?parent=1276"}],"curies":[{"name":"wp","href":"https:\/\/api.w.org\/{rel}","templated":true}]}}