{"id":1458,"date":"2025-08-05T13:41:09","date_gmt":"2025-08-05T11:41:09","guid":{"rendered":"https:\/\/www.fandome.nl\/?page_id=1458"},"modified":"2025-08-22T13:48:14","modified_gmt":"2025-08-22T11:48:14","slug":"gebreide-voetbalsjaal","status":"publish","type":"page","link":"https:\/\/www.fandome.nl\/de\/gebreide-voetbalsjaal\/","title":{"rendered":"Gestrickter Fu\u00dfballschal"},"content":{"rendered":"<style type=\"text\/css\" data-created_by=\"avia_inline_auto\" id=\"style-css-av-mel7w148-563ab325079fdb6e55d3737ee84cbdb1\">\n#top .hr.hr-invisible.av-mel7w148-563ab325079fdb6e55d3737ee84cbdb1{\nheight:50px;\n}\n<\/style>\n<div  class='hr av-mel7w148-563ab325079fdb6e55d3737ee84cbdb1 hr-invisible  avia-builder-el-1  el_after_av_codeblock  el_before_av_two_third'><span class='hr-inner'><span class=\"hr-inner-style\"><\/span><\/span><\/div>\n<div class='flex_column av-42j0te-1d2a235f4c575715db2dea318c59539d av_two_third  avia-builder-el-2  el_after_av_hr  el_before_av_one_third  first flex_column_div'   ><section  class='av_textblock_section av-meh1njsp-631d4fe4de835c694811819b7976b622'  itemscope=\"itemscope\" itemtype=\"https:\/\/schema.org\/CreativeWork\" ><div class='avia_textblock'  itemprop=\"text\" ><h1>Ihr eigener Fu\u00dfballschal? Lassen Sie Ihre Farben sprechen!<\/h1>\n<p>Suchen Sie nach einer originellen L\u00f6sung, um Ihren Verein, Ihre Veranstaltung oder Ihre Party hervorzuheben?<br \/>\nDann wird ein <a href=\"https:\/\/www.fandome.nl\/de\/product\/voetbalsjaal-laten-maken\/\" rel=\"noopener\">Individueller Fu\u00dfballschal<\/a> genau das, was Sie brauchen.<br \/>\nSie ist nicht nur ein modisches Accessoire, sondern auch ein Symbol f\u00fcr Stolz und Zugeh\u00f6rigkeit.<\/p>\n<h4>Ma\u00dfgeschneidert und ganz in Ihrem Stil<\/h4>\n<p>Gemeinsam mit dem Designteam von FanDome entwerfen Sie eine einzigartige<br \/>\n<a href=\"https:\/\/www.fandome.nl\/de\/product\/voetbalsjaal-ontwerpen\/\" rel=\"noopener\">Fu\u00dfballschal<\/a> die genau zu Ihrem Verein oder Ihrer Gruppe passt.<br \/>\nDenken Sie an leuchtende Farben, brillante Details und sch\u00f6ne Logos - alles perfekt eingearbeitet in hochwertige Strickwaren.<br \/>\nVorder- und R\u00fcckseite unterschiedlich? Kein Problem! Alles ist m\u00f6glich.<\/p>\n<h4>W\u00e4hlen Sie das f\u00fcr Sie passende Format<\/h4>\n<p>Jede Gruppe ist anders, deshalb bieten wir verschiedene L\u00e4ngen an: 140, 160 oder 180 cm.<br \/>\nF\u00fcr Kinder oder Jugendmannschaften gibt es auch eine handliche Gr\u00f6\u00dfe von 110 cm.<br \/>\nDeshalb tragen Sie immer einen Fu\u00dfballschal, der gut sitzt und auff\u00e4llt.<\/p>\n<h4>Warum ein gestrickter Schal?<\/h4>\n<p>Denn Sie werden buchst\u00e4blich und bildlich damit gesehen.<br \/>\nEine gestrickte <a href=\"https:\/\/www.fandome.nl\/de\/product\/voetbalsjaal-bedrukken\/\" rel=\"noopener\">Fu\u00dfballschal<\/a> ist warm, langlebig und strahlt Charakter aus.<br \/>\nOb Sie auf dem Feld stehen, Karneval feiern oder ein Jubil\u00e4um veranstalten - dieser Schal zeigt, wof\u00fcr Sie stehen.<\/p>\n<h4>Schnelle Lieferung, problemlose Abwicklung<\/h4>\n<p>Ihr einzigartiger Fu\u00dfballschal wird oft innerhalb von drei Wochen geliefert.<br \/>\nIdeal, wenn Sie etwas Schnelles f\u00fcr ein Turnier, eine Party oder eine Werbeveranstaltung brauchen.<\/p>\n<p>Worauf warten Sie also noch? Lass deine Farben sprechen mit einem ma\u00dfgeschneiderten Fu\u00dfballschal von FanDome.<br \/>\nIdeal f\u00fcr Sportvereine, Karnevalsvereine, Firmen und Veranstaltungen. Jeder geh\u00f6rt dazu.<\/p>\n<\/div><\/section><\/div><div class='flex_column av-2wwe76-9146b1d87b9df8ec285497813870aa50 av_one_third  avia-builder-el-4  el_after_av_two_third  avia-builder-el-last  flex_column_div'   ><style type=\"text\/css\" data-created_by=\"avia_inline_auto\" id=\"style-css-av-meh1uetz-16e6cf527c7480df4aaae831f4e8bb6e\">\n.avia-image-container.av-meh1uetz-16e6cf527c7480df4aaae831f4e8bb6e .av-image-caption-overlay-center{\ncolor:#ffffff;\n}\n<\/style>\n<div  class='avia-image-container av-meh1uetz-16e6cf527c7480df4aaae831f4e8bb6e av-styling- avia-align-center  avia-builder-el-5  avia-builder-el-no-sibling'  itemprop=\"image\" itemscope=\"itemscope\" itemtype=\"https:\/\/schema.org\/ImageObject\" ><div class=\"avia-image-container-inner\"><div class=\"avia-image-overlay-wrap\"><img decoding=\"async\" class='wp-image-1033 avia-img-lazy-loading-not-1033 avia_image' src=\"https:\/\/www.fandome.nl\/wp-content\/uploads\/2023\/02\/Schermafbeelding-2023-02-06-om-14.39.04-1-224x300.png\" alt='Voorbeelden' title='Bildschirmfoto 2023-02-06 um 14.39.04'  height=\"300\" width=\"224\"  itemprop=\"thumbnailUrl\" srcset=\"https:\/\/www.fandome.nl\/wp-content\/uploads\/2023\/02\/Schermafbeelding-2023-02-06-om-14.39.04-1-224x300.png 224w, https:\/\/www.fandome.nl\/wp-content\/uploads\/2023\/02\/Schermafbeelding-2023-02-06-om-14.39.04-1-769x1030.png 769w, https:\/\/www.fandome.nl\/wp-content\/uploads\/2023\/02\/Schermafbeelding-2023-02-06-om-14.39.04-1-768x1028.png 768w, https:\/\/www.fandome.nl\/wp-content\/uploads\/2023\/02\/Schermafbeelding-2023-02-06-om-14.39.04-1-1147x1536.png 1147w, https:\/\/www.fandome.nl\/wp-content\/uploads\/2023\/02\/Schermafbeelding-2023-02-06-om-14.39.04-1-1529x2048.png 1529w, https:\/\/www.fandome.nl\/wp-content\/uploads\/2023\/02\/Schermafbeelding-2023-02-06-om-14.39.04-1-9x12.png 9w, https:\/\/www.fandome.nl\/wp-content\/uploads\/2023\/02\/Schermafbeelding-2023-02-06-om-14.39.04-1-1120x1500.png 1120w, https:\/\/www.fandome.nl\/wp-content\/uploads\/2023\/02\/Schermafbeelding-2023-02-06-om-14.39.04-1-526x705.png 526w\" sizes=\"(max-width: 224px) 100vw, 224px\" \/><\/div><\/div><\/div><\/div><\/p>","protected":false},"excerpt":{"rendered":"","protected":false},"author":1,"featured_media":0,"parent":0,"menu_order":16,"comment_status":"closed","ping_status":"closed","template":"","meta":{"_acf_changed":false,"_monsterinsights_skip_tracking":false,"_monsterinsights_sitenote_active":false,"_monsterinsights_sitenote_note":"","_monsterinsights_sitenote_category":0,"footnotes":""},"class_list":["post-1458","page","type-page","status-publish","hentry"],"acf":[],"yoast_head":"<!-- This site is optimized with the Yoast SEO plugin v27.3 - https:\/\/yoast.com\/product\/yoast-seo-wordpress\/ -->\n<title>Gebreide voetbalsjaal - FanDome<\/title>\n<meta name=\"description\" content=\"Bestel jouw gebreide voetbalsjaal met 100+ garenkleuren, haarscherpe details en perfecte pasvorm. Gratis design en sample bij FanDome.\" \/>\n<meta name=\"robots\" content=\"index, follow, max-snippet:-1, max-image-preview:large, max-video-preview:-1\" \/>\n<link rel=\"canonical\" href=\"https:\/\/www.fandome.nl\/de\/gebreide-voetbalsjaal\/\" \/>\n<meta property=\"og:locale\" content=\"de_DE\" \/>\n<meta property=\"og:type\" content=\"article\" \/>\n<meta property=\"og:title\" content=\"Gebreide voetbalsjaal - FanDome\" \/>\n<meta property=\"og:description\" content=\"Bestel jouw gebreide voetbalsjaal met 100+ garenkleuren, haarscherpe details en perfecte pasvorm. Gratis design en sample bij FanDome.\" \/>\n<meta property=\"og:url\" content=\"https:\/\/www.fandome.nl\/de\/gebreide-voetbalsjaal\/\" \/>\n<meta property=\"og:site_name\" content=\"FanDome\" \/>\n<meta property=\"article:publisher\" content=\"https:\/\/www.facebook.com\/FandomeMerchandising\/?locale=nl_NL\" \/>\n<meta property=\"article:modified_time\" content=\"2025-08-22T11:48:14+00:00\" \/>\n<meta name=\"twitter:card\" content=\"summary_large_image\" \/>\n<meta name=\"twitter:site\" content=\"@FandomeMerchandising\" \/>\n<meta name=\"twitter:label1\" content=\"Gesch\u00e4tzte Lesezeit\" \/>\n\t<meta name=\"twitter:data1\" content=\"3\u00a0Minuten\" \/>\n<script type=\"application\/ld+json\" class=\"yoast-schema-graph\">{\"@context\":\"https:\\\/\\\/schema.org\",\"@graph\":[{\"@type\":\"WebPage\",\"@id\":\"https:\\\/\\\/www.fandome.nl\\\/gebreide-voetbalsjaal\\\/\",\"url\":\"https:\\\/\\\/www.fandome.nl\\\/gebreide-voetbalsjaal\\\/\",\"name\":\"Gebreide voetbalsjaal - FanDome\",\"isPartOf\":{\"@id\":\"https:\\\/\\\/www.fandome.nl\\\/#website\"},\"datePublished\":\"2025-08-05T11:41:09+00:00\",\"dateModified\":\"2025-08-22T11:48:14+00:00\",\"description\":\"Bestel jouw gebreide voetbalsjaal met 100+ garenkleuren, haarscherpe details en perfecte pasvorm. Gratis design en sample bij FanDome.\",\"breadcrumb\":{\"@id\":\"https:\\\/\\\/www.fandome.nl\\\/gebreide-voetbalsjaal\\\/#breadcrumb\"},\"inLanguage\":\"de\",\"potentialAction\":[{\"@type\":\"ReadAction\",\"target\":[\"https:\\\/\\\/www.fandome.nl\\\/gebreide-voetbalsjaal\\\/\"]}]},{\"@type\":\"BreadcrumbList\",\"@id\":\"https:\\\/\\\/www.fandome.nl\\\/gebreide-voetbalsjaal\\\/#breadcrumb\",\"itemListElement\":[{\"@type\":\"ListItem\",\"position\":1,\"name\":\"Home\",\"item\":\"https:\\\/\\\/www.fandome.nl\\\/home\\\/\"},{\"@type\":\"ListItem\",\"position\":2,\"name\":\"Gebreide voetbalsjaal\"}]},{\"@type\":\"WebSite\",\"@id\":\"https:\\\/\\\/www.fandome.nl\\\/#website\",\"url\":\"https:\\\/\\\/www.fandome.nl\\\/\",\"name\":\"FanDome\",\"description\":\"De fanartikelen specialist sinds 2003\",\"publisher\":{\"@id\":\"https:\\\/\\\/www.fandome.nl\\\/#organization\"},\"potentialAction\":[{\"@type\":\"SearchAction\",\"target\":{\"@type\":\"EntryPoint\",\"urlTemplate\":\"https:\\\/\\\/www.fandome.nl\\\/?s={search_term_string}\"},\"query-input\":{\"@type\":\"PropertyValueSpecification\",\"valueRequired\":true,\"valueName\":\"search_term_string\"}}],\"inLanguage\":\"de\"},{\"@type\":\"Organization\",\"@id\":\"https:\\\/\\\/www.fandome.nl\\\/#organization\",\"name\":\"FanDome\",\"url\":\"https:\\\/\\\/www.fandome.nl\\\/\",\"logo\":{\"@type\":\"ImageObject\",\"inLanguage\":\"de\",\"@id\":\"https:\\\/\\\/www.fandome.nl\\\/#\\\/schema\\\/logo\\\/image\\\/\",\"url\":\"https:\\\/\\\/www.fandome.nl\\\/wp-content\\\/uploads\\\/2023\\\/02\\\/fandome.png\",\"contentUrl\":\"https:\\\/\\\/www.fandome.nl\\\/wp-content\\\/uploads\\\/2023\\\/02\\\/fandome.png\",\"width\":518,\"height\":180,\"caption\":\"FanDome\"},\"image\":{\"@id\":\"https:\\\/\\\/www.fandome.nl\\\/#\\\/schema\\\/logo\\\/image\\\/\"},\"sameAs\":[\"https:\\\/\\\/www.facebook.com\\\/FandomeMerchandising\\\/?locale=nl_NL\",\"https:\\\/\\\/x.com\\\/FandomeMerchandising\"]}]}<\/script>\n<!-- \/ Yoast SEO plugin. -->","yoast_head_json":{"title":"Gebreide voetbalsjaal - FanDome","description":"Bestel jouw gebreide voetbalsjaal met 100+ garenkleuren, haarscherpe details en perfecte pasvorm. Gratis design en sample bij FanDome.","robots":{"index":"index","follow":"follow","max-snippet":"max-snippet:-1","max-image-preview":"max-image-preview:large","max-video-preview":"max-video-preview:-1"},"canonical":"https:\/\/www.fandome.nl\/de\/gebreide-voetbalsjaal\/","og_locale":"de_DE","og_type":"article","og_title":"Gebreide voetbalsjaal - FanDome","og_description":"Bestel jouw gebreide voetbalsjaal met 100+ garenkleuren, haarscherpe details en perfecte pasvorm. Gratis design en sample bij FanDome.","og_url":"https:\/\/www.fandome.nl\/de\/gebreide-voetbalsjaal\/","og_site_name":"FanDome","article_publisher":"https:\/\/www.facebook.com\/FandomeMerchandising\/?locale=nl_NL","article_modified_time":"2025-08-22T11:48:14+00:00","twitter_card":"summary_large_image","twitter_site":"@FandomeMerchandising","twitter_misc":{"Gesch\u00e4tzte Lesezeit":"3\u00a0Minuten"},"schema":{"@context":"https:\/\/schema.org","@graph":[{"@type":"WebPage","@id":"https:\/\/www.fandome.nl\/gebreide-voetbalsjaal\/","url":"https:\/\/www.fandome.nl\/gebreide-voetbalsjaal\/","name":"Gebreide voetbalsjaal - FanDome","isPartOf":{"@id":"https:\/\/www.fandome.nl\/#website"},"datePublished":"2025-08-05T11:41:09+00:00","dateModified":"2025-08-22T11:48:14+00:00","description":"Bestel jouw gebreide voetbalsjaal met 100+ garenkleuren, haarscherpe details en perfecte pasvorm. Gratis design en sample bij FanDome.","breadcrumb":{"@id":"https:\/\/www.fandome.nl\/gebreide-voetbalsjaal\/#breadcrumb"},"inLanguage":"de","potentialAction":[{"@type":"ReadAction","target":["https:\/\/www.fandome.nl\/gebreide-voetbalsjaal\/"]}]},{"@type":"BreadcrumbList","@id":"https:\/\/www.fandome.nl\/gebreide-voetbalsjaal\/#breadcrumb","itemListElement":[{"@type":"ListItem","position":1,"name":"Home","item":"https:\/\/www.fandome.nl\/home\/"},{"@type":"ListItem","position":2,"name":"Gebreide voetbalsjaal"}]},{"@type":"WebSite","@id":"https:\/\/www.fandome.nl\/#website","url":"https:\/\/www.fandome.nl\/","name":"FanDome","description":"Der Spezialist f\u00fcr Fanartikel seit 2003","publisher":{"@id":"https:\/\/www.fandome.nl\/#organization"},"potentialAction":[{"@type":"SearchAction","target":{"@type":"EntryPoint","urlTemplate":"https:\/\/www.fandome.nl\/?s={search_term_string}"},"query-input":{"@type":"PropertyValueSpecification","valueRequired":true,"valueName":"search_term_string"}}],"inLanguage":"de"},{"@type":"Organization","@id":"https:\/\/www.fandome.nl\/#organization","name":"FanDome","url":"https:\/\/www.fandome.nl\/","logo":{"@type":"ImageObject","inLanguage":"de","@id":"https:\/\/www.fandome.nl\/#\/schema\/logo\/image\/","url":"https:\/\/www.fandome.nl\/wp-content\/uploads\/2023\/02\/fandome.png","contentUrl":"https:\/\/www.fandome.nl\/wp-content\/uploads\/2023\/02\/fandome.png","width":518,"height":180,"caption":"FanDome"},"image":{"@id":"https:\/\/www.fandome.nl\/#\/schema\/logo\/image\/"},"sameAs":["https:\/\/www.facebook.com\/FandomeMerchandising\/?locale=nl_NL","https:\/\/x.com\/FandomeMerchandising"]}]}},"_links":{"self":[{"href":"https:\/\/www.fandome.nl\/de\/wp-json\/wp\/v2\/pages\/1458","targetHints":{"allow":["GET"]}}],"collection":[{"href":"https:\/\/www.fandome.nl\/de\/wp-json\/wp\/v2\/pages"}],"about":[{"href":"https:\/\/www.fandome.nl\/de\/wp-json\/wp\/v2\/types\/page"}],"author":[{"embeddable":true,"href":"https:\/\/www.fandome.nl\/de\/wp-json\/wp\/v2\/users\/1"}],"replies":[{"embeddable":true,"href":"https:\/\/www.fandome.nl\/de\/wp-json\/wp\/v2\/comments?post=1458"}],"version-history":[{"count":9,"href":"https:\/\/www.fandome.nl\/de\/wp-json\/wp\/v2\/pages\/1458\/revisions"}],"predecessor-version":[{"id":1597,"href":"https:\/\/www.fandome.nl\/de\/wp-json\/wp\/v2\/pages\/1458\/revisions\/1597"}],"wp:attachment":[{"href":"https:\/\/www.fandome.nl\/de\/wp-json\/wp\/v2\/media?parent=1458"}],"curies":[{"name":"wp","href":"https:\/\/api.w.org\/{rel}","templated":true}]}}