{"id":1484,"date":"2025-08-11T14:04:47","date_gmt":"2025-08-11T12:04:47","guid":{"rendered":"https:\/\/www.fandome.nl\/?page_id=1484"},"modified":"2025-08-22T13:42:25","modified_gmt":"2025-08-22T11:42:25","slug":"voetbalsjaals-maken","status":"publish","type":"page","link":"https:\/\/www.fandome.nl\/de\/voetbalsjaals-maken\/","title":{"rendered":"Herstellung von Fu\u00dfballschals"},"content":{"rendered":"<style type=\"text\/css\" data-created_by=\"avia_inline_auto\" id=\"style-css-av-mel7op74-44e17d46fe8102475118d3bbfb21a2a3\">\n#top .hr.hr-invisible.av-mel7op74-44e17d46fe8102475118d3bbfb21a2a3{\nheight:50px;\n}\n<\/style>\n<div  class='hr av-mel7op74-44e17d46fe8102475118d3bbfb21a2a3 hr-invisible  avia-builder-el-1  el_after_av_codeblock  el_before_av_two_third'><span class='hr-inner'><span class=\"hr-inner-style\"><\/span><\/span><\/div>\n<div class='flex_column av-42j0te-1d2a235f4c575715db2dea318c59539d av_two_third  avia-builder-el-2  el_after_av_hr  el_before_av_one_third  first flex_column_div'   ><section  class='av_textblock_section av-meh1njsp-631d4fe4de835c694811819b7976b622'  itemscope=\"itemscope\" itemtype=\"https:\/\/schema.org\/CreativeWork\" ><div class='avia_textblock'  itemprop=\"text\" ><h1>Fu\u00dfballschals stricken? Ihr Entwurf, unsere \"Stricknadeln<\/h1>\n<p>M\u00f6chten Sie, dass Ihr Club, Ihr Verein oder Ihre Veranstaltung wirklich heraussticht? Dann ist es an der Zeit, einzigartige <a href=\"https:\/\/www.fandome.nl\/de\/product\/voetbalsjaal-laten-maken\/\" rel=\"noopener\">Herstellung von Fu\u00dfballschals<\/a>. \u00dcbrigens nicht nur im Fu\u00dfball, denn dieser Klassiker hat auch im Handball, Radsport, Basketball, auf Hochzeiten und im Karneval Einzug gehalten.<\/p>\n<p>Unser Motto? Ein Halstuch f\u00fcr alle!<\/p>\n<h4>Sie denken es sich aus, wir stricken es<\/h4>\n<p>Sie liefern Ihre Idee, Ihre Farben, Ihr Logo oder Ihren Slogan. Wir setzen sie in etwas Sch\u00f6nes um. Das FanDome-Designteam hilft Ihnen pers\u00f6nlich mit einem originellen Entwurf. Gem\u00fctlich, schnell und m\u00fchelos.<\/p>\n<p>Jede <a href=\"https:\/\/www.fandome.nl\/de\/product\/voetbalsjaal-bedrukken\/\" rel=\"noopener\">Fu\u00dfballschal<\/a> ist vollst\u00e4ndig ma\u00dfgeschneidert. Vorder- und R\u00fcckseite unterschiedlich? Kein Problem. Sie erhalten sch\u00f6ne Strickwaren, leuchtende Farben und messerscharfe Details.<\/p>\n<h4>Zwei Arten von Fu\u00dfballschals<\/h4>\n<ul>\n<li>Traditioneller gestrickter Fu\u00dfballschal - wie man ihn aus dem Stadion kennt, mit klaren Logos und Texten.<\/li>\n<li>5-Sterne-Fu\u00dfballschal (High Definition) - enger gestrickt, perfekt f\u00fcr detaillierte Logos oder Grafiken. Mehr \"Pixel\", also mehr Finesse.<\/li>\n<\/ul>\n<p>Wir haben \u00fcber 100 Garnfarben auf Lager, da ist Ihre Farbe sicher dabei. Wir beraten Sie gerne, welche Farbe am besten zu Ihrem Entwurf passt.<\/p>\n<h4>Formate, Qualit\u00e4t und Lieferung<\/h4>\n<p>W\u00e4hlen Sie zwischen 140, 160 oder 180 cm. Gr\u00f6\u00dfen f\u00fcr Kinder? Ja: 110 cm. Unsere Schals werden in einem St\u00fcck gestrickt - ohne N\u00e4hte - und garantieren h\u00f6chsten Komfort und ein sauberes Finish.<\/p>\n<p>Oft hat man sie innerhalb von drei Wochen im Haus. Und glauben Sie uns: Auch Champions-League-Vereine haben ihre <a href=\"https:\/\/www.fandome.nl\/de\/product\/carnavalssjaal\/\" rel=\"noopener\">Fu\u00dfballschal<\/a> mit uns.<\/p>\n<h4>Kostenloses Design &amp; Muster<\/h4>\n<p>Kein Design? Kein Problem! Wir fertigen es kostenlos f\u00fcr Sie an. Nach der Bestellung erhalten Sie einen Prototyp (mit Fotos), um alles vor der Produktion zu \u00fcberpr\u00fcfen.<\/p>\n<p>Sie m\u00f6chten Fu\u00dfballschals anfertigen lassen, die wirklich beeindrucken? Wenden Sie sich an Ihren eigenen FanDome-Kundenbetreuer. Pers\u00f6nlich, schnell und ohne \u00dcberraschungen.<\/p>\n<\/div><\/section><\/div><div class='flex_column av-2wwe76-9146b1d87b9df8ec285497813870aa50 av_one_third  avia-builder-el-4  el_after_av_two_third  avia-builder-el-last  flex_column_div'   ><style type=\"text\/css\" data-created_by=\"avia_inline_auto\" id=\"style-css-av-meh1uetz-16e6cf527c7480df4aaae831f4e8bb6e\">\n.avia-image-container.av-meh1uetz-16e6cf527c7480df4aaae831f4e8bb6e .av-image-caption-overlay-center{\ncolor:#ffffff;\n}\n<\/style>\n<div  class='avia-image-container av-meh1uetz-16e6cf527c7480df4aaae831f4e8bb6e av-styling- avia-align-center  avia-builder-el-5  avia-builder-el-no-sibling'  itemprop=\"image\" itemscope=\"itemscope\" itemtype=\"https:\/\/schema.org\/ImageObject\" ><div class=\"avia-image-container-inner\"><div class=\"avia-image-overlay-wrap\"><img decoding=\"async\" class='wp-image-1033 avia-img-lazy-loading-not-1033 avia_image' src=\"https:\/\/www.fandome.nl\/wp-content\/uploads\/2023\/02\/Schermafbeelding-2023-02-06-om-14.39.04-1-224x300.png\" alt='Voorbeelden' title='Bildschirmfoto 2023-02-06 um 14.39.04'  height=\"300\" width=\"224\"  itemprop=\"thumbnailUrl\" srcset=\"https:\/\/www.fandome.nl\/wp-content\/uploads\/2023\/02\/Schermafbeelding-2023-02-06-om-14.39.04-1-224x300.png 224w, https:\/\/www.fandome.nl\/wp-content\/uploads\/2023\/02\/Schermafbeelding-2023-02-06-om-14.39.04-1-769x1030.png 769w, https:\/\/www.fandome.nl\/wp-content\/uploads\/2023\/02\/Schermafbeelding-2023-02-06-om-14.39.04-1-768x1028.png 768w, https:\/\/www.fandome.nl\/wp-content\/uploads\/2023\/02\/Schermafbeelding-2023-02-06-om-14.39.04-1-1147x1536.png 1147w, https:\/\/www.fandome.nl\/wp-content\/uploads\/2023\/02\/Schermafbeelding-2023-02-06-om-14.39.04-1-1529x2048.png 1529w, https:\/\/www.fandome.nl\/wp-content\/uploads\/2023\/02\/Schermafbeelding-2023-02-06-om-14.39.04-1-9x12.png 9w, https:\/\/www.fandome.nl\/wp-content\/uploads\/2023\/02\/Schermafbeelding-2023-02-06-om-14.39.04-1-1120x1500.png 1120w, https:\/\/www.fandome.nl\/wp-content\/uploads\/2023\/02\/Schermafbeelding-2023-02-06-om-14.39.04-1-526x705.png 526w\" sizes=\"(max-width: 224px) 100vw, 224px\" \/><\/div><\/div><\/div><\/div><\/p>","protected":false},"excerpt":{"rendered":"","protected":false},"author":1,"featured_media":0,"parent":0,"menu_order":12,"comment_status":"closed","ping_status":"closed","template":"","meta":{"_acf_changed":false,"_monsterinsights_skip_tracking":false,"_monsterinsights_sitenote_active":false,"_monsterinsights_sitenote_note":"","_monsterinsights_sitenote_category":0,"footnotes":""},"class_list":["post-1484","page","type-page","status-publish","hentry"],"acf":[],"yoast_head":"<!-- This site is optimized with the Yoast SEO plugin v27.3 - https:\/\/yoast.com\/product\/yoast-seo-wordpress\/ -->\n<title>voetbalsjaals maken - FanDome<\/title>\n<meta name=\"description\" content=\"Laat voetbalsjaals maken in jouw clubkleuren. Kies uit 100+ garens, gratis design &amp; sample. Perfect voor teams, supporters &amp; verenigingen.\" \/>\n<meta name=\"robots\" content=\"index, follow, max-snippet:-1, max-image-preview:large, max-video-preview:-1\" \/>\n<link rel=\"canonical\" href=\"https:\/\/www.fandome.nl\/de\/voetbalsjaals-maken\/\" \/>\n<meta property=\"og:locale\" content=\"de_DE\" \/>\n<meta property=\"og:type\" content=\"article\" \/>\n<meta property=\"og:title\" content=\"voetbalsjaals maken - FanDome\" \/>\n<meta property=\"og:description\" content=\"Laat voetbalsjaals maken in jouw clubkleuren. Kies uit 100+ garens, gratis design &amp; sample. Perfect voor teams, supporters &amp; verenigingen.\" \/>\n<meta property=\"og:url\" content=\"https:\/\/www.fandome.nl\/de\/voetbalsjaals-maken\/\" \/>\n<meta property=\"og:site_name\" content=\"FanDome\" \/>\n<meta property=\"article:publisher\" content=\"https:\/\/www.facebook.com\/FandomeMerchandising\/?locale=nl_NL\" \/>\n<meta property=\"article:modified_time\" content=\"2025-08-22T11:42:25+00:00\" \/>\n<meta name=\"twitter:card\" content=\"summary_large_image\" \/>\n<meta name=\"twitter:site\" content=\"@FandomeMerchandising\" \/>\n<meta name=\"twitter:label1\" content=\"Gesch\u00e4tzte Lesezeit\" \/>\n\t<meta name=\"twitter:data1\" content=\"3\u00a0Minuten\" \/>\n<script type=\"application\/ld+json\" class=\"yoast-schema-graph\">{\"@context\":\"https:\\\/\\\/schema.org\",\"@graph\":[{\"@type\":\"WebPage\",\"@id\":\"https:\\\/\\\/www.fandome.nl\\\/voetbalsjaals-maken\\\/\",\"url\":\"https:\\\/\\\/www.fandome.nl\\\/voetbalsjaals-maken\\\/\",\"name\":\"voetbalsjaals maken - FanDome\",\"isPartOf\":{\"@id\":\"https:\\\/\\\/www.fandome.nl\\\/#website\"},\"datePublished\":\"2025-08-11T12:04:47+00:00\",\"dateModified\":\"2025-08-22T11:42:25+00:00\",\"description\":\"Laat voetbalsjaals maken in jouw clubkleuren. Kies uit 100+ garens, gratis design & sample. Perfect voor teams, supporters & verenigingen.\",\"breadcrumb\":{\"@id\":\"https:\\\/\\\/www.fandome.nl\\\/voetbalsjaals-maken\\\/#breadcrumb\"},\"inLanguage\":\"de\",\"potentialAction\":[{\"@type\":\"ReadAction\",\"target\":[\"https:\\\/\\\/www.fandome.nl\\\/voetbalsjaals-maken\\\/\"]}]},{\"@type\":\"BreadcrumbList\",\"@id\":\"https:\\\/\\\/www.fandome.nl\\\/voetbalsjaals-maken\\\/#breadcrumb\",\"itemListElement\":[{\"@type\":\"ListItem\",\"position\":1,\"name\":\"Home\",\"item\":\"https:\\\/\\\/www.fandome.nl\\\/home\\\/\"},{\"@type\":\"ListItem\",\"position\":2,\"name\":\"voetbalsjaals maken\"}]},{\"@type\":\"WebSite\",\"@id\":\"https:\\\/\\\/www.fandome.nl\\\/#website\",\"url\":\"https:\\\/\\\/www.fandome.nl\\\/\",\"name\":\"FanDome\",\"description\":\"De fanartikelen specialist sinds 2003\",\"publisher\":{\"@id\":\"https:\\\/\\\/www.fandome.nl\\\/#organization\"},\"potentialAction\":[{\"@type\":\"SearchAction\",\"target\":{\"@type\":\"EntryPoint\",\"urlTemplate\":\"https:\\\/\\\/www.fandome.nl\\\/?s={search_term_string}\"},\"query-input\":{\"@type\":\"PropertyValueSpecification\",\"valueRequired\":true,\"valueName\":\"search_term_string\"}}],\"inLanguage\":\"de\"},{\"@type\":\"Organization\",\"@id\":\"https:\\\/\\\/www.fandome.nl\\\/#organization\",\"name\":\"FanDome\",\"url\":\"https:\\\/\\\/www.fandome.nl\\\/\",\"logo\":{\"@type\":\"ImageObject\",\"inLanguage\":\"de\",\"@id\":\"https:\\\/\\\/www.fandome.nl\\\/#\\\/schema\\\/logo\\\/image\\\/\",\"url\":\"https:\\\/\\\/www.fandome.nl\\\/wp-content\\\/uploads\\\/2023\\\/02\\\/fandome.png\",\"contentUrl\":\"https:\\\/\\\/www.fandome.nl\\\/wp-content\\\/uploads\\\/2023\\\/02\\\/fandome.png\",\"width\":518,\"height\":180,\"caption\":\"FanDome\"},\"image\":{\"@id\":\"https:\\\/\\\/www.fandome.nl\\\/#\\\/schema\\\/logo\\\/image\\\/\"},\"sameAs\":[\"https:\\\/\\\/www.facebook.com\\\/FandomeMerchandising\\\/?locale=nl_NL\",\"https:\\\/\\\/x.com\\\/FandomeMerchandising\"]}]}<\/script>\n<!-- \/ Yoast SEO plugin. -->","yoast_head_json":{"title":"voetbalsjaals maken - FanDome","description":"Laat voetbalsjaals maken in jouw clubkleuren. Kies uit 100+ garens, gratis design & sample. Perfect voor teams, supporters & verenigingen.","robots":{"index":"index","follow":"follow","max-snippet":"max-snippet:-1","max-image-preview":"max-image-preview:large","max-video-preview":"max-video-preview:-1"},"canonical":"https:\/\/www.fandome.nl\/de\/voetbalsjaals-maken\/","og_locale":"de_DE","og_type":"article","og_title":"voetbalsjaals maken - FanDome","og_description":"Laat voetbalsjaals maken in jouw clubkleuren. Kies uit 100+ garens, gratis design & sample. Perfect voor teams, supporters & verenigingen.","og_url":"https:\/\/www.fandome.nl\/de\/voetbalsjaals-maken\/","og_site_name":"FanDome","article_publisher":"https:\/\/www.facebook.com\/FandomeMerchandising\/?locale=nl_NL","article_modified_time":"2025-08-22T11:42:25+00:00","twitter_card":"summary_large_image","twitter_site":"@FandomeMerchandising","twitter_misc":{"Gesch\u00e4tzte Lesezeit":"3\u00a0Minuten"},"schema":{"@context":"https:\/\/schema.org","@graph":[{"@type":"WebPage","@id":"https:\/\/www.fandome.nl\/voetbalsjaals-maken\/","url":"https:\/\/www.fandome.nl\/voetbalsjaals-maken\/","name":"voetbalsjaals maken - FanDome","isPartOf":{"@id":"https:\/\/www.fandome.nl\/#website"},"datePublished":"2025-08-11T12:04:47+00:00","dateModified":"2025-08-22T11:42:25+00:00","description":"Laat voetbalsjaals maken in jouw clubkleuren. Kies uit 100+ garens, gratis design & sample. Perfect voor teams, supporters & verenigingen.","breadcrumb":{"@id":"https:\/\/www.fandome.nl\/voetbalsjaals-maken\/#breadcrumb"},"inLanguage":"de","potentialAction":[{"@type":"ReadAction","target":["https:\/\/www.fandome.nl\/voetbalsjaals-maken\/"]}]},{"@type":"BreadcrumbList","@id":"https:\/\/www.fandome.nl\/voetbalsjaals-maken\/#breadcrumb","itemListElement":[{"@type":"ListItem","position":1,"name":"Home","item":"https:\/\/www.fandome.nl\/home\/"},{"@type":"ListItem","position":2,"name":"voetbalsjaals maken"}]},{"@type":"WebSite","@id":"https:\/\/www.fandome.nl\/#website","url":"https:\/\/www.fandome.nl\/","name":"FanDome","description":"Der Spezialist f\u00fcr Fanartikel seit 2003","publisher":{"@id":"https:\/\/www.fandome.nl\/#organization"},"potentialAction":[{"@type":"SearchAction","target":{"@type":"EntryPoint","urlTemplate":"https:\/\/www.fandome.nl\/?s={search_term_string}"},"query-input":{"@type":"PropertyValueSpecification","valueRequired":true,"valueName":"search_term_string"}}],"inLanguage":"de"},{"@type":"Organization","@id":"https:\/\/www.fandome.nl\/#organization","name":"FanDome","url":"https:\/\/www.fandome.nl\/","logo":{"@type":"ImageObject","inLanguage":"de","@id":"https:\/\/www.fandome.nl\/#\/schema\/logo\/image\/","url":"https:\/\/www.fandome.nl\/wp-content\/uploads\/2023\/02\/fandome.png","contentUrl":"https:\/\/www.fandome.nl\/wp-content\/uploads\/2023\/02\/fandome.png","width":518,"height":180,"caption":"FanDome"},"image":{"@id":"https:\/\/www.fandome.nl\/#\/schema\/logo\/image\/"},"sameAs":["https:\/\/www.facebook.com\/FandomeMerchandising\/?locale=nl_NL","https:\/\/x.com\/FandomeMerchandising"]}]}},"_links":{"self":[{"href":"https:\/\/www.fandome.nl\/de\/wp-json\/wp\/v2\/pages\/1484","targetHints":{"allow":["GET"]}}],"collection":[{"href":"https:\/\/www.fandome.nl\/de\/wp-json\/wp\/v2\/pages"}],"about":[{"href":"https:\/\/www.fandome.nl\/de\/wp-json\/wp\/v2\/types\/page"}],"author":[{"embeddable":true,"href":"https:\/\/www.fandome.nl\/de\/wp-json\/wp\/v2\/users\/1"}],"replies":[{"embeddable":true,"href":"https:\/\/www.fandome.nl\/de\/wp-json\/wp\/v2\/comments?post=1484"}],"version-history":[{"count":3,"href":"https:\/\/www.fandome.nl\/de\/wp-json\/wp\/v2\/pages\/1484\/revisions"}],"predecessor-version":[{"id":1574,"href":"https:\/\/www.fandome.nl\/de\/wp-json\/wp\/v2\/pages\/1484\/revisions\/1574"}],"wp:attachment":[{"href":"https:\/\/www.fandome.nl\/de\/wp-json\/wp\/v2\/media?parent=1484"}],"curies":[{"name":"wp","href":"https:\/\/api.w.org\/{rel}","templated":true}]}}