{"id":1493,"date":"2025-08-12T14:11:00","date_gmt":"2025-08-12T12:11:00","guid":{"rendered":"https:\/\/www.fandome.nl\/?page_id=1493"},"modified":"2025-08-22T13:40:37","modified_gmt":"2025-08-22T11:40:37","slug":"voetbalsjaal-bedrukken","status":"publish","type":"page","link":"https:\/\/www.fandome.nl\/de\/voetbalsjaal-bedrukken\/","title":{"rendered":"Fu\u00dfballschal bedrucken"},"content":{"rendered":"<style type=\"text\/css\" data-created_by=\"avia_inline_auto\" id=\"style-css-av-mel7h1xy-0542e4cfd0f2f3d7b91206df28658ba4\">\n#top .hr.hr-invisible.av-mel7h1xy-0542e4cfd0f2f3d7b91206df28658ba4{\nheight:50px;\n}\n<\/style>\n<div  class='hr av-mel7h1xy-0542e4cfd0f2f3d7b91206df28658ba4 hr-invisible  avia-builder-el-1  el_after_av_codeblock  el_before_av_two_third'><span class='hr-inner'><span class=\"hr-inner-style\"><\/span><\/span><\/div>\n<div class='flex_column av-42j0te-1d2a235f4c575715db2dea318c59539d av_two_third  avia-builder-el-2  el_after_av_hr  el_before_av_one_third  first flex_column_div'   ><section  class='av_textblock_section av-meh1njsp-631d4fe4de835c694811819b7976b622'  itemscope=\"itemscope\" itemtype=\"https:\/\/schema.org\/CreativeWork\" ><div class='avia_textblock'  itemprop=\"text\" ><h1>Fu\u00dfballschal bedruckt mit Ihrem eigenen Design<\/h1>\n<p>M\u00f6chten Sie eine <a href=\"https:\/\/www.fandome.nl\/de\/product\/voetbalsjaal-laten-maken\/\" rel=\"noopener\">Fu\u00dfballschal bedrucken<\/a> mit deinem eigenen Design, Logo oder Text? Dann bist du bei FanDome genau richtig. Und seien wir ehrlich: Auch wenn wir es \"bedrucken\" nennen, wird der Schal bei uns tats\u00e4chlich gestrickt und nicht bedruckt - und dieser Unterschied macht sich in Aussehen und Haltbarkeit sofort bemerkbar. Nur wenn Sie einen leichteren, d\u00fcnnen Schal suchen, verwenden wir den Sublimationsdruck in allen m\u00f6glichen Farben. Wir erkl\u00e4ren Ihnen gerne, was am besten zu Ihren Bed\u00fcrfnissen passt, damit Sie immer die richtige Wahl treffen.<\/p>\n<h4>Ma\u00dfgeschneidert, genau wie Sie es w\u00fcnschen<\/h4>\n<p>Ob Sie bereits ein fertiges Design haben oder nur eine Idee im Kopf: Unser Team begleitet Sie von der Skizze bis zum fertigen Produkt. Sie sagen uns, was Sie wollen, wir setzen es in ein kreatives Design um, das zu Ihrem Verein, Verband oder Ihrer Fangruppe passt. Alles geschieht in enger Absprache, mit kurzen Wegen und klarer Kommunikation.<\/p>\n<p>Sie k\u00f6nnen aus verschiedenen Gr\u00f6\u00dfen w\u00e4hlen (110 cm f\u00fcr Kinder oder 140, 160 und 180 cm f\u00fcr Erwachsene). Vorder- und R\u00fcckseite unterschiedlich? Auch das ist m\u00f6glich. Mit mehr als 100 Garnfarben auf Lager sorgen wir daf\u00fcr, dass Ihre Farben immer exakt getroffen werden. Auf diese Weise kreieren Sie einen Schal, der ganz zu Ihrer Identit\u00e4t passt.<\/p>\n<h4>In Spitzenqualit\u00e4t gestrickt<\/h4>\n<p>Jeder Fu\u00dfballschal wird in einem St\u00fcck gestrickt - ohne N\u00e4hte. Das bedeutet mehr Komfort, einen festeren Sitz und einen professionellen Look. Unser F\u00fcnf-Sterne-Schal ist ideal f\u00fcr detaillierte Designs, wie Maskottchen, Waffen oder feine Linien in Ihrem Logo. Denken Sie an Pixel: Je mehr Stiche, desto sch\u00e4rfer das Ergebnis.<\/p>\n<p>Und dann diese Farbpalette: intensiv, lebendig und strapazierf\u00e4hig. So sieht Ihr Design auch nach Jahren des Feierns oder Jubelns noch gut aus. Gro\u00dfe Vereine aus der Champions League haben es Ihnen schon vorgemacht. Sind Sie neugierig, wie das aussehen k\u00f6nnte? Werfen Sie einen Blick auf unsere <a href=\"https:\/\/www.fandome.nl\/de\/voorbeelden\/\" rel=\"noopener\">Beispiele f\u00fcr Schals<\/a> f\u00fcr Inspiration und Ideen.<\/p>\n<h4>Schnelle Lieferung, kostenloser Entwurf und Muster<\/h4>\n<p>Sie erhalten Ihre Schals innerhalb von drei Wochen? \u00dcberhaupt kein Problem. Sie erhalten immer zuerst einen kostenlosen Entwurf und nach der Bestellung auch ein Muster (Fotos), um das Endergebnis richtig beurteilen zu k\u00f6nnen.<\/p>\n<p>Sie sind sich noch unsicher oder wollen verschiedene Nummern vergleichen? Ab 30 St\u00fcck denken wir mit Ihnen mit und beraten Sie ehrlich. So kannst du sicher sein, dass du den besten Deal und den sch\u00f6nsten Fu\u00dfballschal bekommst.<\/p>\n<\/div><\/section><\/div><div class='flex_column av-2wwe76-9146b1d87b9df8ec285497813870aa50 av_one_third  avia-builder-el-4  el_after_av_two_third  avia-builder-el-last  flex_column_div'   ><style type=\"text\/css\" data-created_by=\"avia_inline_auto\" id=\"style-css-av-meh1uetz-7df12b52103b123f83a2d38449691029\">\n.avia-image-container.av-meh1uetz-7df12b52103b123f83a2d38449691029 .av-image-caption-overlay-center{\ncolor:#ffffff;\n}\n<\/style>\n<div  class='avia-image-container av-meh1uetz-7df12b52103b123f83a2d38449691029 av-styling- avia-align-center  avia-builder-el-5  avia-builder-el-no-sibling'  itemprop=\"image\" itemscope=\"itemscope\" itemtype=\"https:\/\/schema.org\/ImageObject\" ><div class=\"avia-image-container-inner\"><div class=\"avia-image-overlay-wrap\"><img decoding=\"async\" class='wp-image-1033 avia-img-lazy-loading-not-1033 avia_image' src=\"https:\/\/www.fandome.nl\/wp-content\/uploads\/2023\/02\/Schermafbeelding-2023-02-06-om-14.39.04-1-224x300.png\" alt='Mini Tenue' title='Bildschirmfoto 2023-02-06 um 14.39.04'  height=\"300\" width=\"224\"  itemprop=\"thumbnailUrl\" srcset=\"https:\/\/www.fandome.nl\/wp-content\/uploads\/2023\/02\/Schermafbeelding-2023-02-06-om-14.39.04-1-224x300.png 224w, https:\/\/www.fandome.nl\/wp-content\/uploads\/2023\/02\/Schermafbeelding-2023-02-06-om-14.39.04-1-769x1030.png 769w, https:\/\/www.fandome.nl\/wp-content\/uploads\/2023\/02\/Schermafbeelding-2023-02-06-om-14.39.04-1-768x1028.png 768w, https:\/\/www.fandome.nl\/wp-content\/uploads\/2023\/02\/Schermafbeelding-2023-02-06-om-14.39.04-1-1147x1536.png 1147w, https:\/\/www.fandome.nl\/wp-content\/uploads\/2023\/02\/Schermafbeelding-2023-02-06-om-14.39.04-1-1529x2048.png 1529w, https:\/\/www.fandome.nl\/wp-content\/uploads\/2023\/02\/Schermafbeelding-2023-02-06-om-14.39.04-1-9x12.png 9w, https:\/\/www.fandome.nl\/wp-content\/uploads\/2023\/02\/Schermafbeelding-2023-02-06-om-14.39.04-1-1120x1500.png 1120w, https:\/\/www.fandome.nl\/wp-content\/uploads\/2023\/02\/Schermafbeelding-2023-02-06-om-14.39.04-1-526x705.png 526w\" sizes=\"(max-width: 224px) 100vw, 224px\" \/><\/div><\/div><\/div><\/div><\/p>","protected":false},"excerpt":{"rendered":"","protected":false},"author":1,"featured_media":0,"parent":0,"menu_order":6,"comment_status":"closed","ping_status":"closed","template":"","meta":{"_acf_changed":false,"_monsterinsights_skip_tracking":false,"_monsterinsights_sitenote_active":false,"_monsterinsights_sitenote_note":"","_monsterinsights_sitenote_category":0,"footnotes":""},"class_list":["post-1493","page","type-page","status-publish","hentry"],"acf":[],"yoast_head":"<!-- This site is optimized with the Yoast SEO plugin v27.3 - https:\/\/yoast.com\/product\/yoast-seo-wordpress\/ -->\n<title>Voetbalsjaal bedrukken - FanDome<\/title>\n<meta name=\"description\" content=\"Voetbalsjaal bedrukken voor jouw club of evenement? Ontwerp je eigen sjaal met logo en kleuren. Snel geleverd en volledig op maat gemaakt.\" \/>\n<meta name=\"robots\" content=\"index, follow, max-snippet:-1, max-image-preview:large, max-video-preview:-1\" \/>\n<link rel=\"canonical\" href=\"https:\/\/www.fandome.nl\/de\/voetbalsjaal-bedrukken\/\" \/>\n<meta property=\"og:locale\" content=\"de_DE\" \/>\n<meta property=\"og:type\" content=\"article\" \/>\n<meta property=\"og:title\" content=\"Voetbalsjaal bedrukken - FanDome\" \/>\n<meta property=\"og:description\" content=\"Voetbalsjaal bedrukken voor jouw club of evenement? Ontwerp je eigen sjaal met logo en kleuren. Snel geleverd en volledig op maat gemaakt.\" \/>\n<meta property=\"og:url\" content=\"https:\/\/www.fandome.nl\/de\/voetbalsjaal-bedrukken\/\" \/>\n<meta property=\"og:site_name\" content=\"FanDome\" \/>\n<meta property=\"article:publisher\" content=\"https:\/\/www.facebook.com\/FandomeMerchandising\/?locale=nl_NL\" \/>\n<meta property=\"article:modified_time\" content=\"2025-08-22T11:40:37+00:00\" \/>\n<meta name=\"twitter:card\" content=\"summary_large_image\" \/>\n<meta name=\"twitter:site\" content=\"@FandomeMerchandising\" \/>\n<meta name=\"twitter:label1\" content=\"Gesch\u00e4tzte Lesezeit\" \/>\n\t<meta name=\"twitter:data1\" content=\"3\u00a0Minuten\" \/>\n<script type=\"application\/ld+json\" class=\"yoast-schema-graph\">{\"@context\":\"https:\\\/\\\/schema.org\",\"@graph\":[{\"@type\":\"WebPage\",\"@id\":\"https:\\\/\\\/www.fandome.nl\\\/voetbalsjaal-bedrukken\\\/\",\"url\":\"https:\\\/\\\/www.fandome.nl\\\/voetbalsjaal-bedrukken\\\/\",\"name\":\"Voetbalsjaal bedrukken - FanDome\",\"isPartOf\":{\"@id\":\"https:\\\/\\\/www.fandome.nl\\\/#website\"},\"datePublished\":\"2025-08-12T12:11:00+00:00\",\"dateModified\":\"2025-08-22T11:40:37+00:00\",\"description\":\"Voetbalsjaal bedrukken voor jouw club of evenement? Ontwerp je eigen sjaal met logo en kleuren. Snel geleverd en volledig op maat gemaakt.\",\"breadcrumb\":{\"@id\":\"https:\\\/\\\/www.fandome.nl\\\/voetbalsjaal-bedrukken\\\/#breadcrumb\"},\"inLanguage\":\"de\",\"potentialAction\":[{\"@type\":\"ReadAction\",\"target\":[\"https:\\\/\\\/www.fandome.nl\\\/voetbalsjaal-bedrukken\\\/\"]}]},{\"@type\":\"BreadcrumbList\",\"@id\":\"https:\\\/\\\/www.fandome.nl\\\/voetbalsjaal-bedrukken\\\/#breadcrumb\",\"itemListElement\":[{\"@type\":\"ListItem\",\"position\":1,\"name\":\"Home\",\"item\":\"https:\\\/\\\/www.fandome.nl\\\/home\\\/\"},{\"@type\":\"ListItem\",\"position\":2,\"name\":\"Voetbalsjaal bedrukken\"}]},{\"@type\":\"WebSite\",\"@id\":\"https:\\\/\\\/www.fandome.nl\\\/#website\",\"url\":\"https:\\\/\\\/www.fandome.nl\\\/\",\"name\":\"FanDome\",\"description\":\"De fanartikelen specialist sinds 2003\",\"publisher\":{\"@id\":\"https:\\\/\\\/www.fandome.nl\\\/#organization\"},\"potentialAction\":[{\"@type\":\"SearchAction\",\"target\":{\"@type\":\"EntryPoint\",\"urlTemplate\":\"https:\\\/\\\/www.fandome.nl\\\/?s={search_term_string}\"},\"query-input\":{\"@type\":\"PropertyValueSpecification\",\"valueRequired\":true,\"valueName\":\"search_term_string\"}}],\"inLanguage\":\"de\"},{\"@type\":\"Organization\",\"@id\":\"https:\\\/\\\/www.fandome.nl\\\/#organization\",\"name\":\"FanDome\",\"url\":\"https:\\\/\\\/www.fandome.nl\\\/\",\"logo\":{\"@type\":\"ImageObject\",\"inLanguage\":\"de\",\"@id\":\"https:\\\/\\\/www.fandome.nl\\\/#\\\/schema\\\/logo\\\/image\\\/\",\"url\":\"https:\\\/\\\/www.fandome.nl\\\/wp-content\\\/uploads\\\/2023\\\/02\\\/fandome.png\",\"contentUrl\":\"https:\\\/\\\/www.fandome.nl\\\/wp-content\\\/uploads\\\/2023\\\/02\\\/fandome.png\",\"width\":518,\"height\":180,\"caption\":\"FanDome\"},\"image\":{\"@id\":\"https:\\\/\\\/www.fandome.nl\\\/#\\\/schema\\\/logo\\\/image\\\/\"},\"sameAs\":[\"https:\\\/\\\/www.facebook.com\\\/FandomeMerchandising\\\/?locale=nl_NL\",\"https:\\\/\\\/x.com\\\/FandomeMerchandising\"]}]}<\/script>\n<!-- \/ Yoast SEO plugin. -->","yoast_head_json":{"title":"Voetbalsjaal bedrukken - FanDome","description":"Voetbalsjaal bedrukken voor jouw club of evenement? Ontwerp je eigen sjaal met logo en kleuren. Snel geleverd en volledig op maat gemaakt.","robots":{"index":"index","follow":"follow","max-snippet":"max-snippet:-1","max-image-preview":"max-image-preview:large","max-video-preview":"max-video-preview:-1"},"canonical":"https:\/\/www.fandome.nl\/de\/voetbalsjaal-bedrukken\/","og_locale":"de_DE","og_type":"article","og_title":"Voetbalsjaal bedrukken - FanDome","og_description":"Voetbalsjaal bedrukken voor jouw club of evenement? Ontwerp je eigen sjaal met logo en kleuren. Snel geleverd en volledig op maat gemaakt.","og_url":"https:\/\/www.fandome.nl\/de\/voetbalsjaal-bedrukken\/","og_site_name":"FanDome","article_publisher":"https:\/\/www.facebook.com\/FandomeMerchandising\/?locale=nl_NL","article_modified_time":"2025-08-22T11:40:37+00:00","twitter_card":"summary_large_image","twitter_site":"@FandomeMerchandising","twitter_misc":{"Gesch\u00e4tzte Lesezeit":"3\u00a0Minuten"},"schema":{"@context":"https:\/\/schema.org","@graph":[{"@type":"WebPage","@id":"https:\/\/www.fandome.nl\/voetbalsjaal-bedrukken\/","url":"https:\/\/www.fandome.nl\/voetbalsjaal-bedrukken\/","name":"Voetbalsjaal bedrukken - FanDome","isPartOf":{"@id":"https:\/\/www.fandome.nl\/#website"},"datePublished":"2025-08-12T12:11:00+00:00","dateModified":"2025-08-22T11:40:37+00:00","description":"Voetbalsjaal bedrukken voor jouw club of evenement? Ontwerp je eigen sjaal met logo en kleuren. Snel geleverd en volledig op maat gemaakt.","breadcrumb":{"@id":"https:\/\/www.fandome.nl\/voetbalsjaal-bedrukken\/#breadcrumb"},"inLanguage":"de","potentialAction":[{"@type":"ReadAction","target":["https:\/\/www.fandome.nl\/voetbalsjaal-bedrukken\/"]}]},{"@type":"BreadcrumbList","@id":"https:\/\/www.fandome.nl\/voetbalsjaal-bedrukken\/#breadcrumb","itemListElement":[{"@type":"ListItem","position":1,"name":"Home","item":"https:\/\/www.fandome.nl\/home\/"},{"@type":"ListItem","position":2,"name":"Voetbalsjaal bedrukken"}]},{"@type":"WebSite","@id":"https:\/\/www.fandome.nl\/#website","url":"https:\/\/www.fandome.nl\/","name":"FanDome","description":"Der Spezialist f\u00fcr Fanartikel seit 2003","publisher":{"@id":"https:\/\/www.fandome.nl\/#organization"},"potentialAction":[{"@type":"SearchAction","target":{"@type":"EntryPoint","urlTemplate":"https:\/\/www.fandome.nl\/?s={search_term_string}"},"query-input":{"@type":"PropertyValueSpecification","valueRequired":true,"valueName":"search_term_string"}}],"inLanguage":"de"},{"@type":"Organization","@id":"https:\/\/www.fandome.nl\/#organization","name":"FanDome","url":"https:\/\/www.fandome.nl\/","logo":{"@type":"ImageObject","inLanguage":"de","@id":"https:\/\/www.fandome.nl\/#\/schema\/logo\/image\/","url":"https:\/\/www.fandome.nl\/wp-content\/uploads\/2023\/02\/fandome.png","contentUrl":"https:\/\/www.fandome.nl\/wp-content\/uploads\/2023\/02\/fandome.png","width":518,"height":180,"caption":"FanDome"},"image":{"@id":"https:\/\/www.fandome.nl\/#\/schema\/logo\/image\/"},"sameAs":["https:\/\/www.facebook.com\/FandomeMerchandising\/?locale=nl_NL","https:\/\/x.com\/FandomeMerchandising"]}]}},"_links":{"self":[{"href":"https:\/\/www.fandome.nl\/de\/wp-json\/wp\/v2\/pages\/1493","targetHints":{"allow":["GET"]}}],"collection":[{"href":"https:\/\/www.fandome.nl\/de\/wp-json\/wp\/v2\/pages"}],"about":[{"href":"https:\/\/www.fandome.nl\/de\/wp-json\/wp\/v2\/types\/page"}],"author":[{"embeddable":true,"href":"https:\/\/www.fandome.nl\/de\/wp-json\/wp\/v2\/users\/1"}],"replies":[{"embeddable":true,"href":"https:\/\/www.fandome.nl\/de\/wp-json\/wp\/v2\/comments?post=1493"}],"version-history":[{"count":5,"href":"https:\/\/www.fandome.nl\/de\/wp-json\/wp\/v2\/pages\/1493\/revisions"}],"predecessor-version":[{"id":1594,"href":"https:\/\/www.fandome.nl\/de\/wp-json\/wp\/v2\/pages\/1493\/revisions\/1594"}],"wp:attachment":[{"href":"https:\/\/www.fandome.nl\/de\/wp-json\/wp\/v2\/media?parent=1493"}],"curies":[{"name":"wp","href":"https:\/\/api.w.org\/{rel}","templated":true}]}}