{"id":1498,"date":"2025-08-13T14:14:11","date_gmt":"2025-08-13T12:14:11","guid":{"rendered":"https:\/\/www.fandome.nl\/?page_id=1498"},"modified":"2025-08-22T13:22:45","modified_gmt":"2025-08-22T11:22:45","slug":"mini-tenue","status":"publish","type":"page","link":"https:\/\/www.fandome.nl\/de\/mini-tenue\/","title":{"rendered":"Mini-Tenue"},"content":{"rendered":"<style type=\"text\/css\" data-created_by=\"avia_inline_auto\" id=\"style-css-av-mel7csxi-6c761cba38274cc1f35a4938519ae807\">\n#top .hr.hr-invisible.av-mel7csxi-6c761cba38274cc1f35a4938519ae807{\nheight:50px;\n}\n<\/style>\n<div  class='hr av-mel7csxi-6c761cba38274cc1f35a4938519ae807 hr-invisible  avia-builder-el-1  el_after_av_codeblock  el_before_av_two_third'><span class='hr-inner'><span class=\"hr-inner-style\"><\/span><\/span><\/div>\n<div class='flex_column av-42j0te-1d2a235f4c575715db2dea318c59539d av_two_third  avia-builder-el-2  el_after_av_hr  el_before_av_one_third  first flex_column_div'   ><section  class='av_textblock_section av-meh1njsp-631d4fe4de835c694811819b7976b622'  itemscope=\"itemscope\" itemtype=\"https:\/\/schema.org\/CreativeWork\" ><div class='avia_textblock'  itemprop=\"text\" ><h1>Mini-T-Shirt - originell und stilvoll<\/h1>\n<p>Sind Sie auf der Suche nach einem originellen Werbeartikel f\u00fcr Ihren Verein, Verband oder Ihre Veranstaltung? Dann ist unser Mini-Shirt genau das Richtige f\u00fcr Sie. Dieses Mini-Shirt ist der moderne und stilvolle Nachfolger des bekannten <a href=\"https:\/\/www.fandome.nl\/de\/product\/minitenue-autotenuetje\/\" rel=\"noopener\">Autohemd<\/a> aus den 80er- und 90er-Jahren - nur viel sch\u00f6ner, straffer und mit unglaublichen Details.<\/p>\n<h4>Mini-Shirt mit maximaler Wirkung<\/h4>\n<p>Ob Sie in der <a href=\"https:\/\/www.fandome.nl\/de\/auto-tenue\/\" rel=\"noopener\">Auto<\/a> Wer sein Fanherz zu Hause zeigen will, zeigt mit diesem Mini-Trikot \u00fcberall, wof\u00fcr er steht. Vom Fu\u00dfball bis zum Bauernkittel, vom Motorsport bis zum Radsport - wir fertigen Ihr Mini-Shirt ganz individuell an. Trikot und Hose lose auf einem B\u00fcgel, Lieferung mit Saugnapf.<\/p>\n<p>Dank seiner kompakten Gr\u00f6\u00dfe (16 cm) passt er perfekt in Ihren R\u00fcckspiegel, ohne die Sicht zu behindern. Sie bevorzugen eine gr\u00f6\u00dfere Version? Die 23-cm-Version ist ideal f\u00fcr zu Hause oder an den Seiten- oder Heckscheiben Ihres Autos.<\/p>\n<h4>Vollfarbig und messerscharf gestrickt<\/h4>\n<p>Unsere Mini-T-Shirts sind vollfarbig und so detailliert, dass selbst kleine Logos und Buchstaben perfekt sichtbar sind. Keine unscharfen Aufdrucke, sondern schlicht und professionell - genau so, wie es sein sollte.<\/p>\n<h4>F\u00fcr jede Sportart, jedes Ereignis<\/h4>\n<p>Fu\u00dfball, Eishockey, Basketball, Rugby, Radfahren, Karneval oder Bauernkittel: alles ist m\u00f6glich. Und das Tolle ist: Bei FanDome zahlen Sie keine Einrichtungskosten. Das macht die Bestellung noch einfacher.<\/p>\n<p>Lassen Sie Ihr eigenes Mini-Tenue gestalten, ohne dass Sie sich darum k\u00fcmmern m\u00fcssen. Kein Chaos von der Stange, sondern Qualit\u00e4t bis ins Detail. Interessiert? Mailen Sie an info@fandome.nl und erhalten Sie bald Ihr Angebot.<\/p>\n<p>Zeigen Sie Ihre Vereinsfarben. Jederzeit und \u00fcberall. Ob Sie sich f\u00fcr eine Mini-Uniform oder ein <a href=\"https:\/\/www.fandome.nl\/de\/product\/carnavalssjaal\/\" rel=\"noopener\">Karnevalsschal<\/a> - Ihr Club sticht immer hervor.<\/p>\n<\/div><\/section><\/div>\n<div class='flex_column av-2wwe76-9146b1d87b9df8ec285497813870aa50 av_one_third  avia-builder-el-4  el_after_av_two_third  avia-builder-el-last  flex_column_div'   ><style type=\"text\/css\" data-created_by=\"avia_inline_auto\" id=\"style-css-av-meh1uetz-7df12b52103b123f83a2d38449691029\">\n.avia-image-container.av-meh1uetz-7df12b52103b123f83a2d38449691029 .av-image-caption-overlay-center{\ncolor:#ffffff;\n}\n<\/style>\n<div  class='avia-image-container av-meh1uetz-7df12b52103b123f83a2d38449691029 av-styling- avia-align-center  avia-builder-el-5  avia-builder-el-no-sibling'  itemprop=\"image\" itemscope=\"itemscope\" itemtype=\"https:\/\/schema.org\/ImageObject\" ><div class=\"avia-image-container-inner\"><div class=\"avia-image-overlay-wrap\"><img decoding=\"async\" class='wp-image-1033 avia-img-lazy-loading-not-1033 avia_image' src=\"https:\/\/www.fandome.nl\/wp-content\/uploads\/2023\/02\/Schermafbeelding-2023-02-06-om-14.39.04-1-224x300.png\" alt='Mini Tenue' title='Bildschirmfoto 2023-02-06 um 14.39.04'  height=\"300\" width=\"224\"  itemprop=\"thumbnailUrl\" srcset=\"https:\/\/www.fandome.nl\/wp-content\/uploads\/2023\/02\/Schermafbeelding-2023-02-06-om-14.39.04-1-224x300.png 224w, https:\/\/www.fandome.nl\/wp-content\/uploads\/2023\/02\/Schermafbeelding-2023-02-06-om-14.39.04-1-769x1030.png 769w, https:\/\/www.fandome.nl\/wp-content\/uploads\/2023\/02\/Schermafbeelding-2023-02-06-om-14.39.04-1-768x1028.png 768w, https:\/\/www.fandome.nl\/wp-content\/uploads\/2023\/02\/Schermafbeelding-2023-02-06-om-14.39.04-1-1147x1536.png 1147w, https:\/\/www.fandome.nl\/wp-content\/uploads\/2023\/02\/Schermafbeelding-2023-02-06-om-14.39.04-1-1529x2048.png 1529w, https:\/\/www.fandome.nl\/wp-content\/uploads\/2023\/02\/Schermafbeelding-2023-02-06-om-14.39.04-1-9x12.png 9w, https:\/\/www.fandome.nl\/wp-content\/uploads\/2023\/02\/Schermafbeelding-2023-02-06-om-14.39.04-1-1120x1500.png 1120w, https:\/\/www.fandome.nl\/wp-content\/uploads\/2023\/02\/Schermafbeelding-2023-02-06-om-14.39.04-1-526x705.png 526w\" sizes=\"(max-width: 224px) 100vw, 224px\" \/><\/div><\/div><\/div><\/div>","protected":false},"excerpt":{"rendered":"","protected":false},"author":1,"featured_media":0,"parent":0,"menu_order":5,"comment_status":"closed","ping_status":"closed","template":"","meta":{"_acf_changed":false,"_monsterinsights_skip_tracking":false,"_monsterinsights_sitenote_active":false,"_monsterinsights_sitenote_note":"","_monsterinsights_sitenote_category":0,"footnotes":""},"class_list":["post-1498","page","type-page","status-publish","hentry"],"acf":[],"yoast_head":"<!-- This site is optimized with the Yoast SEO plugin v27.3 - https:\/\/yoast.com\/product\/yoast-seo-wordpress\/ -->\n<title>Mini Tenue - FanDome<\/title>\n<meta name=\"description\" content=\"Mini Tenue laten maken? Toon je clubkleuren met een uniek mini voetbaltenue. Ideaal voor supporters, teams en evenementen.\" \/>\n<meta name=\"robots\" content=\"index, follow, max-snippet:-1, max-image-preview:large, max-video-preview:-1\" \/>\n<link rel=\"canonical\" href=\"https:\/\/www.fandome.nl\/de\/mini-tenue\/\" \/>\n<meta property=\"og:locale\" content=\"de_DE\" \/>\n<meta property=\"og:type\" content=\"article\" \/>\n<meta property=\"og:title\" content=\"Mini Tenue - FanDome\" \/>\n<meta property=\"og:description\" content=\"Mini Tenue laten maken? Toon je clubkleuren met een uniek mini voetbaltenue. Ideaal voor supporters, teams en evenementen.\" \/>\n<meta property=\"og:url\" content=\"https:\/\/www.fandome.nl\/de\/mini-tenue\/\" \/>\n<meta property=\"og:site_name\" content=\"FanDome\" \/>\n<meta property=\"article:publisher\" content=\"https:\/\/www.facebook.com\/FandomeMerchandising\/?locale=nl_NL\" \/>\n<meta property=\"article:modified_time\" content=\"2025-08-22T11:22:45+00:00\" \/>\n<meta name=\"twitter:card\" content=\"summary_large_image\" \/>\n<meta name=\"twitter:site\" content=\"@FandomeMerchandising\" \/>\n<meta name=\"twitter:label1\" content=\"Gesch\u00e4tzte Lesezeit\" \/>\n\t<meta name=\"twitter:data1\" content=\"3\u00a0Minuten\" \/>\n<script type=\"application\/ld+json\" class=\"yoast-schema-graph\">{\"@context\":\"https:\\\/\\\/schema.org\",\"@graph\":[{\"@type\":\"WebPage\",\"@id\":\"https:\\\/\\\/www.fandome.nl\\\/mini-tenue\\\/\",\"url\":\"https:\\\/\\\/www.fandome.nl\\\/mini-tenue\\\/\",\"name\":\"Mini Tenue - FanDome\",\"isPartOf\":{\"@id\":\"https:\\\/\\\/www.fandome.nl\\\/#website\"},\"datePublished\":\"2025-08-13T12:14:11+00:00\",\"dateModified\":\"2025-08-22T11:22:45+00:00\",\"description\":\"Mini Tenue laten maken? Toon je clubkleuren met een uniek mini voetbaltenue. Ideaal voor supporters, teams en evenementen.\",\"breadcrumb\":{\"@id\":\"https:\\\/\\\/www.fandome.nl\\\/mini-tenue\\\/#breadcrumb\"},\"inLanguage\":\"de\",\"potentialAction\":[{\"@type\":\"ReadAction\",\"target\":[\"https:\\\/\\\/www.fandome.nl\\\/mini-tenue\\\/\"]}]},{\"@type\":\"BreadcrumbList\",\"@id\":\"https:\\\/\\\/www.fandome.nl\\\/mini-tenue\\\/#breadcrumb\",\"itemListElement\":[{\"@type\":\"ListItem\",\"position\":1,\"name\":\"Home\",\"item\":\"https:\\\/\\\/www.fandome.nl\\\/home\\\/\"},{\"@type\":\"ListItem\",\"position\":2,\"name\":\"Mini Tenue\"}]},{\"@type\":\"WebSite\",\"@id\":\"https:\\\/\\\/www.fandome.nl\\\/#website\",\"url\":\"https:\\\/\\\/www.fandome.nl\\\/\",\"name\":\"FanDome\",\"description\":\"De fanartikelen specialist sinds 2003\",\"publisher\":{\"@id\":\"https:\\\/\\\/www.fandome.nl\\\/#organization\"},\"potentialAction\":[{\"@type\":\"SearchAction\",\"target\":{\"@type\":\"EntryPoint\",\"urlTemplate\":\"https:\\\/\\\/www.fandome.nl\\\/?s={search_term_string}\"},\"query-input\":{\"@type\":\"PropertyValueSpecification\",\"valueRequired\":true,\"valueName\":\"search_term_string\"}}],\"inLanguage\":\"de\"},{\"@type\":\"Organization\",\"@id\":\"https:\\\/\\\/www.fandome.nl\\\/#organization\",\"name\":\"FanDome\",\"url\":\"https:\\\/\\\/www.fandome.nl\\\/\",\"logo\":{\"@type\":\"ImageObject\",\"inLanguage\":\"de\",\"@id\":\"https:\\\/\\\/www.fandome.nl\\\/#\\\/schema\\\/logo\\\/image\\\/\",\"url\":\"https:\\\/\\\/www.fandome.nl\\\/wp-content\\\/uploads\\\/2023\\\/02\\\/fandome.png\",\"contentUrl\":\"https:\\\/\\\/www.fandome.nl\\\/wp-content\\\/uploads\\\/2023\\\/02\\\/fandome.png\",\"width\":518,\"height\":180,\"caption\":\"FanDome\"},\"image\":{\"@id\":\"https:\\\/\\\/www.fandome.nl\\\/#\\\/schema\\\/logo\\\/image\\\/\"},\"sameAs\":[\"https:\\\/\\\/www.facebook.com\\\/FandomeMerchandising\\\/?locale=nl_NL\",\"https:\\\/\\\/x.com\\\/FandomeMerchandising\"]}]}<\/script>\n<!-- \/ Yoast SEO plugin. -->","yoast_head_json":{"title":"Mini Tenue - FanDome","description":"Mini Tenue laten maken? Toon je clubkleuren met een uniek mini voetbaltenue. Ideaal voor supporters, teams en evenementen.","robots":{"index":"index","follow":"follow","max-snippet":"max-snippet:-1","max-image-preview":"max-image-preview:large","max-video-preview":"max-video-preview:-1"},"canonical":"https:\/\/www.fandome.nl\/de\/mini-tenue\/","og_locale":"de_DE","og_type":"article","og_title":"Mini Tenue - FanDome","og_description":"Mini Tenue laten maken? Toon je clubkleuren met een uniek mini voetbaltenue. Ideaal voor supporters, teams en evenementen.","og_url":"https:\/\/www.fandome.nl\/de\/mini-tenue\/","og_site_name":"FanDome","article_publisher":"https:\/\/www.facebook.com\/FandomeMerchandising\/?locale=nl_NL","article_modified_time":"2025-08-22T11:22:45+00:00","twitter_card":"summary_large_image","twitter_site":"@FandomeMerchandising","twitter_misc":{"Gesch\u00e4tzte Lesezeit":"3\u00a0Minuten"},"schema":{"@context":"https:\/\/schema.org","@graph":[{"@type":"WebPage","@id":"https:\/\/www.fandome.nl\/mini-tenue\/","url":"https:\/\/www.fandome.nl\/mini-tenue\/","name":"Mini Tenue - FanDome","isPartOf":{"@id":"https:\/\/www.fandome.nl\/#website"},"datePublished":"2025-08-13T12:14:11+00:00","dateModified":"2025-08-22T11:22:45+00:00","description":"Mini Tenue laten maken? Toon je clubkleuren met een uniek mini voetbaltenue. Ideaal voor supporters, teams en evenementen.","breadcrumb":{"@id":"https:\/\/www.fandome.nl\/mini-tenue\/#breadcrumb"},"inLanguage":"de","potentialAction":[{"@type":"ReadAction","target":["https:\/\/www.fandome.nl\/mini-tenue\/"]}]},{"@type":"BreadcrumbList","@id":"https:\/\/www.fandome.nl\/mini-tenue\/#breadcrumb","itemListElement":[{"@type":"ListItem","position":1,"name":"Home","item":"https:\/\/www.fandome.nl\/home\/"},{"@type":"ListItem","position":2,"name":"Mini Tenue"}]},{"@type":"WebSite","@id":"https:\/\/www.fandome.nl\/#website","url":"https:\/\/www.fandome.nl\/","name":"FanDome","description":"Der Spezialist f\u00fcr Fanartikel seit 2003","publisher":{"@id":"https:\/\/www.fandome.nl\/#organization"},"potentialAction":[{"@type":"SearchAction","target":{"@type":"EntryPoint","urlTemplate":"https:\/\/www.fandome.nl\/?s={search_term_string}"},"query-input":{"@type":"PropertyValueSpecification","valueRequired":true,"valueName":"search_term_string"}}],"inLanguage":"de"},{"@type":"Organization","@id":"https:\/\/www.fandome.nl\/#organization","name":"FanDome","url":"https:\/\/www.fandome.nl\/","logo":{"@type":"ImageObject","inLanguage":"de","@id":"https:\/\/www.fandome.nl\/#\/schema\/logo\/image\/","url":"https:\/\/www.fandome.nl\/wp-content\/uploads\/2023\/02\/fandome.png","contentUrl":"https:\/\/www.fandome.nl\/wp-content\/uploads\/2023\/02\/fandome.png","width":518,"height":180,"caption":"FanDome"},"image":{"@id":"https:\/\/www.fandome.nl\/#\/schema\/logo\/image\/"},"sameAs":["https:\/\/www.facebook.com\/FandomeMerchandising\/?locale=nl_NL","https:\/\/x.com\/FandomeMerchandising"]}]}},"_links":{"self":[{"href":"https:\/\/www.fandome.nl\/de\/wp-json\/wp\/v2\/pages\/1498","targetHints":{"allow":["GET"]}}],"collection":[{"href":"https:\/\/www.fandome.nl\/de\/wp-json\/wp\/v2\/pages"}],"about":[{"href":"https:\/\/www.fandome.nl\/de\/wp-json\/wp\/v2\/types\/page"}],"author":[{"embeddable":true,"href":"https:\/\/www.fandome.nl\/de\/wp-json\/wp\/v2\/users\/1"}],"replies":[{"embeddable":true,"href":"https:\/\/www.fandome.nl\/de\/wp-json\/wp\/v2\/comments?post=1498"}],"version-history":[{"count":4,"href":"https:\/\/www.fandome.nl\/de\/wp-json\/wp\/v2\/pages\/1498\/revisions"}],"predecessor-version":[{"id":1590,"href":"https:\/\/www.fandome.nl\/de\/wp-json\/wp\/v2\/pages\/1498\/revisions\/1590"}],"wp:attachment":[{"href":"https:\/\/www.fandome.nl\/de\/wp-json\/wp\/v2\/media?parent=1498"}],"curies":[{"name":"wp","href":"https:\/\/api.w.org\/{rel}","templated":true}]}}