{"id":1501,"date":"2025-07-15T14:15:06","date_gmt":"2025-07-15T12:15:06","guid":{"rendered":"https:\/\/www.fandome.nl\/?page_id=1501"},"modified":"2025-08-22T13:20:49","modified_gmt":"2025-08-22T11:20:49","slug":"auto-tenue","status":"publish","type":"page","link":"https:\/\/www.fandome.nl\/de\/auto-tenue\/","title":{"rendered":"Auto Tenue"},"content":{"rendered":"<style type=\"text\/css\" data-created_by=\"avia_inline_auto\" id=\"style-css-av-mel5g1wl-e6d6f5e508ab6932b194cb327ca467a8\">\n#top .hr.hr-invisible.av-mel5g1wl-e6d6f5e508ab6932b194cb327ca467a8{\nheight:50px;\n}\n<\/style>\n<div  class='hr av-mel5g1wl-e6d6f5e508ab6932b194cb327ca467a8 hr-invisible  avia-builder-el-1  el_after_av_codeblock  el_before_av_two_third'><span class='hr-inner'><span class=\"hr-inner-style\"><\/span><\/span><\/div>\n<p><div class='flex_column av-42j0te-1d2a235f4c575715db2dea318c59539d av_two_third  avia-builder-el-2  el_after_av_hr  el_before_av_one_third  first flex_column_div'   ><section  class='av_textblock_section av-meh1njsp-631d4fe4de835c694811819b7976b622'  itemscope=\"itemscope\" itemtype=\"https:\/\/schema.org\/CreativeWork\" ><div class='avia_textblock'  itemprop=\"text\" ><h1>Zeigen Sie Ihre Vereinsfarben mit einem einzigartigen Auto-T-Shirt<\/h1>\n<p>Sind Sie auf der Suche nach einem auff\u00e4lligen und originellen Artikel f\u00fcr Ihren Verein oder Ihre Veranstaltung? Dann ist ein <a href=\"https:\/\/www.fandome.nl\/de\/product\/minitenue-autotenuetje\/\" rel=\"noopener\">Autolackierung<\/a> genau das, was Sie brauchen. Kein unf\u00f6rmiges Autohemd, sondern ein stilvolles <a href=\"https:\/\/www.fandome.nl\/de\/mini-tenue\/\" rel=\"noopener\">Mini-Uniform<\/a> in den eigenen Vereinsfarben - detailgetreu und in h\u00f6chster Qualit\u00e4t nachgebildet.<\/p>\n<h4>Mini-Tenue am Spiegel, Vereinsstolz f\u00fcr unterwegs<\/h4>\n<p>Der Bausatz ist ein ma\u00dfstabsgetreues Modell eines kompletten Bausatzes: ein separates Hemd und eine Shorts, ordentlich auf einem Body, inklusive Saugnapf. H\u00e4ngen Sie es an Ihren R\u00fcckspiegel, an Ihr Seitenfenster oder stellen Sie es zu Hause auf. So kannst du \u00fcberall zeigen, wof\u00fcr du stehst - Fu\u00dfball, Bauernkittel, Hockey, Rugby, Motorsport, Radfahren oder Karneval... fast alles ist m\u00f6glich.<\/p>\n<p>Wir gestalten jedes Mini-Tenue individuell, vollfarbig und mit messerscharfen Details. Von kleinen Logos bis hin zu subtilen Mustern - alles kommt wunderbar zur Geltung. Erh\u00e4ltlich in zwei Gr\u00f6\u00dfen: 16 cm (perfekt f\u00fcr das Auto) und 23 cm (f\u00fcr Zuhause oder gr\u00f6\u00dfere Fenster).<\/p>\n<h4>Keine Einrichtungskosten, aber Spitzenqualit\u00e4t<\/h4>\n<p>Bei FanDome zahlen Sie keine Einrichtungskosten. Du bekommst also ein professionelles und personalisiertes Autotrikot, ganz nach Deinen W\u00fcnschen - ohne viel Aufhebens und ohne versteckte Kosten.<\/p>\n<p>Und das ist noch nicht alles: Sie arbeiten mit unserem Designteam zusammen, das Ihnen hilft, das sch\u00f6nste Design zu realisieren. Schnell, unterhaltsam und immer in Absprache.<\/p>\n<h4>Sind Sie bereit, Ihr eigenes Mini-Tenue zu entwerfen? Schicken Sie Ihre Idee per E-Mail an info@fandome.nl und Sie erhalten bald ein kostenloses Angebot.<\/h4>\n<p>Zeigen Sie Ihren Club, auch unterwegs - mit den detailliertesten <a href=\"https:\/\/www.fandome.nl\/de\/product\/minitenue-autotenuetje\/\" rel=\"noopener\">auto tenue&lt;\/ahttps:\/\/www.fandome.nl\/wp-admin\/post.php?post=1501&amp;action=edit#save&gt; van Nederland en Belgi\u00eb.<\/p>\n<\/div><\/section><\/div><\/a><\/p>\n<div class='flex_column av-2wwe76-9146b1d87b9df8ec285497813870aa50 av_one_third  avia-builder-el-4  el_after_av_two_third  avia-builder-el-last  flex_column_div'   ><style type=\"text\/css\" data-created_by=\"avia_inline_auto\" id=\"style-css-av-meh1uetz-f515dd11fd3d96af5d973eac13443be1\">\n.avia-image-container.av-meh1uetz-f515dd11fd3d96af5d973eac13443be1 .av-image-caption-overlay-center{\ncolor:#ffffff;\n}\n<\/style>\n<div  class='avia-image-container av-meh1uetz-f515dd11fd3d96af5d973eac13443be1 av-styling- avia-align-center  avia-builder-el-5  avia-builder-el-no-sibling'  itemprop=\"image\" itemscope=\"itemscope\" itemtype=\"https:\/\/schema.org\/ImageObject\" ><div class=\"avia-image-container-inner\"><div class=\"avia-image-overlay-wrap\"><img decoding=\"async\" class='wp-image-1033 avia-img-lazy-loading-not-1033 avia_image' src=\"https:\/\/www.fandome.nl\/wp-content\/uploads\/2023\/02\/Schermafbeelding-2023-02-06-om-14.39.04-1-224x300.png\" alt='Auto Tenue' title='Bildschirmfoto 2023-02-06 um 14.39.04'  height=\"300\" width=\"224\"  itemprop=\"thumbnailUrl\" srcset=\"https:\/\/www.fandome.nl\/wp-content\/uploads\/2023\/02\/Schermafbeelding-2023-02-06-om-14.39.04-1-224x300.png 224w, https:\/\/www.fandome.nl\/wp-content\/uploads\/2023\/02\/Schermafbeelding-2023-02-06-om-14.39.04-1-769x1030.png 769w, https:\/\/www.fandome.nl\/wp-content\/uploads\/2023\/02\/Schermafbeelding-2023-02-06-om-14.39.04-1-768x1028.png 768w, https:\/\/www.fandome.nl\/wp-content\/uploads\/2023\/02\/Schermafbeelding-2023-02-06-om-14.39.04-1-1147x1536.png 1147w, https:\/\/www.fandome.nl\/wp-content\/uploads\/2023\/02\/Schermafbeelding-2023-02-06-om-14.39.04-1-1529x2048.png 1529w, https:\/\/www.fandome.nl\/wp-content\/uploads\/2023\/02\/Schermafbeelding-2023-02-06-om-14.39.04-1-9x12.png 9w, https:\/\/www.fandome.nl\/wp-content\/uploads\/2023\/02\/Schermafbeelding-2023-02-06-om-14.39.04-1-1120x1500.png 1120w, https:\/\/www.fandome.nl\/wp-content\/uploads\/2023\/02\/Schermafbeelding-2023-02-06-om-14.39.04-1-526x705.png 526w\" sizes=\"(max-width: 224px) 100vw, 224px\" \/><\/div><\/div><\/div><\/div>","protected":false},"excerpt":{"rendered":"","protected":false},"author":1,"featured_media":0,"parent":0,"menu_order":1,"comment_status":"closed","ping_status":"closed","template":"","meta":{"_acf_changed":false,"_monsterinsights_skip_tracking":false,"_monsterinsights_sitenote_active":false,"_monsterinsights_sitenote_note":"","_monsterinsights_sitenote_category":0,"footnotes":""},"class_list":["post-1501","page","type-page","status-publish","hentry"],"acf":[],"yoast_head":"<!-- This site is optimized with the Yoast SEO plugin v27.3 - https:\/\/yoast.com\/product\/yoast-seo-wordpress\/ -->\n<title>Auto Tenue - FanDome<\/title>\n<meta name=\"description\" content=\"Auto Tenue \u2013 Het leukste mini voetbaltenue voor in je auto. Laat jouw clubkleuren overal zien en steun je team onderweg!\" \/>\n<meta name=\"robots\" content=\"index, follow, max-snippet:-1, max-image-preview:large, max-video-preview:-1\" \/>\n<link rel=\"canonical\" href=\"https:\/\/www.fandome.nl\/de\/auto-tenue\/\" \/>\n<meta property=\"og:locale\" content=\"de_DE\" \/>\n<meta property=\"og:type\" content=\"article\" \/>\n<meta property=\"og:title\" content=\"Auto Tenue - FanDome\" \/>\n<meta property=\"og:description\" content=\"Auto Tenue \u2013 Het leukste mini voetbaltenue voor in je auto. Laat jouw clubkleuren overal zien en steun je team onderweg!\" \/>\n<meta property=\"og:url\" content=\"https:\/\/www.fandome.nl\/de\/auto-tenue\/\" \/>\n<meta property=\"og:site_name\" content=\"FanDome\" \/>\n<meta property=\"article:publisher\" content=\"https:\/\/www.facebook.com\/FandomeMerchandising\/?locale=nl_NL\" \/>\n<meta property=\"article:modified_time\" content=\"2025-08-22T11:20:49+00:00\" \/>\n<meta name=\"twitter:card\" content=\"summary_large_image\" \/>\n<meta name=\"twitter:site\" content=\"@FandomeMerchandising\" \/>\n<meta name=\"twitter:label1\" content=\"Gesch\u00e4tzte Lesezeit\" \/>\n\t<meta name=\"twitter:data1\" content=\"3\u00a0Minuten\" \/>\n<script type=\"application\/ld+json\" class=\"yoast-schema-graph\">{\"@context\":\"https:\\\/\\\/schema.org\",\"@graph\":[{\"@type\":\"WebPage\",\"@id\":\"https:\\\/\\\/www.fandome.nl\\\/auto-tenue\\\/\",\"url\":\"https:\\\/\\\/www.fandome.nl\\\/auto-tenue\\\/\",\"name\":\"Auto Tenue - FanDome\",\"isPartOf\":{\"@id\":\"https:\\\/\\\/www.fandome.nl\\\/#website\"},\"datePublished\":\"2025-07-15T12:15:06+00:00\",\"dateModified\":\"2025-08-22T11:20:49+00:00\",\"description\":\"Auto Tenue \u2013 Het leukste mini voetbaltenue voor in je auto. Laat jouw clubkleuren overal zien en steun je team onderweg!\",\"breadcrumb\":{\"@id\":\"https:\\\/\\\/www.fandome.nl\\\/auto-tenue\\\/#breadcrumb\"},\"inLanguage\":\"de\",\"potentialAction\":[{\"@type\":\"ReadAction\",\"target\":[\"https:\\\/\\\/www.fandome.nl\\\/auto-tenue\\\/\"]}]},{\"@type\":\"BreadcrumbList\",\"@id\":\"https:\\\/\\\/www.fandome.nl\\\/auto-tenue\\\/#breadcrumb\",\"itemListElement\":[{\"@type\":\"ListItem\",\"position\":1,\"name\":\"Home\",\"item\":\"https:\\\/\\\/www.fandome.nl\\\/home\\\/\"},{\"@type\":\"ListItem\",\"position\":2,\"name\":\"Auto Tenue\"}]},{\"@type\":\"WebSite\",\"@id\":\"https:\\\/\\\/www.fandome.nl\\\/#website\",\"url\":\"https:\\\/\\\/www.fandome.nl\\\/\",\"name\":\"FanDome\",\"description\":\"De fanartikelen specialist sinds 2003\",\"publisher\":{\"@id\":\"https:\\\/\\\/www.fandome.nl\\\/#organization\"},\"potentialAction\":[{\"@type\":\"SearchAction\",\"target\":{\"@type\":\"EntryPoint\",\"urlTemplate\":\"https:\\\/\\\/www.fandome.nl\\\/?s={search_term_string}\"},\"query-input\":{\"@type\":\"PropertyValueSpecification\",\"valueRequired\":true,\"valueName\":\"search_term_string\"}}],\"inLanguage\":\"de\"},{\"@type\":\"Organization\",\"@id\":\"https:\\\/\\\/www.fandome.nl\\\/#organization\",\"name\":\"FanDome\",\"url\":\"https:\\\/\\\/www.fandome.nl\\\/\",\"logo\":{\"@type\":\"ImageObject\",\"inLanguage\":\"de\",\"@id\":\"https:\\\/\\\/www.fandome.nl\\\/#\\\/schema\\\/logo\\\/image\\\/\",\"url\":\"https:\\\/\\\/www.fandome.nl\\\/wp-content\\\/uploads\\\/2023\\\/02\\\/fandome.png\",\"contentUrl\":\"https:\\\/\\\/www.fandome.nl\\\/wp-content\\\/uploads\\\/2023\\\/02\\\/fandome.png\",\"width\":518,\"height\":180,\"caption\":\"FanDome\"},\"image\":{\"@id\":\"https:\\\/\\\/www.fandome.nl\\\/#\\\/schema\\\/logo\\\/image\\\/\"},\"sameAs\":[\"https:\\\/\\\/www.facebook.com\\\/FandomeMerchandising\\\/?locale=nl_NL\",\"https:\\\/\\\/x.com\\\/FandomeMerchandising\"]}]}<\/script>\n<!-- \/ Yoast SEO plugin. -->","yoast_head_json":{"title":"Auto Tenue - FanDome","description":"Auto Tenue \u2013 Het leukste mini voetbaltenue voor in je auto. Laat jouw clubkleuren overal zien en steun je team onderweg!","robots":{"index":"index","follow":"follow","max-snippet":"max-snippet:-1","max-image-preview":"max-image-preview:large","max-video-preview":"max-video-preview:-1"},"canonical":"https:\/\/www.fandome.nl\/de\/auto-tenue\/","og_locale":"de_DE","og_type":"article","og_title":"Auto Tenue - FanDome","og_description":"Auto Tenue \u2013 Het leukste mini voetbaltenue voor in je auto. Laat jouw clubkleuren overal zien en steun je team onderweg!","og_url":"https:\/\/www.fandome.nl\/de\/auto-tenue\/","og_site_name":"FanDome","article_publisher":"https:\/\/www.facebook.com\/FandomeMerchandising\/?locale=nl_NL","article_modified_time":"2025-08-22T11:20:49+00:00","twitter_card":"summary_large_image","twitter_site":"@FandomeMerchandising","twitter_misc":{"Gesch\u00e4tzte Lesezeit":"3\u00a0Minuten"},"schema":{"@context":"https:\/\/schema.org","@graph":[{"@type":"WebPage","@id":"https:\/\/www.fandome.nl\/auto-tenue\/","url":"https:\/\/www.fandome.nl\/auto-tenue\/","name":"Auto Tenue - FanDome","isPartOf":{"@id":"https:\/\/www.fandome.nl\/#website"},"datePublished":"2025-07-15T12:15:06+00:00","dateModified":"2025-08-22T11:20:49+00:00","description":"Auto Tenue \u2013 Het leukste mini voetbaltenue voor in je auto. Laat jouw clubkleuren overal zien en steun je team onderweg!","breadcrumb":{"@id":"https:\/\/www.fandome.nl\/auto-tenue\/#breadcrumb"},"inLanguage":"de","potentialAction":[{"@type":"ReadAction","target":["https:\/\/www.fandome.nl\/auto-tenue\/"]}]},{"@type":"BreadcrumbList","@id":"https:\/\/www.fandome.nl\/auto-tenue\/#breadcrumb","itemListElement":[{"@type":"ListItem","position":1,"name":"Home","item":"https:\/\/www.fandome.nl\/home\/"},{"@type":"ListItem","position":2,"name":"Auto Tenue"}]},{"@type":"WebSite","@id":"https:\/\/www.fandome.nl\/#website","url":"https:\/\/www.fandome.nl\/","name":"FanDome","description":"Der Spezialist f\u00fcr Fanartikel seit 2003","publisher":{"@id":"https:\/\/www.fandome.nl\/#organization"},"potentialAction":[{"@type":"SearchAction","target":{"@type":"EntryPoint","urlTemplate":"https:\/\/www.fandome.nl\/?s={search_term_string}"},"query-input":{"@type":"PropertyValueSpecification","valueRequired":true,"valueName":"search_term_string"}}],"inLanguage":"de"},{"@type":"Organization","@id":"https:\/\/www.fandome.nl\/#organization","name":"FanDome","url":"https:\/\/www.fandome.nl\/","logo":{"@type":"ImageObject","inLanguage":"de","@id":"https:\/\/www.fandome.nl\/#\/schema\/logo\/image\/","url":"https:\/\/www.fandome.nl\/wp-content\/uploads\/2023\/02\/fandome.png","contentUrl":"https:\/\/www.fandome.nl\/wp-content\/uploads\/2023\/02\/fandome.png","width":518,"height":180,"caption":"FanDome"},"image":{"@id":"https:\/\/www.fandome.nl\/#\/schema\/logo\/image\/"},"sameAs":["https:\/\/www.facebook.com\/FandomeMerchandising\/?locale=nl_NL","https:\/\/x.com\/FandomeMerchandising"]}]}},"_links":{"self":[{"href":"https:\/\/www.fandome.nl\/de\/wp-json\/wp\/v2\/pages\/1501","targetHints":{"allow":["GET"]}}],"collection":[{"href":"https:\/\/www.fandome.nl\/de\/wp-json\/wp\/v2\/pages"}],"about":[{"href":"https:\/\/www.fandome.nl\/de\/wp-json\/wp\/v2\/types\/page"}],"author":[{"embeddable":true,"href":"https:\/\/www.fandome.nl\/de\/wp-json\/wp\/v2\/users\/1"}],"replies":[{"embeddable":true,"href":"https:\/\/www.fandome.nl\/de\/wp-json\/wp\/v2\/comments?post=1501"}],"version-history":[{"count":11,"href":"https:\/\/www.fandome.nl\/de\/wp-json\/wp\/v2\/pages\/1501\/revisions"}],"predecessor-version":[{"id":1587,"href":"https:\/\/www.fandome.nl\/de\/wp-json\/wp\/v2\/pages\/1501\/revisions\/1587"}],"wp:attachment":[{"href":"https:\/\/www.fandome.nl\/de\/wp-json\/wp\/v2\/media?parent=1501"}],"curies":[{"name":"wp","href":"https:\/\/api.w.org\/{rel}","templated":true}]}}