{"id":1504,"date":"2025-08-14T14:16:40","date_gmt":"2025-08-14T12:16:40","guid":{"rendered":"https:\/\/www.fandome.nl\/?page_id=1504"},"modified":"2025-08-22T13:21:13","modified_gmt":"2025-08-22T11:21:13","slug":"zijden-sjaal-bedrukken","status":"publish","type":"page","link":"https:\/\/www.fandome.nl\/de\/zijden-sjaal-bedrukken\/","title":{"rendered":"Druck von Seidenschals"},"content":{"rendered":"<style type=\"text\/css\" data-created_by=\"avia_inline_auto\" id=\"style-css-av-mel768jq-1c7133ac7122e2836f2e91f8d7de4ee4\">\n#top .hr.hr-invisible.av-mel768jq-1c7133ac7122e2836f2e91f8d7de4ee4{\nheight:50px;\n}\n<\/style>\n<div  class='hr av-mel768jq-1c7133ac7122e2836f2e91f8d7de4ee4 hr-invisible  avia-builder-el-1  el_after_av_codeblock  el_before_av_two_third'><span class='hr-inner'><span class=\"hr-inner-style\"><\/span><\/span><\/div>\n<div class='flex_column av-42j0te-1d2a235f4c575715db2dea318c59539d av_two_third  avia-builder-el-2  el_after_av_hr  el_before_av_one_third  first flex_column_div'   ><section  class='av_textblock_section av-meh1njsp-631d4fe4de835c694811819b7976b622'  itemscope=\"itemscope\" itemtype=\"https:\/\/schema.org\/CreativeWork\" ><div class='avia_textblock'  itemprop=\"text\" ><h1>Lassen Sie Ihren Verein mit einem bedruckten Fu\u00dfballschal aus Seide strahlen<\/h1>\n<p>M\u00f6chten Sie, dass Ihr Verein, Ihr Unternehmen oder Ihre Veranstaltung wirklich auff\u00e4llt? Dann ist ein <a href=\"https:\/\/www.fandome.nl\/de\/product\/bedrukte-zijden-sjaals\/\" rel=\"noopener\">bedruckter Seiden-Fu\u00dfballschal<\/a> im Luxusdesign genau das, was Sie suchen. Bei FanDome gestalten Sie alles selbst: Ihr eigenes Logo, Ihre eigenen Farben, Ihre eigene Idee - wir arbeiten es f\u00fcr Sie zu einem brillanten Design aus. Unser Designteam hilft dir Schritt f\u00fcr Schritt und sorgt f\u00fcr einen reibungslosen und angenehmen Kontakt. Dieser Schal ist die Sommer- oder Indoor-Version eines warmen Schals. Genauso sch\u00f6n, aber nicht so warm!<\/p>\n<h4>Ma\u00dfgeschneidert, bis ins letzte Detail<\/h4>\n<p>Jeder bedruckte Seidenschal wird im Sublimationsdruckverfahren bedruckt. Das sorgt f\u00fcr messerscharfe Details, leuchtende Farben und sogar die M\u00f6glichkeit, Fotos oder Schatteneffekte hinzuzuf\u00fcgen. Von der Karnevalsmaske \u00fcber das Vereinslogo bis hin zur Fotocollage: alles kommt wunderbar zur Geltung. Erh\u00e4ltlich in verschiedenen Gr\u00f6\u00dfen (110, 140 und 160 cm) und beidseitig bedruckt.<\/p>\n<p>Das Besondere an unseren Seidenschals ist, dass sie leicht elastisch sind und sich superweich anf\u00fchlen. Das verleiht Ihrem Schal nicht nur ein luxuri\u00f6ses Aussehen, sondern auch einen professionellen Look, der perfekt f\u00fcr Sport, Karneval und gesch\u00e4ftliche Anl\u00e4sse ist.<\/p>\n<h4>Schnelle Lieferung und pers\u00f6nlicher Service<\/h4>\n<p>Gemeinsam mit Ihnen entwerfen wir originelle Designs. Sie erhalten immer zuerst einen kostenlosen Vorschlag, und nach der Bestellung stellen wir einen Prototyp her, damit alles perfekt passt. Dank unserer effizienten Produktion k\u00f6nnen wir manchmal innerhalb von 2 bis 3 Wochen liefern.<\/p>\n<p>Nicht umsonst lassen die gro\u00dfen Fu\u00dfballvereine der Champions League ihre Schals bei uns anfertigen. Seit 2003 sind wir der Partner der Wahl f\u00fcr Vereine, Unternehmen und Veranstaltungen in den Niederlanden, Belgien, Deutschland und weit dar\u00fcber hinaus.<\/p>\n<h4>Zeigen Sie, wof\u00fcr Sie stehen<\/h4>\n<p>Ob zum Jubil\u00e4um, zur Meisterschaft, zur Hochzeit oder als Firmengeschenk: Mit einem bedruckten Fu\u00dfballschal aus Seide zeigen Sie stilvoll Flagge und Stolz. Bestellen Sie ein kostenloses Muster und \u00fcberzeugen Sie sich selbst - wir setzen Ihre Idee in einen Schal um, den Sie mit Stolz tragen werden.<\/p>\n<\/div><\/section><\/div>\n<div class='flex_column av-2wwe76-9146b1d87b9df8ec285497813870aa50 av_one_third  avia-builder-el-4  el_after_av_two_third  avia-builder-el-last  flex_column_div'   ><style type=\"text\/css\" data-created_by=\"avia_inline_auto\" id=\"style-css-av-meh1uetz-cd2ff4455cac38c86dade2a64dcaab73\">\n.avia-image-container.av-meh1uetz-cd2ff4455cac38c86dade2a64dcaab73 .av-image-caption-overlay-center{\ncolor:#ffffff;\n}\n<\/style>\n<div  class='avia-image-container av-meh1uetz-cd2ff4455cac38c86dade2a64dcaab73 av-styling- avia-align-center  avia-builder-el-5  avia-builder-el-no-sibling'  itemprop=\"image\" itemscope=\"itemscope\" itemtype=\"https:\/\/schema.org\/ImageObject\" ><div class=\"avia-image-container-inner\"><div class=\"avia-image-overlay-wrap\"><img decoding=\"async\" class='wp-image-1033 avia-img-lazy-loading-not-1033 avia_image' src=\"https:\/\/www.fandome.nl\/wp-content\/uploads\/2023\/02\/Schermafbeelding-2023-02-06-om-14.39.04-1-224x300.png\" alt='Zijden sjaal bedrukken' title='Bildschirmfoto 2023-02-06 um 14.39.04'  height=\"300\" width=\"224\"  itemprop=\"thumbnailUrl\" srcset=\"https:\/\/www.fandome.nl\/wp-content\/uploads\/2023\/02\/Schermafbeelding-2023-02-06-om-14.39.04-1-224x300.png 224w, https:\/\/www.fandome.nl\/wp-content\/uploads\/2023\/02\/Schermafbeelding-2023-02-06-om-14.39.04-1-769x1030.png 769w, https:\/\/www.fandome.nl\/wp-content\/uploads\/2023\/02\/Schermafbeelding-2023-02-06-om-14.39.04-1-768x1028.png 768w, https:\/\/www.fandome.nl\/wp-content\/uploads\/2023\/02\/Schermafbeelding-2023-02-06-om-14.39.04-1-1147x1536.png 1147w, https:\/\/www.fandome.nl\/wp-content\/uploads\/2023\/02\/Schermafbeelding-2023-02-06-om-14.39.04-1-1529x2048.png 1529w, https:\/\/www.fandome.nl\/wp-content\/uploads\/2023\/02\/Schermafbeelding-2023-02-06-om-14.39.04-1-9x12.png 9w, https:\/\/www.fandome.nl\/wp-content\/uploads\/2023\/02\/Schermafbeelding-2023-02-06-om-14.39.04-1-1120x1500.png 1120w, https:\/\/www.fandome.nl\/wp-content\/uploads\/2023\/02\/Schermafbeelding-2023-02-06-om-14.39.04-1-526x705.png 526w\" sizes=\"(max-width: 224px) 100vw, 224px\" \/><\/div><\/div><\/div><\/div>","protected":false},"excerpt":{"rendered":"","protected":false},"author":1,"featured_media":0,"parent":0,"menu_order":3,"comment_status":"closed","ping_status":"closed","template":"","meta":{"_acf_changed":false,"_monsterinsights_skip_tracking":false,"_monsterinsights_sitenote_active":false,"_monsterinsights_sitenote_note":"","_monsterinsights_sitenote_category":0,"footnotes":""},"class_list":["post-1504","page","type-page","status-publish","hentry"],"acf":[],"yoast_head":"<!-- This site is optimized with the Yoast SEO plugin v27.3 - https:\/\/yoast.com\/product\/yoast-seo-wordpress\/ -->\n<title>Zijden sjaal bedrukken - FanDome<\/title>\n<meta name=\"description\" content=\"Zijden sjaal bedrukken? Laat uw ontwerp, logo of patroon op luxe zijde drukken. Perfect voor mode, events of relatiegeschenken.\" \/>\n<meta name=\"robots\" content=\"index, follow, max-snippet:-1, max-image-preview:large, max-video-preview:-1\" \/>\n<link rel=\"canonical\" href=\"https:\/\/www.fandome.nl\/de\/zijden-sjaal-bedrukken\/\" \/>\n<meta property=\"og:locale\" content=\"de_DE\" \/>\n<meta property=\"og:type\" content=\"article\" \/>\n<meta property=\"og:title\" content=\"Zijden sjaal bedrukken - FanDome\" \/>\n<meta property=\"og:description\" content=\"Zijden sjaal bedrukken? Laat uw ontwerp, logo of patroon op luxe zijde drukken. Perfect voor mode, events of relatiegeschenken.\" \/>\n<meta property=\"og:url\" content=\"https:\/\/www.fandome.nl\/de\/zijden-sjaal-bedrukken\/\" \/>\n<meta property=\"og:site_name\" content=\"FanDome\" \/>\n<meta property=\"article:publisher\" content=\"https:\/\/www.facebook.com\/FandomeMerchandising\/?locale=nl_NL\" \/>\n<meta property=\"article:modified_time\" content=\"2025-08-22T11:21:13+00:00\" \/>\n<meta name=\"twitter:card\" content=\"summary_large_image\" \/>\n<meta name=\"twitter:site\" content=\"@FandomeMerchandising\" \/>\n<meta name=\"twitter:label1\" content=\"Gesch\u00e4tzte Lesezeit\" \/>\n\t<meta name=\"twitter:data1\" content=\"3\u00a0Minuten\" \/>\n<script type=\"application\/ld+json\" class=\"yoast-schema-graph\">{\"@context\":\"https:\\\/\\\/schema.org\",\"@graph\":[{\"@type\":\"WebPage\",\"@id\":\"https:\\\/\\\/www.fandome.nl\\\/zijden-sjaal-bedrukken\\\/\",\"url\":\"https:\\\/\\\/www.fandome.nl\\\/zijden-sjaal-bedrukken\\\/\",\"name\":\"Zijden sjaal bedrukken - FanDome\",\"isPartOf\":{\"@id\":\"https:\\\/\\\/www.fandome.nl\\\/#website\"},\"datePublished\":\"2025-08-14T12:16:40+00:00\",\"dateModified\":\"2025-08-22T11:21:13+00:00\",\"description\":\"Zijden sjaal bedrukken? Laat uw ontwerp, logo of patroon op luxe zijde drukken. Perfect voor mode, events of relatiegeschenken.\",\"breadcrumb\":{\"@id\":\"https:\\\/\\\/www.fandome.nl\\\/zijden-sjaal-bedrukken\\\/#breadcrumb\"},\"inLanguage\":\"de\",\"potentialAction\":[{\"@type\":\"ReadAction\",\"target\":[\"https:\\\/\\\/www.fandome.nl\\\/zijden-sjaal-bedrukken\\\/\"]}]},{\"@type\":\"BreadcrumbList\",\"@id\":\"https:\\\/\\\/www.fandome.nl\\\/zijden-sjaal-bedrukken\\\/#breadcrumb\",\"itemListElement\":[{\"@type\":\"ListItem\",\"position\":1,\"name\":\"Home\",\"item\":\"https:\\\/\\\/www.fandome.nl\\\/home\\\/\"},{\"@type\":\"ListItem\",\"position\":2,\"name\":\"Zijden sjaal bedrukken\"}]},{\"@type\":\"WebSite\",\"@id\":\"https:\\\/\\\/www.fandome.nl\\\/#website\",\"url\":\"https:\\\/\\\/www.fandome.nl\\\/\",\"name\":\"FanDome\",\"description\":\"De fanartikelen specialist sinds 2003\",\"publisher\":{\"@id\":\"https:\\\/\\\/www.fandome.nl\\\/#organization\"},\"potentialAction\":[{\"@type\":\"SearchAction\",\"target\":{\"@type\":\"EntryPoint\",\"urlTemplate\":\"https:\\\/\\\/www.fandome.nl\\\/?s={search_term_string}\"},\"query-input\":{\"@type\":\"PropertyValueSpecification\",\"valueRequired\":true,\"valueName\":\"search_term_string\"}}],\"inLanguage\":\"de\"},{\"@type\":\"Organization\",\"@id\":\"https:\\\/\\\/www.fandome.nl\\\/#organization\",\"name\":\"FanDome\",\"url\":\"https:\\\/\\\/www.fandome.nl\\\/\",\"logo\":{\"@type\":\"ImageObject\",\"inLanguage\":\"de\",\"@id\":\"https:\\\/\\\/www.fandome.nl\\\/#\\\/schema\\\/logo\\\/image\\\/\",\"url\":\"https:\\\/\\\/www.fandome.nl\\\/wp-content\\\/uploads\\\/2023\\\/02\\\/fandome.png\",\"contentUrl\":\"https:\\\/\\\/www.fandome.nl\\\/wp-content\\\/uploads\\\/2023\\\/02\\\/fandome.png\",\"width\":518,\"height\":180,\"caption\":\"FanDome\"},\"image\":{\"@id\":\"https:\\\/\\\/www.fandome.nl\\\/#\\\/schema\\\/logo\\\/image\\\/\"},\"sameAs\":[\"https:\\\/\\\/www.facebook.com\\\/FandomeMerchandising\\\/?locale=nl_NL\",\"https:\\\/\\\/x.com\\\/FandomeMerchandising\"]}]}<\/script>\n<!-- \/ Yoast SEO plugin. -->","yoast_head_json":{"title":"Zijden sjaal bedrukken - FanDome","description":"Zijden sjaal bedrukken? Laat uw ontwerp, logo of patroon op luxe zijde drukken. Perfect voor mode, events of relatiegeschenken.","robots":{"index":"index","follow":"follow","max-snippet":"max-snippet:-1","max-image-preview":"max-image-preview:large","max-video-preview":"max-video-preview:-1"},"canonical":"https:\/\/www.fandome.nl\/de\/zijden-sjaal-bedrukken\/","og_locale":"de_DE","og_type":"article","og_title":"Zijden sjaal bedrukken - FanDome","og_description":"Zijden sjaal bedrukken? Laat uw ontwerp, logo of patroon op luxe zijde drukken. Perfect voor mode, events of relatiegeschenken.","og_url":"https:\/\/www.fandome.nl\/de\/zijden-sjaal-bedrukken\/","og_site_name":"FanDome","article_publisher":"https:\/\/www.facebook.com\/FandomeMerchandising\/?locale=nl_NL","article_modified_time":"2025-08-22T11:21:13+00:00","twitter_card":"summary_large_image","twitter_site":"@FandomeMerchandising","twitter_misc":{"Gesch\u00e4tzte Lesezeit":"3\u00a0Minuten"},"schema":{"@context":"https:\/\/schema.org","@graph":[{"@type":"WebPage","@id":"https:\/\/www.fandome.nl\/zijden-sjaal-bedrukken\/","url":"https:\/\/www.fandome.nl\/zijden-sjaal-bedrukken\/","name":"Zijden sjaal bedrukken - FanDome","isPartOf":{"@id":"https:\/\/www.fandome.nl\/#website"},"datePublished":"2025-08-14T12:16:40+00:00","dateModified":"2025-08-22T11:21:13+00:00","description":"Zijden sjaal bedrukken? Laat uw ontwerp, logo of patroon op luxe zijde drukken. Perfect voor mode, events of relatiegeschenken.","breadcrumb":{"@id":"https:\/\/www.fandome.nl\/zijden-sjaal-bedrukken\/#breadcrumb"},"inLanguage":"de","potentialAction":[{"@type":"ReadAction","target":["https:\/\/www.fandome.nl\/zijden-sjaal-bedrukken\/"]}]},{"@type":"BreadcrumbList","@id":"https:\/\/www.fandome.nl\/zijden-sjaal-bedrukken\/#breadcrumb","itemListElement":[{"@type":"ListItem","position":1,"name":"Home","item":"https:\/\/www.fandome.nl\/home\/"},{"@type":"ListItem","position":2,"name":"Zijden sjaal bedrukken"}]},{"@type":"WebSite","@id":"https:\/\/www.fandome.nl\/#website","url":"https:\/\/www.fandome.nl\/","name":"FanDome","description":"Der Spezialist f\u00fcr Fanartikel seit 2003","publisher":{"@id":"https:\/\/www.fandome.nl\/#organization"},"potentialAction":[{"@type":"SearchAction","target":{"@type":"EntryPoint","urlTemplate":"https:\/\/www.fandome.nl\/?s={search_term_string}"},"query-input":{"@type":"PropertyValueSpecification","valueRequired":true,"valueName":"search_term_string"}}],"inLanguage":"de"},{"@type":"Organization","@id":"https:\/\/www.fandome.nl\/#organization","name":"FanDome","url":"https:\/\/www.fandome.nl\/","logo":{"@type":"ImageObject","inLanguage":"de","@id":"https:\/\/www.fandome.nl\/#\/schema\/logo\/image\/","url":"https:\/\/www.fandome.nl\/wp-content\/uploads\/2023\/02\/fandome.png","contentUrl":"https:\/\/www.fandome.nl\/wp-content\/uploads\/2023\/02\/fandome.png","width":518,"height":180,"caption":"FanDome"},"image":{"@id":"https:\/\/www.fandome.nl\/#\/schema\/logo\/image\/"},"sameAs":["https:\/\/www.facebook.com\/FandomeMerchandising\/?locale=nl_NL","https:\/\/x.com\/FandomeMerchandising"]}]}},"_links":{"self":[{"href":"https:\/\/www.fandome.nl\/de\/wp-json\/wp\/v2\/pages\/1504","targetHints":{"allow":["GET"]}}],"collection":[{"href":"https:\/\/www.fandome.nl\/de\/wp-json\/wp\/v2\/pages"}],"about":[{"href":"https:\/\/www.fandome.nl\/de\/wp-json\/wp\/v2\/types\/page"}],"author":[{"embeddable":true,"href":"https:\/\/www.fandome.nl\/de\/wp-json\/wp\/v2\/users\/1"}],"replies":[{"embeddable":true,"href":"https:\/\/www.fandome.nl\/de\/wp-json\/wp\/v2\/comments?post=1504"}],"version-history":[{"count":5,"href":"https:\/\/www.fandome.nl\/de\/wp-json\/wp\/v2\/pages\/1504\/revisions"}],"predecessor-version":[{"id":1588,"href":"https:\/\/www.fandome.nl\/de\/wp-json\/wp\/v2\/pages\/1504\/revisions\/1588"}],"wp:attachment":[{"href":"https:\/\/www.fandome.nl\/de\/wp-json\/wp\/v2\/media?parent=1504"}],"curies":[{"name":"wp","href":"https:\/\/api.w.org\/{rel}","templated":true}]}}