{"id":1625,"date":"2026-02-10T11:05:51","date_gmt":"2026-02-10T10:05:51","guid":{"rendered":"https:\/\/www.fandome.nl\/?page_id=1625"},"modified":"2026-02-10T12:43:11","modified_gmt":"2026-02-10T11:43:11","slug":"clubsjaal","status":"publish","type":"page","link":"https:\/\/www.fandome.nl\/de\/clubsjaal\/","title":{"rendered":"Club-Schal"},"content":{"rendered":"<style type=\"text\/css\" data-created_by=\"avia_inline_auto\" id=\"style-css-av-mel7kqsf-285a99587128dbb32189357a84814ffe\">\n#top .hr.hr-invisible.av-mel7kqsf-285a99587128dbb32189357a84814ffe{\nheight:50px;\n}\n<\/style>\n<div  class='hr av-mel7kqsf-285a99587128dbb32189357a84814ffe hr-invisible  avia-builder-el-1  el_after_av_codeblock  el_before_av_two_third'><span class='hr-inner'><span class=\"hr-inner-style\"><\/span><\/span><\/div>\n<div class='flex_column av-42j0te-1d2a235f4c575715db2dea318c59539d av_two_third  avia-builder-el-2  el_after_av_hr  el_before_av_one_third  first flex_column_div'   ><section  class='av_textblock_section av-meh1njsp-631d4fe4de835c694811819b7976b622'  itemscope=\"itemscope\" itemtype=\"https:\/\/schema.org\/CreativeWork\" ><div class='avia_textblock'  itemprop=\"text\" ><p>M\u00f6chtest du einen Vereinsschal haben, der perfekt zu deinem Verein, deiner Fangruppe oder deiner Organisation passt? FanDome bietet mehrere Optionen f\u00fcr einen einzigartigen <a href=\"https:\/\/www.fandome.nl\/de\/voetbalsjaal\/\" rel=\"noopener\">Fu\u00dfballschal<\/a>. Sie k\u00f6nnen zwischen zwei Arten von gestrickten Vereinsschals w\u00e4hlen. Der traditionelle gestrickte Vereinsschal mit Text und Logos, wie Sie ihn von vielen Sportvereinen kennen, und der gestrickte 5-Sterne-Vereinsschal (High Definition). Letzterer ist feiner gestrickt, so dass kleine Details, klare Linien und subtile Farbunterschiede besonders gut sichtbar sind. Mit mehr als 100 Garnfarben auf Lager gibt es immer eine Farbkombination, die zu Ihrer Vereinsidentit\u00e4t passt.<\/p>\n<p>Der F\u00fcnf-Sterne-Klubschal ist ideal f\u00fcr detailreiche Designs, wie zum Beispiel aufw\u00e4ndige Logos oder Grafiken. Pr\u00e4zises Stricken und die Verwendung von Spezialgarn sorgen f\u00fcr leuchtende Farben und sch\u00e4rfere Motive. Man kann es mit Pixeln vergleichen: Je feiner die Textur, desto mehr Details werden sichtbar. Hat Ihr Entwurf dagegen einen kraftvollen und einfachen Charakter? Dann ist der traditionelle gestrickte Clubschal oft die beste Wahl. Wir beraten Sie gerne, welcher Typ am besten zu Ihren Bed\u00fcrfnissen passt.<\/p>\n<h2>Die Qualit\u00e4t und der Komfort eines Clubschals<\/h2>\n<p>Jeder Vereinsschal von FanDome wird in einem St\u00fcck gestrickt. Dadurch sind keine N\u00e4hte oder st\u00f6rende Kanten sichtbar und der Schal tr\u00e4gt sich besonders angenehm. In den Niederlanden und Belgien sind wir bekannt f\u00fcr hochwertige gestrickte Vereinsschals. M\u00f6chten Sie sich selbst von der Qualit\u00e4t \u00fcberzeugen? Fordern Sie ein kostenloses Muster aus dem Vorrat an und entdecken Sie den Unterschied in Material, Farben und Verarbeitung. Der pers\u00f6nliche Kontakt mit Ihrem eigenen FanDome-Kundenbetreuer sorgt au\u00dferdem f\u00fcr einen reibungslosen Ablauf vom Entwurf bis zur Lieferung.<\/p>\n<h2>Kostenloser Entwurf und Prototyp<\/h2>\n<p>Sie haben noch kein Design f\u00fcr Ihren Clubschal? Das ist kein Problem. Ausgehend von Ihrer Idee, Ihrem Text, Ihrem Logo und Ihren Farben erstellen wir schnell und kostenlos einen passenden Entwurf. Innerhalb eines Tages erhalten Sie bereits mehrere originelle Vorschl\u00e4ge.<\/p>\n<p>Nach der Bestellung fertigen wir zun\u00e4chst immer einen Prototyp des Clubschals an. Von diesem erhalten Sie eindeutige Fotos, so dass eventuelle Fehler rechtzeitig erkannt werden k\u00f6nnen, bevor die volle Produktion beginnt. So haben Sie die Gewissheit, dass das Endergebnis genau richtig ist.<\/p>\n<h2>Zahlen und Flexibilit\u00e4t<\/h2>\n<p>Haben Sie Zweifel, ob 50 Clubschals zu viel sind? In Absprache sind auch kleinere Mengen m\u00f6glich, ab 30 St\u00fcck. Auch dann fertigen wir zun\u00e4chst ohne Aufpreis ein Muster an, damit Sie sicher sein k\u00f6nnen, dass Ihr Vereinsschal ganz nach Ihren W\u00fcnschen gefertigt wird.<\/p>\n<h2>Merkmale des Clubschals<\/h2>\n<ul>\n<li>In einem St\u00fcck gestrickt, daher keine N\u00e4hkante<\/li>\n<li>Kleinere Auflagen ab 30 St\u00fcck m\u00f6glich<\/li>\n<li>Unterschiedliche Vorder- und R\u00fcckseite ohne Aufpreis<\/li>\n<li>Auswahl aus mehr als 100 Garnfarben<\/li>\n<li>4 Farben f\u00fcr das traditionelle Stricken, 7 bis 8 Farben f\u00fcr die F\u00fcnf-Sterne-Variante<\/li>\n<li>Formate: 15 \u00d7 110 cm, 18 \u00d7 140 cm, 18 \u00d7 160 cm (XL) und 18 \u00d7 180 cm (XXL)<\/li>\n<li>Freie Fugengestaltung<\/li>\n<li>Expresslieferung nach Absprache m\u00f6glich<\/li>\n<li>Keine Einrichtungskosten bei FanDome, wir freuen uns halt auf Ihre Bestellung<\/li>\n<\/ul>\n<p>Ein gut gestalteter Vereinsschal wertet das Image Ihres Vereins auf und bindet die Fans. Setzen Sie sich mit uns in Verbindung und entdecken Sie, wie einfach es ist, einen einzigartigen Vereinsschal anfertigen zu lassen, der jahrelang mit Stolz getragen werden wird.<\/p>\n<\/div><\/section><\/div><div class='flex_column av-2wwe76-9146b1d87b9df8ec285497813870aa50 av_one_third  avia-builder-el-4  el_after_av_two_third  avia-builder-el-last  flex_column_div'   ><style type=\"text\/css\" data-created_by=\"avia_inline_auto\" id=\"style-css-av-meh1uetz-1d318dfaa068ca25dbd4fb29d298144f\">\n.avia-image-container.av-meh1uetz-1d318dfaa068ca25dbd4fb29d298144f .av-image-caption-overlay-center{\ncolor:#ffffff;\n}\n<\/style>\n<div  class='avia-image-container av-meh1uetz-1d318dfaa068ca25dbd4fb29d298144f av-styling- avia-align-center  avia-builder-el-5  avia-builder-el-no-sibling'  itemprop=\"image\" itemscope=\"itemscope\" itemtype=\"https:\/\/schema.org\/ImageObject\" ><div class=\"avia-image-container-inner\"><div class=\"avia-image-overlay-wrap\"><img decoding=\"async\" class='wp-image-1033 avia-img-lazy-loading-not-1033 avia_image' src=\"https:\/\/www.fandome.nl\/wp-content\/uploads\/2023\/02\/Schermafbeelding-2023-02-06-om-14.39.04-1-224x300.png\" alt='Carnavalssjaal' title='Bildschirmfoto 2023-02-06 um 14.39.04'  height=\"300\" width=\"224\"  itemprop=\"thumbnailUrl\" srcset=\"https:\/\/www.fandome.nl\/wp-content\/uploads\/2023\/02\/Schermafbeelding-2023-02-06-om-14.39.04-1-224x300.png 224w, https:\/\/www.fandome.nl\/wp-content\/uploads\/2023\/02\/Schermafbeelding-2023-02-06-om-14.39.04-1-769x1030.png 769w, https:\/\/www.fandome.nl\/wp-content\/uploads\/2023\/02\/Schermafbeelding-2023-02-06-om-14.39.04-1-768x1028.png 768w, https:\/\/www.fandome.nl\/wp-content\/uploads\/2023\/02\/Schermafbeelding-2023-02-06-om-14.39.04-1-1147x1536.png 1147w, https:\/\/www.fandome.nl\/wp-content\/uploads\/2023\/02\/Schermafbeelding-2023-02-06-om-14.39.04-1-1529x2048.png 1529w, https:\/\/www.fandome.nl\/wp-content\/uploads\/2023\/02\/Schermafbeelding-2023-02-06-om-14.39.04-1-9x12.png 9w, https:\/\/www.fandome.nl\/wp-content\/uploads\/2023\/02\/Schermafbeelding-2023-02-06-om-14.39.04-1-1120x1500.png 1120w, https:\/\/www.fandome.nl\/wp-content\/uploads\/2023\/02\/Schermafbeelding-2023-02-06-om-14.39.04-1-526x705.png 526w\" sizes=\"(max-width: 224px) 100vw, 224px\" \/><\/div><\/div><\/div><\/div><\/p>","protected":false},"excerpt":{"rendered":"","protected":false},"author":1,"featured_media":0,"parent":0,"menu_order":12,"comment_status":"closed","ping_status":"closed","template":"","meta":{"_acf_changed":false,"_monsterinsights_skip_tracking":false,"_monsterinsights_sitenote_active":false,"_monsterinsights_sitenote_note":"","_monsterinsights_sitenote_category":0,"footnotes":""},"class_list":["post-1625","page","type-page","status-publish","hentry"],"acf":[],"yoast_head":"<!-- This site is optimized with the Yoast SEO plugin v27.5 - https:\/\/yoast.com\/product\/yoast-seo-wordpress\/ -->\n<title>Clubsjaal - FanDome<\/title>\n<meta name=\"description\" content=\"Luxe clubsjaals laten ontwerpen? Topkwaliteit, gratis ontwerp en snelle levering. Bestel al vanaf 30 stuks!\" \/>\n<meta name=\"robots\" content=\"index, follow, max-snippet:-1, max-image-preview:large, max-video-preview:-1\" \/>\n<link rel=\"canonical\" href=\"https:\/\/www.fandome.nl\/de\/clubsjaal\/\" \/>\n<meta property=\"og:locale\" content=\"de_DE\" \/>\n<meta property=\"og:type\" content=\"article\" \/>\n<meta property=\"og:title\" content=\"Clubsjaal - FanDome\" \/>\n<meta property=\"og:description\" content=\"Luxe clubsjaals laten ontwerpen? Topkwaliteit, gratis ontwerp en snelle levering. Bestel al vanaf 30 stuks!\" \/>\n<meta property=\"og:url\" content=\"https:\/\/www.fandome.nl\/de\/clubsjaal\/\" \/>\n<meta property=\"og:site_name\" content=\"FanDome\" \/>\n<meta property=\"article:publisher\" content=\"https:\/\/www.facebook.com\/FandomeMerchandising\/?locale=nl_NL\" \/>\n<meta property=\"article:modified_time\" content=\"2026-02-10T11:43:11+00:00\" \/>\n<meta name=\"twitter:card\" content=\"summary_large_image\" \/>\n<meta name=\"twitter:site\" content=\"@FandomeMerchandising\" \/>\n<meta name=\"twitter:label1\" content=\"Gesch\u00e4tzte Lesezeit\" \/>\n\t<meta name=\"twitter:data1\" content=\"4\u00a0Minuten\" \/>\n<script type=\"application\/ld+json\" class=\"yoast-schema-graph\">{\"@context\":\"https:\\\/\\\/schema.org\",\"@graph\":[{\"@type\":\"WebPage\",\"@id\":\"https:\\\/\\\/www.fandome.nl\\\/clubsjaal\\\/\",\"url\":\"https:\\\/\\\/www.fandome.nl\\\/clubsjaal\\\/\",\"name\":\"Clubsjaal - FanDome\",\"isPartOf\":{\"@id\":\"https:\\\/\\\/www.fandome.nl\\\/#website\"},\"datePublished\":\"2026-02-10T10:05:51+00:00\",\"dateModified\":\"2026-02-10T11:43:11+00:00\",\"description\":\"Luxe clubsjaals laten ontwerpen? Topkwaliteit, gratis ontwerp en snelle levering. Bestel al vanaf 30 stuks!\",\"breadcrumb\":{\"@id\":\"https:\\\/\\\/www.fandome.nl\\\/clubsjaal\\\/#breadcrumb\"},\"inLanguage\":\"de\",\"potentialAction\":[{\"@type\":\"ReadAction\",\"target\":[\"https:\\\/\\\/www.fandome.nl\\\/clubsjaal\\\/\"]}]},{\"@type\":\"BreadcrumbList\",\"@id\":\"https:\\\/\\\/www.fandome.nl\\\/clubsjaal\\\/#breadcrumb\",\"itemListElement\":[{\"@type\":\"ListItem\",\"position\":1,\"name\":\"Home\",\"item\":\"https:\\\/\\\/www.fandome.nl\\\/home\\\/\"},{\"@type\":\"ListItem\",\"position\":2,\"name\":\"Clubsjaal\"}]},{\"@type\":\"WebSite\",\"@id\":\"https:\\\/\\\/www.fandome.nl\\\/#website\",\"url\":\"https:\\\/\\\/www.fandome.nl\\\/\",\"name\":\"FanDome\",\"description\":\"De fanartikelen specialist sinds 2003\",\"publisher\":{\"@id\":\"https:\\\/\\\/www.fandome.nl\\\/#organization\"},\"potentialAction\":[{\"@type\":\"SearchAction\",\"target\":{\"@type\":\"EntryPoint\",\"urlTemplate\":\"https:\\\/\\\/www.fandome.nl\\\/?s={search_term_string}\"},\"query-input\":{\"@type\":\"PropertyValueSpecification\",\"valueRequired\":true,\"valueName\":\"search_term_string\"}}],\"inLanguage\":\"de\"},{\"@type\":\"Organization\",\"@id\":\"https:\\\/\\\/www.fandome.nl\\\/#organization\",\"name\":\"FanDome\",\"url\":\"https:\\\/\\\/www.fandome.nl\\\/\",\"logo\":{\"@type\":\"ImageObject\",\"inLanguage\":\"de\",\"@id\":\"https:\\\/\\\/www.fandome.nl\\\/#\\\/schema\\\/logo\\\/image\\\/\",\"url\":\"https:\\\/\\\/www.fandome.nl\\\/wp-content\\\/uploads\\\/2023\\\/02\\\/fandome.png\",\"contentUrl\":\"https:\\\/\\\/www.fandome.nl\\\/wp-content\\\/uploads\\\/2023\\\/02\\\/fandome.png\",\"width\":518,\"height\":180,\"caption\":\"FanDome\"},\"image\":{\"@id\":\"https:\\\/\\\/www.fandome.nl\\\/#\\\/schema\\\/logo\\\/image\\\/\"},\"sameAs\":[\"https:\\\/\\\/www.facebook.com\\\/FandomeMerchandising\\\/?locale=nl_NL\",\"https:\\\/\\\/x.com\\\/FandomeMerchandising\"]}]}<\/script>\n<!-- \/ Yoast SEO plugin. -->","yoast_head_json":{"title":"Clubsjaal - FanDome","description":"Luxe clubsjaals laten ontwerpen? Topkwaliteit, gratis ontwerp en snelle levering. Bestel al vanaf 30 stuks!","robots":{"index":"index","follow":"follow","max-snippet":"max-snippet:-1","max-image-preview":"max-image-preview:large","max-video-preview":"max-video-preview:-1"},"canonical":"https:\/\/www.fandome.nl\/de\/clubsjaal\/","og_locale":"de_DE","og_type":"article","og_title":"Clubsjaal - FanDome","og_description":"Luxe clubsjaals laten ontwerpen? Topkwaliteit, gratis ontwerp en snelle levering. Bestel al vanaf 30 stuks!","og_url":"https:\/\/www.fandome.nl\/de\/clubsjaal\/","og_site_name":"FanDome","article_publisher":"https:\/\/www.facebook.com\/FandomeMerchandising\/?locale=nl_NL","article_modified_time":"2026-02-10T11:43:11+00:00","twitter_card":"summary_large_image","twitter_site":"@FandomeMerchandising","twitter_misc":{"Gesch\u00e4tzte Lesezeit":"4\u00a0Minuten"},"schema":{"@context":"https:\/\/schema.org","@graph":[{"@type":"WebPage","@id":"https:\/\/www.fandome.nl\/clubsjaal\/","url":"https:\/\/www.fandome.nl\/clubsjaal\/","name":"Clubsjaal - FanDome","isPartOf":{"@id":"https:\/\/www.fandome.nl\/#website"},"datePublished":"2026-02-10T10:05:51+00:00","dateModified":"2026-02-10T11:43:11+00:00","description":"Luxe clubsjaals laten ontwerpen? Topkwaliteit, gratis ontwerp en snelle levering. Bestel al vanaf 30 stuks!","breadcrumb":{"@id":"https:\/\/www.fandome.nl\/clubsjaal\/#breadcrumb"},"inLanguage":"de","potentialAction":[{"@type":"ReadAction","target":["https:\/\/www.fandome.nl\/clubsjaal\/"]}]},{"@type":"BreadcrumbList","@id":"https:\/\/www.fandome.nl\/clubsjaal\/#breadcrumb","itemListElement":[{"@type":"ListItem","position":1,"name":"Home","item":"https:\/\/www.fandome.nl\/home\/"},{"@type":"ListItem","position":2,"name":"Clubsjaal"}]},{"@type":"WebSite","@id":"https:\/\/www.fandome.nl\/#website","url":"https:\/\/www.fandome.nl\/","name":"FanDome","description":"Der Spezialist f\u00fcr Fanartikel seit 2003","publisher":{"@id":"https:\/\/www.fandome.nl\/#organization"},"potentialAction":[{"@type":"SearchAction","target":{"@type":"EntryPoint","urlTemplate":"https:\/\/www.fandome.nl\/?s={search_term_string}"},"query-input":{"@type":"PropertyValueSpecification","valueRequired":true,"valueName":"search_term_string"}}],"inLanguage":"de"},{"@type":"Organization","@id":"https:\/\/www.fandome.nl\/#organization","name":"FanDome","url":"https:\/\/www.fandome.nl\/","logo":{"@type":"ImageObject","inLanguage":"de","@id":"https:\/\/www.fandome.nl\/#\/schema\/logo\/image\/","url":"https:\/\/www.fandome.nl\/wp-content\/uploads\/2023\/02\/fandome.png","contentUrl":"https:\/\/www.fandome.nl\/wp-content\/uploads\/2023\/02\/fandome.png","width":518,"height":180,"caption":"FanDome"},"image":{"@id":"https:\/\/www.fandome.nl\/#\/schema\/logo\/image\/"},"sameAs":["https:\/\/www.facebook.com\/FandomeMerchandising\/?locale=nl_NL","https:\/\/x.com\/FandomeMerchandising"]}]}},"_links":{"self":[{"href":"https:\/\/www.fandome.nl\/de\/wp-json\/wp\/v2\/pages\/1625","targetHints":{"allow":["GET"]}}],"collection":[{"href":"https:\/\/www.fandome.nl\/de\/wp-json\/wp\/v2\/pages"}],"about":[{"href":"https:\/\/www.fandome.nl\/de\/wp-json\/wp\/v2\/types\/page"}],"author":[{"embeddable":true,"href":"https:\/\/www.fandome.nl\/de\/wp-json\/wp\/v2\/users\/1"}],"replies":[{"embeddable":true,"href":"https:\/\/www.fandome.nl\/de\/wp-json\/wp\/v2\/comments?post=1625"}],"version-history":[{"count":6,"href":"https:\/\/www.fandome.nl\/de\/wp-json\/wp\/v2\/pages\/1625\/revisions"}],"predecessor-version":[{"id":1636,"href":"https:\/\/www.fandome.nl\/de\/wp-json\/wp\/v2\/pages\/1625\/revisions\/1636"}],"wp:attachment":[{"href":"https:\/\/www.fandome.nl\/de\/wp-json\/wp\/v2\/media?parent=1625"}],"curies":[{"name":"wp","href":"https:\/\/api.w.org\/{rel}","templated":true}]}}