{"id":1631,"date":"2026-02-10T11:13:28","date_gmt":"2026-02-10T10:13:28","guid":{"rendered":"https:\/\/www.fandome.nl\/?page_id=1631"},"modified":"2026-02-10T11:16:37","modified_gmt":"2026-02-10T10:16:37","slug":"fansjaal-ontwerpen","status":"publish","type":"page","link":"https:\/\/www.fandome.nl\/de\/fansjaal-ontwerpen\/","title":{"rendered":"F\u00e4cherschal-Design"},"content":{"rendered":"<style type=\"text\/css\" data-created_by=\"avia_inline_auto\" id=\"style-css-av-mel7kqsf-285a99587128dbb32189357a84814ffe\">\n#top .hr.hr-invisible.av-mel7kqsf-285a99587128dbb32189357a84814ffe{\nheight:50px;\n}\n<\/style>\n<div  class='hr av-mel7kqsf-285a99587128dbb32189357a84814ffe hr-invisible  avia-builder-el-1  el_after_av_codeblock  el_before_av_two_third'><span class='hr-inner'><span class=\"hr-inner-style\"><\/span><\/span><\/div>\n<div class='flex_column av-42j0te-1d2a235f4c575715db2dea318c59539d av_two_third  avia-builder-el-2  el_after_av_hr  el_before_av_one_third  first flex_column_div'   ><section  class='av_textblock_section av-meh1njsp-631d4fe4de835c694811819b7976b622'  itemscope=\"itemscope\" itemtype=\"https:\/\/schema.org\/CreativeWork\" ><div class='avia_textblock'  itemprop=\"text\" ><h1>Fanschal-Design - Machen Sie Ihre Fans stolz<\/h1>\n<p>M\u00f6chten Sie eine einzigartige <strong>F\u00e4cherschal-Design<\/strong> f\u00fcr Ihren Verein, Ihre Mannschaft oder Ihre Fangruppe? Bei FanDome k\u00f6nnen Sie ganz einfach einen individuellen Schal in Ihren Farben, mit Logo oder Text erstellen. Pers\u00f6nlich <a href=\"https:\/\/www.fandome.nl\/de\/voetbalsjaal\/\" rel=\"noopener\">Fu\u00dfballschal<\/a> eignet sich perfekt f\u00fcr Wettbewerbe, Veranstaltungen oder als professionelles Merchandising.<\/p>\n<h4>W\u00e4hlen Sie Ihren Fanschal-Typ<\/h4>\n<p>In der <strong>F\u00e4cherschal-Design<\/strong> haben Sie die Wahl zwischen zwei hochwertigen Techniken:<\/p>\n<ul>\n<li><strong>Traditionell gestrickt:<\/strong> ideal f\u00fcr klare Texte und aussagekr\u00e4ftige Logos.<\/li>\n<li><strong>5-Sterne High Definition:<\/strong> feineres Gestrick f\u00fcr messerscharfe Details und leuchtende Farben.<\/li>\n<\/ul>\n<p>Mit mehr als 100 Garnfarben auf Lager gibt es immer eine perfekte \u00dcbereinstimmung mit Ihrer Vereinsidentit\u00e4t. Unsere Experten helfen Ihnen gerne, damit es <strong>F\u00e4cherschal-Design<\/strong> einfach, schnell und fehlerfrei.<\/p>\n<h4>Qualit\u00e4t, die Sie sp\u00fcren<\/h4>\n<p>Jeder Schal wird in unserem Betrieb mit Sorgfalt hergestellt:<\/p>\n<ul>\n<li>In einem St\u00fcck gestrickt, daher keine st\u00f6renden N\u00e4hte oder Kanten.<\/li>\n<li>Hoher Tragekomfort f\u00fcr Anh\u00e4nger.<\/li>\n<li>Kostenloses Muster verf\u00fcgbar, um die Qualit\u00e4t im Voraus zu testen.<\/li>\n<\/ul>\n<h4>Kostenloser Gestaltungsservice f\u00fcr jeden Fanschal<\/h4>\n<p>Kein eigenes Design? Kein Problem! Schicken Sie uns Ihre Idee, Ihren Text, Ihr Logo und Ihre Farben und Sie erhalten innerhalb eines Tages einige originelle Vorschl\u00e4ge. So k\u00f6nnen Sie ein <strong>F\u00e4cherschal-Design<\/strong> die wirklich zum Charakter Ihres Clubs passt.<\/p>\n<h4>Prototyp f\u00fcr Sicherheit bei der Gestaltung von Fanschals<\/h4>\n<p>Nach der Bestellung fertigen wir immer zuerst einen physischen Prototyp Ihres Fanschals an. Von diesem erhalten Sie klare Fotos, um zu pr\u00fcfen, ob alles ganz nach Ihrem Geschmack ist, bevor die endg\u00fcltige Produktion beginnt. Auf diese Weise k\u00f6nnen Sie sicher sein, dass Ihr Schal perfekt sein wird.<\/p>\n<h4>Gr\u00f6\u00dfen, Formate und Zahlen<\/h4>\n<p>Die Schals sind in verschiedenen Gr\u00f6\u00dfen erh\u00e4ltlich:<\/p>\n<ul>\n<li><strong>Kinderschal:<\/strong> 15 \u00d7 110 cm<\/li>\n<li><strong>Standard:<\/strong> 18 \u00d7 140 cm<\/li>\n<li><strong>XL:<\/strong> 18 \u00d7 160 cm<\/li>\n<li><strong>XXL:<\/strong> 18 \u00d7 180 cm<\/li>\n<\/ul>\n<p>Eine Bestellung ist bereits ab 30 St\u00fcck m\u00f6glich. Das macht eine <strong>F\u00e4cherschal-Design<\/strong> sowohl f\u00fcr kleine Gruppen von Freunden als auch f\u00fcr die gr\u00f6\u00dften Sportvereine zug\u00e4nglich.<\/p>\n<h4>Warum FanDome f\u00fcr Ihren Fanschal?<\/h4>\n<ul>\n<li>Nahtlos gestrickt und von h\u00f6chster Qualit\u00e4t<\/li>\n<li>Kostenlose Gestaltung und pers\u00f6nliche Beratung durch Experten<\/li>\n<li>Mehr als 100 Garnfarben sofort verf\u00fcgbar<\/li>\n<li>Unterschiedliche Vorder- und R\u00fcckseiten ohne zus\u00e4tzliche Kosten<\/li>\n<li>Expresslieferung m\u00f6glich (nach Vereinbarung)<\/li>\n<li>Europas Experte f\u00fcr Merchandising seit 2003<\/li>\n<\/ul>\n<p>\ud83d\udca1 Starten Sie Ihr <strong>F\u00e4cherschal-Design<\/strong> und erstellen Sie einen Artikel, auf den die Fans stolz sein werden - ein echter Blickfang bei jedem Spiel!<\/p>\n<\/div><\/section><\/div><div class='flex_column av-2wwe76-9146b1d87b9df8ec285497813870aa50 av_one_third  avia-builder-el-4  el_after_av_two_third  avia-builder-el-last  flex_column_div'   ><style type=\"text\/css\" data-created_by=\"avia_inline_auto\" id=\"style-css-av-meh1uetz-1d318dfaa068ca25dbd4fb29d298144f\">\n.avia-image-container.av-meh1uetz-1d318dfaa068ca25dbd4fb29d298144f .av-image-caption-overlay-center{\ncolor:#ffffff;\n}\n<\/style>\n<div  class='avia-image-container av-meh1uetz-1d318dfaa068ca25dbd4fb29d298144f av-styling- avia-align-center  avia-builder-el-5  avia-builder-el-no-sibling'  itemprop=\"image\" itemscope=\"itemscope\" itemtype=\"https:\/\/schema.org\/ImageObject\" ><div class=\"avia-image-container-inner\"><div class=\"avia-image-overlay-wrap\"><img decoding=\"async\" class='wp-image-1033 avia-img-lazy-loading-not-1033 avia_image' src=\"https:\/\/www.fandome.nl\/wp-content\/uploads\/2023\/02\/Schermafbeelding-2023-02-06-om-14.39.04-1-224x300.png\" alt='Carnavalssjaal' title='Bildschirmfoto 2023-02-06 um 14.39.04'  height=\"300\" width=\"224\"  itemprop=\"thumbnailUrl\" srcset=\"https:\/\/www.fandome.nl\/wp-content\/uploads\/2023\/02\/Schermafbeelding-2023-02-06-om-14.39.04-1-224x300.png 224w, https:\/\/www.fandome.nl\/wp-content\/uploads\/2023\/02\/Schermafbeelding-2023-02-06-om-14.39.04-1-769x1030.png 769w, https:\/\/www.fandome.nl\/wp-content\/uploads\/2023\/02\/Schermafbeelding-2023-02-06-om-14.39.04-1-768x1028.png 768w, https:\/\/www.fandome.nl\/wp-content\/uploads\/2023\/02\/Schermafbeelding-2023-02-06-om-14.39.04-1-1147x1536.png 1147w, https:\/\/www.fandome.nl\/wp-content\/uploads\/2023\/02\/Schermafbeelding-2023-02-06-om-14.39.04-1-1529x2048.png 1529w, https:\/\/www.fandome.nl\/wp-content\/uploads\/2023\/02\/Schermafbeelding-2023-02-06-om-14.39.04-1-9x12.png 9w, https:\/\/www.fandome.nl\/wp-content\/uploads\/2023\/02\/Schermafbeelding-2023-02-06-om-14.39.04-1-1120x1500.png 1120w, https:\/\/www.fandome.nl\/wp-content\/uploads\/2023\/02\/Schermafbeelding-2023-02-06-om-14.39.04-1-526x705.png 526w\" sizes=\"(max-width: 224px) 100vw, 224px\" \/><\/div><\/div><\/div><\/div><\/p>","protected":false},"excerpt":{"rendered":"","protected":false},"author":1,"featured_media":0,"parent":0,"menu_order":10,"comment_status":"closed","ping_status":"closed","template":"","meta":{"_acf_changed":false,"_monsterinsights_skip_tracking":false,"_monsterinsights_sitenote_active":false,"_monsterinsights_sitenote_note":"","_monsterinsights_sitenote_category":0,"footnotes":""},"class_list":["post-1631","page","type-page","status-publish","hentry"],"acf":[],"yoast_head":"<!-- This site is optimized with the Yoast SEO plugin v27.3 - https:\/\/yoast.com\/product\/yoast-seo-wordpress\/ -->\n<title>Fansjaal ontwerpen - FanDome<\/title>\n<meta name=\"description\" content=\"Fansjaal clubsjaals laten ontwerpen? Topkwaliteit, gratis ontwerp en snelle levering. Bestel al vanaf 30 stuks!\" \/>\n<meta name=\"robots\" content=\"index, follow, max-snippet:-1, max-image-preview:large, max-video-preview:-1\" \/>\n<link rel=\"canonical\" href=\"https:\/\/www.fandome.nl\/de\/fansjaal-ontwerpen\/\" \/>\n<meta property=\"og:locale\" content=\"de_DE\" \/>\n<meta property=\"og:type\" content=\"article\" \/>\n<meta property=\"og:title\" content=\"Fansjaal ontwerpen - FanDome\" \/>\n<meta property=\"og:description\" content=\"Fansjaal clubsjaals laten ontwerpen? Topkwaliteit, gratis ontwerp en snelle levering. Bestel al vanaf 30 stuks!\" \/>\n<meta property=\"og:url\" content=\"https:\/\/www.fandome.nl\/de\/fansjaal-ontwerpen\/\" \/>\n<meta property=\"og:site_name\" content=\"FanDome\" \/>\n<meta property=\"article:publisher\" content=\"https:\/\/www.facebook.com\/FandomeMerchandising\/?locale=nl_NL\" \/>\n<meta property=\"article:modified_time\" content=\"2026-02-10T10:16:37+00:00\" \/>\n<meta name=\"twitter:card\" content=\"summary_large_image\" \/>\n<meta name=\"twitter:site\" content=\"@FandomeMerchandising\" \/>\n<meta name=\"twitter:label1\" content=\"Gesch\u00e4tzte Lesezeit\" \/>\n\t<meta name=\"twitter:data1\" content=\"4\u00a0Minuten\" \/>\n<script type=\"application\/ld+json\" class=\"yoast-schema-graph\">{\"@context\":\"https:\\\/\\\/schema.org\",\"@graph\":[{\"@type\":\"WebPage\",\"@id\":\"https:\\\/\\\/www.fandome.nl\\\/fansjaal-ontwerpen\\\/\",\"url\":\"https:\\\/\\\/www.fandome.nl\\\/fansjaal-ontwerpen\\\/\",\"name\":\"Fansjaal ontwerpen - FanDome\",\"isPartOf\":{\"@id\":\"https:\\\/\\\/www.fandome.nl\\\/#website\"},\"datePublished\":\"2026-02-10T10:13:28+00:00\",\"dateModified\":\"2026-02-10T10:16:37+00:00\",\"description\":\"Fansjaal clubsjaals laten ontwerpen? Topkwaliteit, gratis ontwerp en snelle levering. Bestel al vanaf 30 stuks!\",\"breadcrumb\":{\"@id\":\"https:\\\/\\\/www.fandome.nl\\\/fansjaal-ontwerpen\\\/#breadcrumb\"},\"inLanguage\":\"de\",\"potentialAction\":[{\"@type\":\"ReadAction\",\"target\":[\"https:\\\/\\\/www.fandome.nl\\\/fansjaal-ontwerpen\\\/\"]}]},{\"@type\":\"BreadcrumbList\",\"@id\":\"https:\\\/\\\/www.fandome.nl\\\/fansjaal-ontwerpen\\\/#breadcrumb\",\"itemListElement\":[{\"@type\":\"ListItem\",\"position\":1,\"name\":\"Home\",\"item\":\"https:\\\/\\\/www.fandome.nl\\\/home\\\/\"},{\"@type\":\"ListItem\",\"position\":2,\"name\":\"Fansjaal ontwerpen\"}]},{\"@type\":\"WebSite\",\"@id\":\"https:\\\/\\\/www.fandome.nl\\\/#website\",\"url\":\"https:\\\/\\\/www.fandome.nl\\\/\",\"name\":\"FanDome\",\"description\":\"De fanartikelen specialist sinds 2003\",\"publisher\":{\"@id\":\"https:\\\/\\\/www.fandome.nl\\\/#organization\"},\"potentialAction\":[{\"@type\":\"SearchAction\",\"target\":{\"@type\":\"EntryPoint\",\"urlTemplate\":\"https:\\\/\\\/www.fandome.nl\\\/?s={search_term_string}\"},\"query-input\":{\"@type\":\"PropertyValueSpecification\",\"valueRequired\":true,\"valueName\":\"search_term_string\"}}],\"inLanguage\":\"de\"},{\"@type\":\"Organization\",\"@id\":\"https:\\\/\\\/www.fandome.nl\\\/#organization\",\"name\":\"FanDome\",\"url\":\"https:\\\/\\\/www.fandome.nl\\\/\",\"logo\":{\"@type\":\"ImageObject\",\"inLanguage\":\"de\",\"@id\":\"https:\\\/\\\/www.fandome.nl\\\/#\\\/schema\\\/logo\\\/image\\\/\",\"url\":\"https:\\\/\\\/www.fandome.nl\\\/wp-content\\\/uploads\\\/2023\\\/02\\\/fandome.png\",\"contentUrl\":\"https:\\\/\\\/www.fandome.nl\\\/wp-content\\\/uploads\\\/2023\\\/02\\\/fandome.png\",\"width\":518,\"height\":180,\"caption\":\"FanDome\"},\"image\":{\"@id\":\"https:\\\/\\\/www.fandome.nl\\\/#\\\/schema\\\/logo\\\/image\\\/\"},\"sameAs\":[\"https:\\\/\\\/www.facebook.com\\\/FandomeMerchandising\\\/?locale=nl_NL\",\"https:\\\/\\\/x.com\\\/FandomeMerchandising\"]}]}<\/script>\n<!-- \/ Yoast SEO plugin. -->","yoast_head_json":{"title":"Fansjaal ontwerpen - FanDome","description":"Fansjaal clubsjaals laten ontwerpen? Topkwaliteit, gratis ontwerp en snelle levering. Bestel al vanaf 30 stuks!","robots":{"index":"index","follow":"follow","max-snippet":"max-snippet:-1","max-image-preview":"max-image-preview:large","max-video-preview":"max-video-preview:-1"},"canonical":"https:\/\/www.fandome.nl\/de\/fansjaal-ontwerpen\/","og_locale":"de_DE","og_type":"article","og_title":"Fansjaal ontwerpen - FanDome","og_description":"Fansjaal clubsjaals laten ontwerpen? Topkwaliteit, gratis ontwerp en snelle levering. Bestel al vanaf 30 stuks!","og_url":"https:\/\/www.fandome.nl\/de\/fansjaal-ontwerpen\/","og_site_name":"FanDome","article_publisher":"https:\/\/www.facebook.com\/FandomeMerchandising\/?locale=nl_NL","article_modified_time":"2026-02-10T10:16:37+00:00","twitter_card":"summary_large_image","twitter_site":"@FandomeMerchandising","twitter_misc":{"Gesch\u00e4tzte Lesezeit":"4\u00a0Minuten"},"schema":{"@context":"https:\/\/schema.org","@graph":[{"@type":"WebPage","@id":"https:\/\/www.fandome.nl\/fansjaal-ontwerpen\/","url":"https:\/\/www.fandome.nl\/fansjaal-ontwerpen\/","name":"Fansjaal ontwerpen - FanDome","isPartOf":{"@id":"https:\/\/www.fandome.nl\/#website"},"datePublished":"2026-02-10T10:13:28+00:00","dateModified":"2026-02-10T10:16:37+00:00","description":"Fansjaal clubsjaals laten ontwerpen? Topkwaliteit, gratis ontwerp en snelle levering. Bestel al vanaf 30 stuks!","breadcrumb":{"@id":"https:\/\/www.fandome.nl\/fansjaal-ontwerpen\/#breadcrumb"},"inLanguage":"de","potentialAction":[{"@type":"ReadAction","target":["https:\/\/www.fandome.nl\/fansjaal-ontwerpen\/"]}]},{"@type":"BreadcrumbList","@id":"https:\/\/www.fandome.nl\/fansjaal-ontwerpen\/#breadcrumb","itemListElement":[{"@type":"ListItem","position":1,"name":"Home","item":"https:\/\/www.fandome.nl\/home\/"},{"@type":"ListItem","position":2,"name":"Fansjaal ontwerpen"}]},{"@type":"WebSite","@id":"https:\/\/www.fandome.nl\/#website","url":"https:\/\/www.fandome.nl\/","name":"FanDome","description":"Der Spezialist f\u00fcr Fanartikel seit 2003","publisher":{"@id":"https:\/\/www.fandome.nl\/#organization"},"potentialAction":[{"@type":"SearchAction","target":{"@type":"EntryPoint","urlTemplate":"https:\/\/www.fandome.nl\/?s={search_term_string}"},"query-input":{"@type":"PropertyValueSpecification","valueRequired":true,"valueName":"search_term_string"}}],"inLanguage":"de"},{"@type":"Organization","@id":"https:\/\/www.fandome.nl\/#organization","name":"FanDome","url":"https:\/\/www.fandome.nl\/","logo":{"@type":"ImageObject","inLanguage":"de","@id":"https:\/\/www.fandome.nl\/#\/schema\/logo\/image\/","url":"https:\/\/www.fandome.nl\/wp-content\/uploads\/2023\/02\/fandome.png","contentUrl":"https:\/\/www.fandome.nl\/wp-content\/uploads\/2023\/02\/fandome.png","width":518,"height":180,"caption":"FanDome"},"image":{"@id":"https:\/\/www.fandome.nl\/#\/schema\/logo\/image\/"},"sameAs":["https:\/\/www.facebook.com\/FandomeMerchandising\/?locale=nl_NL","https:\/\/x.com\/FandomeMerchandising"]}]}},"_links":{"self":[{"href":"https:\/\/www.fandome.nl\/de\/wp-json\/wp\/v2\/pages\/1631","targetHints":{"allow":["GET"]}}],"collection":[{"href":"https:\/\/www.fandome.nl\/de\/wp-json\/wp\/v2\/pages"}],"about":[{"href":"https:\/\/www.fandome.nl\/de\/wp-json\/wp\/v2\/types\/page"}],"author":[{"embeddable":true,"href":"https:\/\/www.fandome.nl\/de\/wp-json\/wp\/v2\/users\/1"}],"replies":[{"embeddable":true,"href":"https:\/\/www.fandome.nl\/de\/wp-json\/wp\/v2\/comments?post=1631"}],"version-history":[{"count":2,"href":"https:\/\/www.fandome.nl\/de\/wp-json\/wp\/v2\/pages\/1631\/revisions"}],"predecessor-version":[{"id":1633,"href":"https:\/\/www.fandome.nl\/de\/wp-json\/wp\/v2\/pages\/1631\/revisions\/1633"}],"wp:attachment":[{"href":"https:\/\/www.fandome.nl\/de\/wp-json\/wp\/v2\/media?parent=1631"}],"curies":[{"name":"wp","href":"https:\/\/api.w.org\/{rel}","templated":true}]}}