{"id":1646,"date":"2026-04-28T15:20:10","date_gmt":"2026-04-28T13:20:10","guid":{"rendered":"https:\/\/www.fandome.nl\/?page_id=1646"},"modified":"2026-04-28T15:21:11","modified_gmt":"2026-04-28T13:21:11","slug":"voetbal-sjaal-bedrukken","status":"publish","type":"page","link":"https:\/\/www.fandome.nl\/de\/voetbal-sjaal-bedrukken\/","title":{"rendered":"Voetbal sjaal bedrukken"},"content":{"rendered":"<style type=\"text\/css\" data-created_by=\"avia_inline_auto\" id=\"style-css-av-mel5g1wl-e6d6f5e508ab6932b194cb327ca467a8\">\n#top .hr.hr-invisible.av-mel5g1wl-e6d6f5e508ab6932b194cb327ca467a8{\nheight:50px;\n}\n<\/style>\n<div  class='hr av-mel5g1wl-e6d6f5e508ab6932b194cb327ca467a8 hr-invisible  avia-builder-el-1  el_after_av_codeblock  el_before_av_two_third'><span class='hr-inner'><span class=\"hr-inner-style\"><\/span><\/span><\/div>\n<div class='flex_column av-42j0te-1d2a235f4c575715db2dea318c59539d av_two_third  avia-builder-el-2  el_after_av_hr  el_before_av_one_third  first flex_column_div'   ><section  class='av_textblock_section av-meh1njsp-631d4fe4de835c694811819b7976b622'  itemscope=\"itemscope\" itemtype=\"https:\/\/schema.org\/CreativeWork\" ><div class='avia_textblock'  itemprop=\"text\" ><h1>Fu\u00dfballschal-Druck: Ihre Vereinsfarben in Top-Qualit\u00e4t<\/h1>\n<p>M\u00f6chten Sie eine <strong>Fu\u00dfballschal bedrucken<\/strong> Sie m\u00f6chten Ihrem Verein oder Verband eine besondere Ausstrahlung verleihen? Bei FanDome sind Sie an der richtigen Adresse, wenn es um hochwertige, gestrickte Schals geht. Obwohl oft von \u201cDruck\u201d die Rede ist, werden unsere Designs direkt in den Stoff eingewebt, um ein dauerhaftes und professionelles Ergebnis zu erzielen.<\/p>\n<h4>Die besten Optionen f\u00fcr den Druck von Fu\u00dfballschals<\/h4>\n<p>Bei FanDome k\u00f6nnen Sie zwischen zwei Arten von gestrickten Fu\u00dfballschals w\u00e4hlen. Die traditionelle Variante, wie Sie sie von vielen Fu\u00dfballvereinen kennen, mit klarem Text und Logos. Au\u00dferdem gibt es den sch\u00f6nen 5-Sterne-Strickschal (High Definition), der noch feiner gestrickt ist und daher kleine Details messerscharf darstellt. Bei \u00fcber hundert Garnfarben, die wir auf Lager haben, findet sich immer eine passende Kombination f\u00fcr Ihr Design.<\/p>\n<h4>Detailliertes Design auf Ihrem Fu\u00dfballschal<\/h4>\n<p>Wenn Sie einen Schal mit einem komplexen Logo oder einem Bild mit vielen kleinen Elementen herstellen m\u00f6chten, ist der 5-Sterne-Schal die beste Wahl. Die feinere Strickstruktur sorgt f\u00fcr leuchtende Farben und klare Linien. Man kann es mit Pixeln vergleichen: je mehr Pixel, desto sch\u00e4rfer das Bild. F\u00fcr ein einfacheres Zeichen ist der traditionelle Strickschal hervorragend geeignet. <a href=\"https:\/\/www.fandome.nl\/de\/contact\/\" target=\"_blank\" rel=\"noopener\">Kontakt aufnehmen<\/a> f\u00fcr eine pers\u00f6nliche Beratung, welcher Typ am besten zu Ihren Bed\u00fcrfnissen passt.<\/p>\n<h4>Hoher Tragekomfort und starke Qualit\u00e4t<\/h4>\n<p>Wenn Sie sich f\u00fcr FanDome entscheiden, entscheiden Sie sich f\u00fcr Langlebigkeit. Unsere Schals werden in einem St\u00fcck gestrickt und enthalten keine N\u00e4hte, was f\u00fcr zus\u00e4tzlichen Tragekomfort sorgt. Wir sind in den Niederlanden, Deutschland und Belgien f\u00fcr unsere hohe Qualit\u00e4t bekannt. M\u00f6chten Sie sich selbst davon \u00fcberzeugen? Fordern Sie ein kostenloses Muster an, um die Materialien in natura zu beurteilen.<\/p>\n<h4>Kostenloser Design-Service f\u00fcr Ihren Club<\/h4>\n<p>Ein einzigartiger Schal beginnt mit einem guten Design. Sie haben noch keinen Entwurf? Das ist kein Problem. Auf der Grundlage Ihrer Idee, Ihres Logos und Ihrer Farben erstellen wir Ihnen kostenlos einen professionellen Vorschlag. Senden Sie uns einfach Ihre Anfrage und Sie erhalten in der Regel innerhalb eines Arbeitstages mehrere kreative M\u00f6glichkeiten.<\/p>\n<h4>Prototyp und flexible Nummern<\/h4>\n<p>Nach Ihrer Bestellung fertigen wir zun\u00e4chst einen Prototyp an. Von diesem erhalten Sie Fotos zur Kontrolle, damit das Endergebnis auch wirklich stimmt. Halten Sie die Mindestmenge f\u00fcr zu hoch? Dann fragen Sie nach den M\u00f6glichkeiten f\u00fcr kleinere Auflagen.<\/p>\n<hr \/>\n<p><strong>Anmerkung:<\/strong> Der FanDome wird w\u00e4hrend des Karnevals am 12., 13., 16. und 17. Februar geschlossen sein.<\/p>\n<p>Mit freundlichen Gr\u00fc\u00dfen,<br \/>\nMannschaft FanDome<\/p>\n<\/div><\/section><\/div><div class='flex_column av-2wwe76-9146b1d87b9df8ec285497813870aa50 av_one_third  avia-builder-el-4  el_after_av_two_third  avia-builder-el-last  flex_column_div'   ><style type=\"text\/css\" data-created_by=\"avia_inline_auto\" id=\"style-css-av-meh1uetz-f515dd11fd3d96af5d973eac13443be1\">\n.avia-image-container.av-meh1uetz-f515dd11fd3d96af5d973eac13443be1 .av-image-caption-overlay-center{\ncolor:#ffffff;\n}\n<\/style>\n<div  class='avia-image-container av-meh1uetz-f515dd11fd3d96af5d973eac13443be1 av-styling- avia-align-center  avia-builder-el-5  avia-builder-el-no-sibling'  itemprop=\"image\" itemscope=\"itemscope\" itemtype=\"https:\/\/schema.org\/ImageObject\" ><div class=\"avia-image-container-inner\"><div class=\"avia-image-overlay-wrap\"><img decoding=\"async\" class='wp-image-1033 avia-img-lazy-loading-not-1033 avia_image' src=\"https:\/\/www.fandome.nl\/wp-content\/uploads\/2023\/02\/Schermafbeelding-2023-02-06-om-14.39.04-1-224x300.png\" alt='Auto Tenue' title='Bildschirmfoto 2023-02-06 um 14.39.04'  height=\"300\" width=\"224\"  itemprop=\"thumbnailUrl\" srcset=\"https:\/\/www.fandome.nl\/wp-content\/uploads\/2023\/02\/Schermafbeelding-2023-02-06-om-14.39.04-1-224x300.png 224w, https:\/\/www.fandome.nl\/wp-content\/uploads\/2023\/02\/Schermafbeelding-2023-02-06-om-14.39.04-1-769x1030.png 769w, https:\/\/www.fandome.nl\/wp-content\/uploads\/2023\/02\/Schermafbeelding-2023-02-06-om-14.39.04-1-768x1028.png 768w, https:\/\/www.fandome.nl\/wp-content\/uploads\/2023\/02\/Schermafbeelding-2023-02-06-om-14.39.04-1-1147x1536.png 1147w, https:\/\/www.fandome.nl\/wp-content\/uploads\/2023\/02\/Schermafbeelding-2023-02-06-om-14.39.04-1-1529x2048.png 1529w, https:\/\/www.fandome.nl\/wp-content\/uploads\/2023\/02\/Schermafbeelding-2023-02-06-om-14.39.04-1-9x12.png 9w, https:\/\/www.fandome.nl\/wp-content\/uploads\/2023\/02\/Schermafbeelding-2023-02-06-om-14.39.04-1-1120x1500.png 1120w, https:\/\/www.fandome.nl\/wp-content\/uploads\/2023\/02\/Schermafbeelding-2023-02-06-om-14.39.04-1-526x705.png 526w\" sizes=\"(max-width: 224px) 100vw, 224px\" \/><\/div><\/div><\/div><\/div><\/p>","protected":false},"excerpt":{"rendered":"","protected":false},"author":1,"featured_media":0,"parent":0,"menu_order":1,"comment_status":"closed","ping_status":"closed","template":"","meta":{"_acf_changed":false,"_monsterinsights_skip_tracking":false,"_monsterinsights_sitenote_active":false,"_monsterinsights_sitenote_note":"","_monsterinsights_sitenote_category":0,"footnotes":""},"class_list":["post-1646","page","type-page","status-publish","hentry"],"acf":[],"yoast_head":"<!-- This site is optimized with the Yoast SEO plugin v27.5 - https:\/\/yoast.com\/product\/yoast-seo-wordpress\/ -->\n<title>Voetbal sjaal bedrukken - FanDome<\/title>\n<meta name=\"description\" content=\"Voetbal Sjaal Bedrukken \u2013 Ontwerp je eigen gebreide sjaal met logo en tekst. Topkwaliteit, gratis ontwerp en geen instelkosten bij FanDome!\" \/>\n<meta name=\"robots\" content=\"index, follow, max-snippet:-1, max-image-preview:large, max-video-preview:-1\" \/>\n<link rel=\"canonical\" href=\"https:\/\/www.fandome.nl\/de\/voetbal-sjaal-bedrukken\/\" \/>\n<meta property=\"og:locale\" content=\"de_DE\" \/>\n<meta property=\"og:type\" content=\"article\" \/>\n<meta property=\"og:title\" content=\"Voetbal sjaal bedrukken - FanDome\" \/>\n<meta property=\"og:description\" content=\"Voetbal Sjaal Bedrukken \u2013 Ontwerp je eigen gebreide sjaal met logo en tekst. Topkwaliteit, gratis ontwerp en geen instelkosten bij FanDome!\" \/>\n<meta property=\"og:url\" content=\"https:\/\/www.fandome.nl\/de\/voetbal-sjaal-bedrukken\/\" \/>\n<meta property=\"og:site_name\" content=\"FanDome\" \/>\n<meta property=\"article:publisher\" content=\"https:\/\/www.facebook.com\/FandomeMerchandising\/?locale=nl_NL\" \/>\n<meta property=\"article:modified_time\" content=\"2026-04-28T13:21:11+00:00\" \/>\n<meta name=\"twitter:card\" content=\"summary_large_image\" \/>\n<meta name=\"twitter:site\" content=\"@FandomeMerchandising\" \/>\n<meta name=\"twitter:label1\" content=\"Gesch\u00e4tzte Lesezeit\" \/>\n\t<meta name=\"twitter:data1\" content=\"4\u00a0Minuten\" \/>\n<script type=\"application\/ld+json\" class=\"yoast-schema-graph\">{\"@context\":\"https:\\\/\\\/schema.org\",\"@graph\":[{\"@type\":\"WebPage\",\"@id\":\"https:\\\/\\\/www.fandome.nl\\\/voetbal-sjaal-bedrukken\\\/\",\"url\":\"https:\\\/\\\/www.fandome.nl\\\/voetbal-sjaal-bedrukken\\\/\",\"name\":\"Voetbal sjaal bedrukken - FanDome\",\"isPartOf\":{\"@id\":\"https:\\\/\\\/www.fandome.nl\\\/#website\"},\"datePublished\":\"2026-04-28T13:20:10+00:00\",\"dateModified\":\"2026-04-28T13:21:11+00:00\",\"description\":\"Voetbal Sjaal Bedrukken \u2013 Ontwerp je eigen gebreide sjaal met logo en tekst. Topkwaliteit, gratis ontwerp en geen instelkosten bij FanDome!\",\"breadcrumb\":{\"@id\":\"https:\\\/\\\/www.fandome.nl\\\/voetbal-sjaal-bedrukken\\\/#breadcrumb\"},\"inLanguage\":\"de\",\"potentialAction\":[{\"@type\":\"ReadAction\",\"target\":[\"https:\\\/\\\/www.fandome.nl\\\/voetbal-sjaal-bedrukken\\\/\"]}]},{\"@type\":\"BreadcrumbList\",\"@id\":\"https:\\\/\\\/www.fandome.nl\\\/voetbal-sjaal-bedrukken\\\/#breadcrumb\",\"itemListElement\":[{\"@type\":\"ListItem\",\"position\":1,\"name\":\"Home\",\"item\":\"https:\\\/\\\/www.fandome.nl\\\/home\\\/\"},{\"@type\":\"ListItem\",\"position\":2,\"name\":\"Voetbal sjaal bedrukken\"}]},{\"@type\":\"WebSite\",\"@id\":\"https:\\\/\\\/www.fandome.nl\\\/#website\",\"url\":\"https:\\\/\\\/www.fandome.nl\\\/\",\"name\":\"FanDome\",\"description\":\"De fanartikelen specialist sinds 2003\",\"publisher\":{\"@id\":\"https:\\\/\\\/www.fandome.nl\\\/#organization\"},\"potentialAction\":[{\"@type\":\"SearchAction\",\"target\":{\"@type\":\"EntryPoint\",\"urlTemplate\":\"https:\\\/\\\/www.fandome.nl\\\/?s={search_term_string}\"},\"query-input\":{\"@type\":\"PropertyValueSpecification\",\"valueRequired\":true,\"valueName\":\"search_term_string\"}}],\"inLanguage\":\"de\"},{\"@type\":\"Organization\",\"@id\":\"https:\\\/\\\/www.fandome.nl\\\/#organization\",\"name\":\"FanDome\",\"url\":\"https:\\\/\\\/www.fandome.nl\\\/\",\"logo\":{\"@type\":\"ImageObject\",\"inLanguage\":\"de\",\"@id\":\"https:\\\/\\\/www.fandome.nl\\\/#\\\/schema\\\/logo\\\/image\\\/\",\"url\":\"https:\\\/\\\/www.fandome.nl\\\/wp-content\\\/uploads\\\/2023\\\/02\\\/fandome.png\",\"contentUrl\":\"https:\\\/\\\/www.fandome.nl\\\/wp-content\\\/uploads\\\/2023\\\/02\\\/fandome.png\",\"width\":518,\"height\":180,\"caption\":\"FanDome\"},\"image\":{\"@id\":\"https:\\\/\\\/www.fandome.nl\\\/#\\\/schema\\\/logo\\\/image\\\/\"},\"sameAs\":[\"https:\\\/\\\/www.facebook.com\\\/FandomeMerchandising\\\/?locale=nl_NL\",\"https:\\\/\\\/x.com\\\/FandomeMerchandising\"]}]}<\/script>\n<!-- \/ Yoast SEO plugin. -->","yoast_head_json":{"title":"Voetbal sjaal bedrukken - FanDome","description":"Voetbal Sjaal Bedrukken \u2013 Ontwerp je eigen gebreide sjaal met logo en tekst. Topkwaliteit, gratis ontwerp en geen instelkosten bij FanDome!","robots":{"index":"index","follow":"follow","max-snippet":"max-snippet:-1","max-image-preview":"max-image-preview:large","max-video-preview":"max-video-preview:-1"},"canonical":"https:\/\/www.fandome.nl\/de\/voetbal-sjaal-bedrukken\/","og_locale":"de_DE","og_type":"article","og_title":"Voetbal sjaal bedrukken - FanDome","og_description":"Voetbal Sjaal Bedrukken \u2013 Ontwerp je eigen gebreide sjaal met logo en tekst. Topkwaliteit, gratis ontwerp en geen instelkosten bij FanDome!","og_url":"https:\/\/www.fandome.nl\/de\/voetbal-sjaal-bedrukken\/","og_site_name":"FanDome","article_publisher":"https:\/\/www.facebook.com\/FandomeMerchandising\/?locale=nl_NL","article_modified_time":"2026-04-28T13:21:11+00:00","twitter_card":"summary_large_image","twitter_site":"@FandomeMerchandising","twitter_misc":{"Gesch\u00e4tzte Lesezeit":"4\u00a0Minuten"},"schema":{"@context":"https:\/\/schema.org","@graph":[{"@type":"WebPage","@id":"https:\/\/www.fandome.nl\/voetbal-sjaal-bedrukken\/","url":"https:\/\/www.fandome.nl\/voetbal-sjaal-bedrukken\/","name":"Voetbal sjaal bedrukken - FanDome","isPartOf":{"@id":"https:\/\/www.fandome.nl\/#website"},"datePublished":"2026-04-28T13:20:10+00:00","dateModified":"2026-04-28T13:21:11+00:00","description":"Voetbal Sjaal Bedrukken \u2013 Ontwerp je eigen gebreide sjaal met logo en tekst. Topkwaliteit, gratis ontwerp en geen instelkosten bij FanDome!","breadcrumb":{"@id":"https:\/\/www.fandome.nl\/voetbal-sjaal-bedrukken\/#breadcrumb"},"inLanguage":"de","potentialAction":[{"@type":"ReadAction","target":["https:\/\/www.fandome.nl\/voetbal-sjaal-bedrukken\/"]}]},{"@type":"BreadcrumbList","@id":"https:\/\/www.fandome.nl\/voetbal-sjaal-bedrukken\/#breadcrumb","itemListElement":[{"@type":"ListItem","position":1,"name":"Home","item":"https:\/\/www.fandome.nl\/home\/"},{"@type":"ListItem","position":2,"name":"Voetbal sjaal bedrukken"}]},{"@type":"WebSite","@id":"https:\/\/www.fandome.nl\/#website","url":"https:\/\/www.fandome.nl\/","name":"FanDome","description":"Der Spezialist f\u00fcr Fanartikel seit 2003","publisher":{"@id":"https:\/\/www.fandome.nl\/#organization"},"potentialAction":[{"@type":"SearchAction","target":{"@type":"EntryPoint","urlTemplate":"https:\/\/www.fandome.nl\/?s={search_term_string}"},"query-input":{"@type":"PropertyValueSpecification","valueRequired":true,"valueName":"search_term_string"}}],"inLanguage":"de"},{"@type":"Organization","@id":"https:\/\/www.fandome.nl\/#organization","name":"FanDome","url":"https:\/\/www.fandome.nl\/","logo":{"@type":"ImageObject","inLanguage":"de","@id":"https:\/\/www.fandome.nl\/#\/schema\/logo\/image\/","url":"https:\/\/www.fandome.nl\/wp-content\/uploads\/2023\/02\/fandome.png","contentUrl":"https:\/\/www.fandome.nl\/wp-content\/uploads\/2023\/02\/fandome.png","width":518,"height":180,"caption":"FanDome"},"image":{"@id":"https:\/\/www.fandome.nl\/#\/schema\/logo\/image\/"},"sameAs":["https:\/\/www.facebook.com\/FandomeMerchandising\/?locale=nl_NL","https:\/\/x.com\/FandomeMerchandising"]}]}},"_links":{"self":[{"href":"https:\/\/www.fandome.nl\/de\/wp-json\/wp\/v2\/pages\/1646","targetHints":{"allow":["GET"]}}],"collection":[{"href":"https:\/\/www.fandome.nl\/de\/wp-json\/wp\/v2\/pages"}],"about":[{"href":"https:\/\/www.fandome.nl\/de\/wp-json\/wp\/v2\/types\/page"}],"author":[{"embeddable":true,"href":"https:\/\/www.fandome.nl\/de\/wp-json\/wp\/v2\/users\/1"}],"replies":[{"embeddable":true,"href":"https:\/\/www.fandome.nl\/de\/wp-json\/wp\/v2\/comments?post=1646"}],"version-history":[{"count":2,"href":"https:\/\/www.fandome.nl\/de\/wp-json\/wp\/v2\/pages\/1646\/revisions"}],"predecessor-version":[{"id":1649,"href":"https:\/\/www.fandome.nl\/de\/wp-json\/wp\/v2\/pages\/1646\/revisions\/1649"}],"wp:attachment":[{"href":"https:\/\/www.fandome.nl\/de\/wp-json\/wp\/v2\/media?parent=1646"}],"curies":[{"name":"wp","href":"https:\/\/api.w.org\/{rel}","templated":true}]}}