{"id":20,"date":"2022-06-23T07:02:40","date_gmt":"2022-06-23T07:02:40","guid":{"rendered":"https:\/\/www.fandome.nl\/nieuw\/?page_id=20"},"modified":"2023-03-08T14:52:48","modified_gmt":"2023-03-08T13:52:48","slug":"referenties","status":"publish","type":"page","link":"https:\/\/www.fandome.nl\/de\/referenties\/","title":{"rendered":"Referenzen"},"content":{"rendered":"<style type=\"text\/css\" data-created_by=\"avia_inline_auto\" id=\"style-css-av-9b0cs-5402ca0b08e27376c6ee5387443416fc\">\n.avia-section.av-9b0cs-5402ca0b08e27376c6ee5387443416fc{\nbackground-color:#ffffff;\nbackground-image:unset;\n}\n<\/style>\n<div id='av_section_1'  class='avia-section av-9b0cs-5402ca0b08e27376c6ee5387443416fc main_color avia-section-default avia-no-border-styling  avia-builder-el-0  el_before_av_section  avia-builder-el-first  avia-bg-style-scroll container_wrap fullsize'  ><div class='container av-section-cont-open' ><main  role=\"main\" itemprop=\"mainContentOfPage\"  class='template-page content  av-content-full alpha units'><div class='post-entry post-entry-type-page post-entry-20'><div class='entry-content-wrapper clearfix'>\n<div class='flex_column av-8x11c-fe1eab180eda130f65a40afdccbc35b6 av_one_full  avia-builder-el-1  avia-builder-el-no-sibling  first flex_column_div'   ><p>\n<style type=\"text\/css\" data-created_by=\"avia_inline_auto\" id=\"style-css-av-7zzu8-062b5d0cbc8e3a8c3fd9c1c05ee7f785\">\n#top .av-special-heading.av-7zzu8-062b5d0cbc8e3a8c3fd9c1c05ee7f785{\npadding-bottom:10px;\n}\nbody .av-special-heading.av-7zzu8-062b5d0cbc8e3a8c3fd9c1c05ee7f785 .av-special-heading-tag .heading-char{\nfont-size:25px;\n}\n.av-special-heading.av-7zzu8-062b5d0cbc8e3a8c3fd9c1c05ee7f785 .av-subheading{\nfont-size:15px;\n}\n<\/style>\n<div  class='av-special-heading av-7zzu8-062b5d0cbc8e3a8c3fd9c1c05ee7f785 av-special-heading-h2 blockquote modern-quote modern-centered  avia-builder-el-2  el_before_av_hr  avia-builder-el-first'><div class='av-subheading av-subheading_above'><p>Wir versorgen Sie!<\/p>\n<\/div><h2 class='av-special-heading-tag'  itemprop=\"headline\"  >Referenzen<\/h2><div class=\"special-heading-border\"><div class=\"special-heading-inner-border\"><\/div><\/div><\/div><br \/>\n\n<style type=\"text\/css\" data-created_by=\"avia_inline_auto\" id=\"style-css-av-7qhsc-718fa4aee878bef9e5fcb3ad92bd1683\">\n#top .hr.hr-invisible.av-7qhsc-718fa4aee878bef9e5fcb3ad92bd1683{\nmargin-top:-15px;\nheight:1px;\n}\n<\/style>\n<div  class='hr av-7qhsc-718fa4aee878bef9e5fcb3ad92bd1683 hr-invisible  avia-builder-el-3  el_after_av_heading  el_before_av_textblock'><span class='hr-inner'><span class=\"hr-inner-style\"><\/span><\/span><\/div><br \/>\n\n<style type=\"text\/css\" data-created_by=\"avia_inline_auto\" id=\"style-css-av-ona8-0d476595fc80212889ce2dc7e019334c\">\n#top .av_textblock_section.av-ona8-0d476595fc80212889ce2dc7e019334c .avia_textblock{\nfont-size:16px;\n}\n<\/style>\n<section  class='av_textblock_section av-ona8-0d476595fc80212889ce2dc7e019334c'  itemscope=\"itemscope\" itemtype=\"https:\/\/schema.org\/CreativeWork\" ><div class='avia_textblock'  itemprop=\"text\" ><p style=\"text-align: center;\">Neben unseren Privatkunden arbeiten wir auch regelm\u00e4\u00dfig f\u00fcr Firmenkunden und Sportvereine.<\/p>\n<\/div><\/section><br \/>\n\n<style type=\"text\/css\" data-created_by=\"avia_inline_auto\" id=\"style-css-av-6dwv8-ae5e8610a3d5c87bcee51332b18d4609\">\n#top .hr.hr-invisible.av-6dwv8-ae5e8610a3d5c87bcee51332b18d4609{\nmargin-top:-45px;\nheight:1px;\n}\n<\/style>\n<div  class='hr av-6dwv8-ae5e8610a3d5c87bcee51332b18d4609 hr-invisible  avia-builder-el-5  el_after_av_textblock  el_before_av_partner'><span class='hr-inner'><span class=\"hr-inner-style\"><\/span><\/span><\/div><br \/>\n<div   data-autoplay='true'  data-interval='5'  data-animation='slide'  class='avia-logo-element-container av-5nkpw-f275a2f7a28041e61f50e0b213d71875 av-border-deactivate avia-logo-slider avia-content-slider avia-smallarrow-slider avia-content-slider-active noHover avia-content-slider-odd  avia-builder-el-6  el_after_av_hr  avia-builder-el-last  avia-content-slider1'><div class='avia-smallarrow-slider-heading  no-logo-slider-heading'><div class='new-special-heading'>&nbsp;<\/div><\/div><div class=\"avia-content-slider-inner\"><div class=\"slide-entry-wrap\"><div  class='slide-entry av-52648-862f44c3b87a3ee6a3bff21aa531cd5e flex_column no_margin av_one_fifth real-thumbnail post-entry slide-entry-overview slide-loop-1 slide-parity-odd  first'><span class='av-partner-fake-img' style='padding-bottom:75%; background-image:url(https:\/\/www.fandome.nl\/wp-content\/uploads\/2022\/06\/Dominos.png);'><\/span><\/div><div  class='slide-entry av-4lbhc-27348a2b4ac1c1a35ec2475f1b8b4059 flex_column no_margin av_one_fifth real-thumbnail post-entry slide-entry-overview slide-loop-2 slide-parity-even'><span class='av-partner-fake-img' style='padding-bottom:75%; background-image:url(https:\/\/www.fandome.nl\/wp-content\/uploads\/2022\/06\/Fb.png);'><\/span><\/div><div  class='slide-entry av-3w4jc-888514c4af26a4435e7c487aae3ea43f flex_column no_margin av_one_fifth real-thumbnail post-entry slide-entry-overview slide-loop-3 slide-parity-odd'><span class='av-partner-fake-img' style='padding-bottom:75%; background-image:url(https:\/\/www.fandome.nl\/wp-content\/uploads\/2022\/06\/AH.png);'><\/span><\/div><div  class='slide-entry av-3502k-396cea36dcb2adfb0afce5c6dc20ac88 flex_column no_margin av_one_fifth real-thumbnail post-entry slide-entry-overview slide-loop-4 slide-parity-even'><span class='av-partner-fake-img' style='padding-bottom:75%; background-image:url(https:\/\/www.fandome.nl\/wp-content\/uploads\/2022\/06\/RJC.png);'><\/span><\/div><div  class='slide-entry av-2mvak-c4a7c8a52597de32e35031588539760c flex_column no_margin av_one_fifth real-thumbnail post-entry slide-entry-overview slide-loop-5 slide-parity-odd'><span class='av-partner-fake-img' style='padding-bottom:75%; background-image:url(https:\/\/www.fandome.nl\/wp-content\/uploads\/2022\/06\/Van-kaathoven.png);'><\/span><\/div><\/div><div class=\"slide-entry-wrap\"><div  class='slide-entry av-ldvepxwt-b2d40ed08606dca8fbaccb39a9acbf9e flex_column no_margin av_one_fifth real-thumbnail post-entry slide-entry-overview slide-loop-6 slide-parity-odd  first'><span class='av-partner-fake-img' style='padding-bottom:75%; background-image:url(https:\/\/www.fandome.nl\/wp-content\/uploads\/2023\/02\/Schermafbeelding-2023-02-08-om-09.25.31.png);'><\/span><\/div><div  class='slide-entry av-ldverka3-9b000394786d5c429b228e70fcfe1d79 flex_column no_margin av_one_fifth real-thumbnail post-entry slide-entry-overview slide-loop-7 slide-parity-even'><span class='av-partner-fake-img' style='padding-bottom:75%; background-image:url(https:\/\/www.fandome.nl\/wp-content\/uploads\/2023\/02\/Schermafbeelding-2023-02-08-om-09.27.02.png);'><\/span><\/div><div  class='slide-entry av-ldveu9pw-986168a7d43abe3d41b0cebbddf60596 flex_column no_margin av_one_fifth real-thumbnail post-entry slide-entry-overview slide-loop-8 slide-parity-odd'><span class='av-partner-fake-img' style='padding-bottom:75%; background-image:url(https:\/\/www.fandome.nl\/wp-content\/uploads\/2023\/02\/Schermafbeelding-2023-02-08-om-09.29.11.png);'><\/span><\/div><div  class='slide-entry av-ldvewi9u-e5dabaaf8df41d4887f3e5d432a68034 flex_column no_margin av_one_fifth real-thumbnail post-entry slide-entry-overview slide-loop-9 slide-parity-even'><span class='av-partner-fake-img' style='padding-bottom:75%; background-image:url(https:\/\/www.fandome.nl\/wp-content\/uploads\/2023\/02\/Schermafbeelding-2023-02-08-om-09.31.11.png);'><\/span><\/div><div  class='slide-entry av-ldvf7oww-8d4aede0465ea3ccdb6e25f090e03e72 flex_column no_margin av_one_fifth real-thumbnail post-entry slide-entry-overview slide-loop-10 slide-parity-odd post-entry-last'><span class='av-partner-fake-img' style='padding-bottom:75%; background-image:url(https:\/\/www.fandome.nl\/wp-content\/uploads\/2023\/02\/Schermafbeelding-2023-02-08-om-09.39.46.png);'><\/span><\/div><\/div><\/div><div class='avia-slideshow-dots avia-slideshow-controls'><a href='#1' class='goto-slide active' >1<\/a><a href='#2' class='goto-slide' >2<\/a><\/div><\/div><\/p><\/div><\/div><\/div><\/main><!-- close content main element --><\/div><\/div><div id='klantenvertellen'  class='avia-section av-1zqt4-d72d20ea4a77c1d105745c74d57a6042 main_color avia-section-default avia-no-border-styling  avia-builder-el-7  el_after_av_section  el_before_av_section  avia-bg-style-scroll container_wrap fullsize'  ><div class='container av-section-cont-open' ><div class='template-page content  av-content-full alpha units'><div class='post-entry post-entry-type-page post-entry-20'><div class='entry-content-wrapper clearfix'>\n<div class='flex_column av-1kyh8-7740a6fa454b2c6852eba92b4c6c58db av_one_full  avia-builder-el-8  avia-builder-el-no-sibling  first flex_column_div'   ><p>\n<style type=\"text\/css\" data-created_by=\"avia_inline_auto\" id=\"style-css-av-xntk-0249dcbda2f122f1a03d13b6b86f9cb9\">\n#top .av-special-heading.av-xntk-0249dcbda2f122f1a03d13b6b86f9cb9{\npadding-bottom:10px;\n}\nbody .av-special-heading.av-xntk-0249dcbda2f122f1a03d13b6b86f9cb9 .av-special-heading-tag .heading-char{\nfont-size:25px;\n}\n.av-special-heading.av-xntk-0249dcbda2f122f1a03d13b6b86f9cb9 .av-subheading{\nfont-size:15px;\n}\n<\/style>\n<div  class='av-special-heading av-xntk-0249dcbda2f122f1a03d13b6b86f9cb9 av-special-heading-h2 blockquote modern-quote modern-centered  avia-builder-el-9  el_before_av_hr  avia-builder-el-first'><div class='av-subheading av-subheading_above'><p>Klantenvertellen<\/p>\n<\/div><h2 class='av-special-heading-tag'  itemprop=\"headline\"  >Einige Kundenrezensionen<\/h2><div class=\"special-heading-border\"><div class=\"special-heading-inner-border\"><\/div><\/div><\/div><br \/>\n\n<style type=\"text\/css\" data-created_by=\"avia_inline_auto\" id=\"style-css-av-l4r23oge-b37fdeccb5f6c9c52b46279f4d5fb092\">\n#top .hr.hr-invisible.av-l4r23oge-b37fdeccb5f6c9c52b46279f4d5fb092{\nheight:15px;\n}\n<\/style>\n<div  class='hr av-l4r23oge-b37fdeccb5f6c9c52b46279f4d5fb092 hr-invisible  avia-builder-el-10  el_after_av_heading  el_before_av_codeblock'><span class='hr-inner'><span class=\"hr-inner-style\"><\/span><\/span><\/div><br \/>\n<\/p><\/div>\n<\/p>\n<\/div><\/div><\/div><!-- close content main div --><\/div><\/div><div id='av_section_3'  class='avia-section av-w44-0cd30f0b9d15cb8f0c8f8fcf93471359 alternate_color avia-section-default avia-no-border-styling  avia-builder-el-12  el_after_av_section  avia-builder-el-last  avia-bg-style-scroll container_wrap fullsize'  ><div class='container av-section-cont-open' ><div class='template-page content  av-content-full alpha units'><div class='post-entry post-entry-type-page post-entry-20'><div class='entry-content-wrapper clearfix'>\n<div class='flex_column av-241to-8cfe3a946dc0ded86104b376c8e3aaf0 av_one_full  avia-builder-el-13  avia-builder-el-no-sibling  first flex_column_div'   ><p>\n<style type=\"text\/css\" data-created_by=\"avia_inline_auto\" id=\"style-css-av-1nhok-a7c5d257ad3303c4476b9edb5cbf6385\">\n#top .av-special-heading.av-1nhok-a7c5d257ad3303c4476b9edb5cbf6385{\npadding-bottom:10px;\n}\nbody .av-special-heading.av-1nhok-a7c5d257ad3303c4476b9edb5cbf6385 .av-special-heading-tag .heading-char{\nfont-size:25px;\n}\n.av-special-heading.av-1nhok-a7c5d257ad3303c4476b9edb5cbf6385 .av-subheading{\nfont-size:15px;\n}\n<\/style>\n<div  class='av-special-heading av-1nhok-a7c5d257ad3303c4476b9edb5cbf6385 av-special-heading-h2 blockquote modern-quote modern-centered  avia-builder-el-14  el_before_av_hr  avia-builder-el-first'><div class='av-subheading av-subheading_above'><p>Wir beliefern Fans und Firmen!<\/p>\n<\/div><h2 class='av-special-heading-tag'  itemprop=\"headline\"  >Die beliebtesten Produkte<\/h2><div class=\"special-heading-border\"><div class=\"special-heading-inner-border\"><\/div><\/div><\/div><br \/>\n\n<style type=\"text\/css\" data-created_by=\"avia_inline_auto\" id=\"style-css-av-14hyo-e95c3005925172cb1e8497e990da4d0e\">\n#top .hr.hr-invisible.av-14hyo-e95c3005925172cb1e8497e990da4d0e{\nheight:20px;\n}\n<\/style>\n<div  class='hr av-14hyo-e95c3005925172cb1e8497e990da4d0e hr-invisible  avia-builder-el-15  el_after_av_heading  el_before_av_portfolio  avia-builder-el-last'><span class='hr-inner'><span class=\"hr-inner-style\"><\/span><\/span><\/div><br \/>\n<div  id=\"av-sc-portfolio-1\"  class='grid-sort-container isotope   no_margin-container with-title-container grid-total-even grid-col-4 grid-links-' data-portfolio-id='1'><div data-ajax-id='110' class='grid-entry flex_column isotope-item all_sort no_margin post-entry post-entry-110 grid-entry-overview grid-loop-1 grid-parity-odd  sjaals_sort  av_one_fourth first default_av_fullwidth'><article class='main_color inner-entry'  itemscope=\"itemscope\" itemtype=\"https:\/\/schema.org\/CreativeWork\" ><a href=\"https:\/\/www.fandome.nl\/de\/product\/voetbalsjaal-laten-maken\/\" title='Gestrickte Fu\u00dfballschals'  data-rel='grid-1' class='grid-image avia-hover-fx'> <img decoding=\"async\" width=\"300\" height=\"281\" src=\"https:\/\/www.fandome.nl\/wp-content\/uploads\/2022\/06\/4-gebreide-sjaals-300x281.webp\" class=\"wp-image-1260 avia-img-lazy-loading-not-1260 attachment-medium size-medium wp-post-image\" alt=\"4-gebreide-sjaals\" srcset=\"https:\/\/www.fandome.nl\/wp-content\/uploads\/2022\/06\/4-gebreide-sjaals-300x281.webp 300w, https:\/\/www.fandome.nl\/wp-content\/uploads\/2022\/06\/4-gebreide-sjaals-13x12.webp 13w, https:\/\/www.fandome.nl\/wp-content\/uploads\/2022\/06\/4-gebreide-sjaals.webp 640w\" sizes=\"(max-width: 300px) 100vw, 300px\" \/><\/a><div class='grid-content'><div class='avia-arrow'><\/div><header class=\"entry-content-header\"><h3 class='grid-entry-title entry-title'  itemprop=\"headline\" ><a href='https:\/\/www.fandome.nl\/de\/product\/voetbalsjaal-laten-maken\/' title='Gestrickte Fu\u00dfballschals'>Gestrickte Fu\u00dfballschals<\/a><\/h3><\/header><\/div><footer class=\"entry-footer\"><\/footer><\/article><\/div><div data-ajax-id='396' class='grid-entry flex_column isotope-item all_sort no_margin post-entry post-entry-396 grid-entry-overview grid-loop-2 grid-parity-even  merchandise_sort  av_one_fourth  default_av_fullwidth'><article class='main_color inner-entry'  itemscope=\"itemscope\" itemtype=\"https:\/\/schema.org\/CreativeWork\" ><a href=\"https:\/\/www.fandome.nl\/de\/product\/fleece-deken-met-eigen-logo\/\" title='Fleecedecke mit Ihrem eigenen Logo'  data-rel='grid-1' class='grid-image avia-hover-fx'> <img decoding=\"async\" width=\"300\" height=\"281\" src=\"https:\/\/www.fandome.nl\/wp-content\/uploads\/2022\/07\/Deken-3-1-300x281.jpg\" class=\"wp-image-406 avia-img-lazy-loading-not-406 attachment-medium size-medium wp-post-image\" alt=\"Fleece deken met eigen logo\" srcset=\"https:\/\/www.fandome.nl\/wp-content\/uploads\/2022\/07\/Deken-3-1-300x281.jpg 300w, https:\/\/www.fandome.nl\/wp-content\/uploads\/2022\/07\/Deken-3-1-13x12.jpg 13w, https:\/\/www.fandome.nl\/wp-content\/uploads\/2022\/07\/Deken-3-1.jpg 640w\" sizes=\"(max-width: 300px) 100vw, 300px\" \/><\/a><div class='grid-content'><div class='avia-arrow'><\/div><header class=\"entry-content-header\"><h3 class='grid-entry-title entry-title'  itemprop=\"headline\" ><a href='https:\/\/www.fandome.nl\/de\/product\/fleece-deken-met-eigen-logo\/' title='Fleecedecke mit Ihrem eigenen Logo'>Fleecedecke mit Ihrem eigenen Logo<\/a><\/h3><\/header><\/div><footer class=\"entry-footer\"><\/footer><\/article><\/div><div data-ajax-id='283' class='grid-entry flex_column isotope-item all_sort no_margin post-entry post-entry-283 grid-entry-overview grid-loop-3 grid-parity-odd  sjaals_sort  av_one_fourth  default_av_fullwidth'><article class='main_color inner-entry'  itemscope=\"itemscope\" itemtype=\"https:\/\/schema.org\/CreativeWork\" ><a href=\"https:\/\/www.fandome.nl\/de\/product\/geweven-sjaal-high-definition\/\" title='Gewebter Schal &#039;High Definition&#039;'  data-rel='grid-1' class='grid-image avia-hover-fx'> <img decoding=\"async\" width=\"300\" height=\"281\" src=\"https:\/\/www.fandome.nl\/wp-content\/uploads\/2022\/07\/Geweven-sjaal-300x281.jpg\" class=\"wp-image-273 avia-img-lazy-loading-not-273 attachment-medium size-medium wp-post-image\" alt=\"Geweven sjaal\" srcset=\"https:\/\/www.fandome.nl\/wp-content\/uploads\/2022\/07\/Geweven-sjaal-300x281.jpg 300w, https:\/\/www.fandome.nl\/wp-content\/uploads\/2022\/07\/Geweven-sjaal-13x12.jpg 13w, https:\/\/www.fandome.nl\/wp-content\/uploads\/2022\/07\/Geweven-sjaal.jpg 640w\" sizes=\"(max-width: 300px) 100vw, 300px\" \/><\/a><div class='grid-content'><div class='avia-arrow'><\/div><header class=\"entry-content-header\"><h3 class='grid-entry-title entry-title'  itemprop=\"headline\" ><a href='https:\/\/www.fandome.nl\/de\/product\/geweven-sjaal-high-definition\/' title='Gewebter Schal &#039;High Definition&#039;'>Gewebtes Halstuch 'High Definition'<\/a><\/h3><\/header><\/div><footer class=\"entry-footer\"><\/footer><\/article><\/div><div data-ajax-id='457' class='grid-entry flex_column isotope-item all_sort no_margin post-entry post-entry-457 grid-entry-overview grid-loop-4 grid-parity-even  post-entry-last  merchandise_sort  av_one_fourth  default_av_fullwidth'><article class='main_color inner-entry'  itemscope=\"itemscope\" itemtype=\"https:\/\/schema.org\/CreativeWork\" ><a href=\"https:\/\/www.fandome.nl\/de\/product\/nek-band\/\" title='Nackenband'  data-rel='grid-1' class='grid-image avia-hover-fx'> <img decoding=\"async\" width=\"300\" height=\"281\" src=\"https:\/\/www.fandome.nl\/wp-content\/uploads\/2022\/07\/Fandome_Handwarmers_003-1-300x281.jpg\" class=\"wp-image-463 avia-img-lazy-loading-not-463 attachment-medium size-medium wp-post-image\" alt=\"Nek-band\" srcset=\"https:\/\/www.fandome.nl\/wp-content\/uploads\/2022\/07\/Fandome_Handwarmers_003-1-300x281.jpg 300w, https:\/\/www.fandome.nl\/wp-content\/uploads\/2022\/07\/Fandome_Handwarmers_003-1-13x12.jpg 13w, https:\/\/www.fandome.nl\/wp-content\/uploads\/2022\/07\/Fandome_Handwarmers_003-1.jpg 640w\" sizes=\"(max-width: 300px) 100vw, 300px\" \/><\/a><div class='grid-content'><div class='avia-arrow'><\/div><header class=\"entry-content-header\"><h3 class='grid-entry-title entry-title'  itemprop=\"headline\" ><a href='https:\/\/www.fandome.nl\/de\/product\/nek-band\/' title='Nackenband'>Nackenband<\/a><\/h3><\/header><\/div><footer class=\"entry-footer\"><\/footer><\/article><\/div><\/div><\/p><\/div>","protected":false},"excerpt":{"rendered":"","protected":false},"author":1,"featured_media":0,"parent":0,"menu_order":23,"comment_status":"closed","ping_status":"closed","template":"","meta":{"_acf_changed":false,"_monsterinsights_skip_tracking":false,"_monsterinsights_sitenote_active":false,"_monsterinsights_sitenote_note":"","_monsterinsights_sitenote_category":0,"footnotes":""},"class_list":["post-20","page","type-page","status-publish","hentry"],"acf":[],"yoast_head":"<!-- This site is optimized with the Yoast SEO plugin v27.2 - https:\/\/yoast.com\/product\/yoast-seo-wordpress\/ -->\n<title>Referenties - FanDome<\/title>\n<meta name=\"description\" content=\"Fandome BV is de supplier in fan artikels en merchandise en dit hebben wij voor velen al gedaan. Lees hier de referenties\" \/>\n<meta name=\"robots\" content=\"index, follow, max-snippet:-1, max-image-preview:large, max-video-preview:-1\" \/>\n<link rel=\"canonical\" href=\"https:\/\/www.fandome.nl\/de\/referenties\/\" \/>\n<meta property=\"og:locale\" content=\"de_DE\" \/>\n<meta property=\"og:type\" content=\"article\" \/>\n<meta property=\"og:title\" content=\"Referenties - FanDome\" \/>\n<meta property=\"og:description\" content=\"Fandome BV is de supplier in fan artikels en merchandise en dit hebben wij voor velen al gedaan. Lees hier de referenties\" \/>\n<meta property=\"og:url\" content=\"https:\/\/www.fandome.nl\/de\/referenties\/\" \/>\n<meta property=\"og:site_name\" content=\"FanDome\" \/>\n<meta property=\"article:publisher\" content=\"https:\/\/www.facebook.com\/FandomeMerchandising\/?locale=nl_NL\" \/>\n<meta property=\"article:modified_time\" content=\"2023-03-08T13:52:48+00:00\" \/>\n<meta name=\"twitter:card\" content=\"summary_large_image\" \/>\n<meta name=\"twitter:site\" content=\"@FandomeMerchandising\" \/>\n<meta name=\"twitter:label1\" content=\"Gesch\u00e4tzte Lesezeit\" \/>\n\t<meta name=\"twitter:data1\" content=\"4\u00a0Minuten\" \/>\n<script type=\"application\/ld+json\" class=\"yoast-schema-graph\">{\"@context\":\"https:\/\/schema.org\",\"@graph\":[{\"@type\":\"WebPage\",\"@id\":\"https:\/\/www.fandome.nl\/referenties\/\",\"url\":\"https:\/\/www.fandome.nl\/referenties\/\",\"name\":\"Referenties - FanDome\",\"isPartOf\":{\"@id\":\"https:\/\/www.fandome.nl\/#website\"},\"datePublished\":\"2022-06-23T07:02:40+00:00\",\"dateModified\":\"2023-03-08T13:52:48+00:00\",\"description\":\"Fandome BV is de supplier in fan artikels en merchandise en dit hebben wij voor velen al gedaan. Lees hier de referenties\",\"breadcrumb\":{\"@id\":\"https:\/\/www.fandome.nl\/referenties\/#breadcrumb\"},\"inLanguage\":\"de\",\"potentialAction\":[{\"@type\":\"ReadAction\",\"target\":[\"https:\/\/www.fandome.nl\/referenties\/\"]}]},{\"@type\":\"BreadcrumbList\",\"@id\":\"https:\/\/www.fandome.nl\/referenties\/#breadcrumb\",\"itemListElement\":[{\"@type\":\"ListItem\",\"position\":1,\"name\":\"Home\",\"item\":\"https:\/\/www.fandome.nl\/home\/\"},{\"@type\":\"ListItem\",\"position\":2,\"name\":\"Referenties\"}]},{\"@type\":\"WebSite\",\"@id\":\"https:\/\/www.fandome.nl\/#website\",\"url\":\"https:\/\/www.fandome.nl\/\",\"name\":\"FanDome\",\"description\":\"De fanartikelen specialist sinds 2003\",\"publisher\":{\"@id\":\"https:\/\/www.fandome.nl\/#organization\"},\"potentialAction\":[{\"@type\":\"SearchAction\",\"target\":{\"@type\":\"EntryPoint\",\"urlTemplate\":\"https:\/\/www.fandome.nl\/?s={search_term_string}\"},\"query-input\":{\"@type\":\"PropertyValueSpecification\",\"valueRequired\":true,\"valueName\":\"search_term_string\"}}],\"inLanguage\":\"de\"},{\"@type\":\"Organization\",\"@id\":\"https:\/\/www.fandome.nl\/#organization\",\"name\":\"FanDome\",\"url\":\"https:\/\/www.fandome.nl\/\",\"logo\":{\"@type\":\"ImageObject\",\"inLanguage\":\"de\",\"@id\":\"https:\/\/www.fandome.nl\/#\/schema\/logo\/image\/\",\"url\":\"https:\/\/www.fandome.nl\/wp-content\/uploads\/2023\/02\/fandome.png\",\"contentUrl\":\"https:\/\/www.fandome.nl\/wp-content\/uploads\/2023\/02\/fandome.png\",\"width\":518,\"height\":180,\"caption\":\"FanDome\"},\"image\":{\"@id\":\"https:\/\/www.fandome.nl\/#\/schema\/logo\/image\/\"},\"sameAs\":[\"https:\/\/www.facebook.com\/FandomeMerchandising\/?locale=nl_NL\",\"https:\/\/x.com\/FandomeMerchandising\"]}]}<\/script>\n<!-- \/ Yoast SEO plugin. -->","yoast_head_json":{"title":"Referenzen - FanDome","description":"Fandome BV ist der Lieferant von Fanartikeln und Merchandise und wir haben dies f\u00fcr viele getan. Lesen Sie die Referenzen hier","robots":{"index":"index","follow":"follow","max-snippet":"max-snippet:-1","max-image-preview":"max-image-preview:large","max-video-preview":"max-video-preview:-1"},"canonical":"https:\/\/www.fandome.nl\/de\/referenties\/","og_locale":"de_DE","og_type":"article","og_title":"Referenties - FanDome","og_description":"Fandome BV is de supplier in fan artikels en merchandise en dit hebben wij voor velen al gedaan. Lees hier de referenties","og_url":"https:\/\/www.fandome.nl\/de\/referenties\/","og_site_name":"FanDome","article_publisher":"https:\/\/www.facebook.com\/FandomeMerchandising\/?locale=nl_NL","article_modified_time":"2023-03-08T13:52:48+00:00","twitter_card":"summary_large_image","twitter_site":"@FandomeMerchandising","twitter_misc":{"Gesch\u00e4tzte Lesezeit":"4\u00a0Minuten"},"schema":{"@context":"https:\/\/schema.org","@graph":[{"@type":"WebPage","@id":"https:\/\/www.fandome.nl\/referenties\/","url":"https:\/\/www.fandome.nl\/referenties\/","name":"Referenzen - FanDome","isPartOf":{"@id":"https:\/\/www.fandome.nl\/#website"},"datePublished":"2022-06-23T07:02:40+00:00","dateModified":"2023-03-08T13:52:48+00:00","description":"Fandome BV ist der Lieferant von Fanartikeln und Merchandise und wir haben dies f\u00fcr viele getan. Lesen Sie die Referenzen hier","breadcrumb":{"@id":"https:\/\/www.fandome.nl\/referenties\/#breadcrumb"},"inLanguage":"de","potentialAction":[{"@type":"ReadAction","target":["https:\/\/www.fandome.nl\/referenties\/"]}]},{"@type":"BreadcrumbList","@id":"https:\/\/www.fandome.nl\/referenties\/#breadcrumb","itemListElement":[{"@type":"ListItem","position":1,"name":"Home","item":"https:\/\/www.fandome.nl\/home\/"},{"@type":"ListItem","position":2,"name":"Referenties"}]},{"@type":"WebSite","@id":"https:\/\/www.fandome.nl\/#website","url":"https:\/\/www.fandome.nl\/","name":"FanDome","description":"Der Spezialist f\u00fcr Fanartikel seit 2003","publisher":{"@id":"https:\/\/www.fandome.nl\/#organization"},"potentialAction":[{"@type":"SearchAction","target":{"@type":"EntryPoint","urlTemplate":"https:\/\/www.fandome.nl\/?s={search_term_string}"},"query-input":{"@type":"PropertyValueSpecification","valueRequired":true,"valueName":"search_term_string"}}],"inLanguage":"de"},{"@type":"Organization","@id":"https:\/\/www.fandome.nl\/#organization","name":"FanDome","url":"https:\/\/www.fandome.nl\/","logo":{"@type":"ImageObject","inLanguage":"de","@id":"https:\/\/www.fandome.nl\/#\/schema\/logo\/image\/","url":"https:\/\/www.fandome.nl\/wp-content\/uploads\/2023\/02\/fandome.png","contentUrl":"https:\/\/www.fandome.nl\/wp-content\/uploads\/2023\/02\/fandome.png","width":518,"height":180,"caption":"FanDome"},"image":{"@id":"https:\/\/www.fandome.nl\/#\/schema\/logo\/image\/"},"sameAs":["https:\/\/www.facebook.com\/FandomeMerchandising\/?locale=nl_NL","https:\/\/x.com\/FandomeMerchandising"]}]}},"_links":{"self":[{"href":"https:\/\/www.fandome.nl\/de\/wp-json\/wp\/v2\/pages\/20","targetHints":{"allow":["GET"]}}],"collection":[{"href":"https:\/\/www.fandome.nl\/de\/wp-json\/wp\/v2\/pages"}],"about":[{"href":"https:\/\/www.fandome.nl\/de\/wp-json\/wp\/v2\/types\/page"}],"author":[{"embeddable":true,"href":"https:\/\/www.fandome.nl\/de\/wp-json\/wp\/v2\/users\/1"}],"replies":[{"embeddable":true,"href":"https:\/\/www.fandome.nl\/de\/wp-json\/wp\/v2\/comments?post=20"}],"version-history":[{"count":9,"href":"https:\/\/www.fandome.nl\/de\/wp-json\/wp\/v2\/pages\/20\/revisions"}],"predecessor-version":[{"id":1170,"href":"https:\/\/www.fandome.nl\/de\/wp-json\/wp\/v2\/pages\/20\/revisions\/1170"}],"wp:attachment":[{"href":"https:\/\/www.fandome.nl\/de\/wp-json\/wp\/v2\/media?parent=20"}],"curies":[{"name":"wp","href":"https:\/\/api.w.org\/{rel}","templated":true}]}}